{"id":6728,"date":"2017-02-06T01:29:19","date_gmt":"2017-02-06T01:29:19","guid":{"rendered":"https:\/\/torresorthodontics.com\/seguros-y-financiacion\/"},"modified":"2025-05-14T17:01:47","modified_gmt":"2025-05-14T17:01:47","slug":"seguros-y-financiacion","status":"publish","type":"page","link":"https:\/\/torresorthodontics.com\/es\/seguros-y-financiacion\/","title":{"rendered":"Seguros y Financiaci\u00f3n"},"content":{"rendered":"\t\t<div data-elementor-type=\"wp-page\" data-elementor-id=\"6728\" class=\"elementor elementor-6728 elementor-26\" data-elementor-post-type=\"page\">\n\t\t\t\t\t\t<section data-particle_enable=\"false\" data-particle-mobile-disabled=\"false\" class=\"elementor-section elementor-top-section elementor-element elementor-element-40f81338 elementor-section-boxed elementor-section-height-default elementor-section-height-default\" data-id=\"40f81338\" data-element_type=\"section\" data-e-type=\"section\">\n\t\t\t\t\t\t<div class=\"elementor-container elementor-column-gap-default\">\n\t\t\t\t\t<div class=\"elementor-column elementor-col-100 elementor-top-column elementor-element elementor-element-309aeccf\" data-id=\"309aeccf\" data-element_type=\"column\" data-e-type=\"column\">\n\t\t\t<div class=\"elementor-widget-wrap elementor-element-populated\">\n\t\t\t\t\t\t<div class=\"elementor-element elementor-element-376fec3f elementor-widget elementor-widget-text-editor\" data-id=\"376fec3f\" data-element_type=\"widget\" data-e-type=\"widget\" data-widget_type=\"text-editor.default\">\n\t\t\t\t<div class=\"elementor-widget-container\">\n\t\t\t\t\t\t\t\t\t<p>Nuestro compromiso en Torres Orthodontics es hacer que el tratamiento de ortodoncia sea accesible y econ\u00f3mico para todos. <a href=\"https:\/\/torresorthodontics.com\/doctors\/meet-dr-torres\/\">El Dr. Rodney<\/a> Torres ofrece una serie de opciones de pago adaptadas a tus necesidades:<\/p><ul><li><strong>Descuento por pago completo<\/strong>: Benef\u00edciate del ahorro con nuestro descuento por pago completo.<\/li><li><strong>Financiaci\u00f3n sin intereses<\/strong>: Disfruta de pagos iniciales bajos y cuotas mensuales econ\u00f3micas.<\/li><li>Descuento para <strong>miembros familiares<\/strong>: Ahorro adicional cuando varios miembros de la familia reciben tratamiento.<\/li><li> <strong>Seguros: <\/strong>Aceptamos la mayor\u00eda de los PPO y, dependiendo de la gravedad de los casos, tambi\u00e9n aceptamos Medicaid.<\/li><\/ul><p>El Dr. Torres ofrece opciones de giro autom\u00e1tico desde cuentas corrientes o tarjetas de cr\u00e9dito para mayor comodidad.<\/p><h3>Qu\u00e9 incluye la tarifa de tu tratamiento:<\/h3><ul><li>Historiales completos y radiograf\u00edas<\/li><li>Todos los aparatos de ortodoncia<\/li><li>Todas las visitas de ortodoncia, incluidas las urgencias<\/li><li>Un conjunto de <a href=\"https:\/\/torresorthodontics.com\/es\/retenedores-de-ortodoncia\/\">retenedores<\/a><\/li><\/ul><p>Durante tu consulta de ortodoncia gratuita, hablaremos de todos los honorarios del tratamiento y revisaremos las opciones financieras disponibles para garantizar una ortodoncia de alta calidad que se ajuste a tu presupuesto.<\/p><p><em><strong>Ponte en contacto con Torres Orthodontics hoy mismo para programar tu consulta y dar el primer paso hacia una sonrisa segura.<\/strong><\/em><\/p>\t\t\t\t\t\t\t\t<\/div>\n\t\t\t\t<\/div>\n\t\t\t\t\t<\/div>\n\t\t<\/div>\n\t\t\t\t\t<\/div>\n\t\t<\/section>\n\t\t\t\t<\/div>\n\t\t","protected":false},"excerpt":{"rendered":"<p>Nuestro compromiso en Torres Orthodontics es hacer que el tratamiento de ortodoncia sea accesible y econ\u00f3mico para todos. El Dr. Rodney Torres ofrece una serie de opciones de pago adaptadas a tus necesidades: Descuento por pago completo: Benef\u00edciate del ahorro con nuestro descuento por pago completo. Financiaci\u00f3n sin intereses: Disfruta de pagos iniciales bajos y cuotas mensuales econ\u00f3micas. [&hellip;]<\/p>\n","protected":false},"author":2,"featured_media":0,"parent":0,"menu_order":44,"comment_status":"closed","ping_status":"closed","template":"","meta":{"_seopress_robots_primary_cat":"","_seopress_titles_title":"Financing Braces Invisalign | Torres Orthodontics Tampa Miami Lakes FL","_seopress_titles_desc":"Multiple financing and Insurance options are available at Torres Orthodontics for affordable orthodontic care in Tampa and Miami Lakes, FL.","_seopress_robots_index":"","footnotes":""},"class_list":["post-6728","page","type-page","status-publish"],"_links":{"self":[{"href":"https:\/\/torresorthodontics.com\/es\/wp-json\/wp\/v2\/pages\/6728","targetHints":{"allow":["GET"]}}],"collection":[{"href":"https:\/\/torresorthodontics.com\/es\/wp-json\/wp\/v2\/pages"}],"about":[{"href":"https:\/\/torresorthodontics.com\/es\/wp-json\/wp\/v2\/types\/page"}],"author":[{"embeddable":true,"href":"https:\/\/torresorthodontics.com\/es\/wp-json\/wp\/v2\/users\/2"}],"replies":[{"embeddable":true,"href":"https:\/\/torresorthodontics.com\/es\/wp-json\/wp\/v2\/comments?post=6728"}],"version-history":[{"count":6,"href":"https:\/\/torresorthodontics.com\/es\/wp-json\/wp\/v2\/pages\/6728\/revisions"}],"predecessor-version":[{"id":8423,"href":"https:\/\/torresorthodontics.com\/es\/wp-json\/wp\/v2\/pages\/6728\/revisions\/8423"}],"wp:attachment":[{"href":"https:\/\/torresorthodontics.com\/es\/wp-json\/wp\/v2\/media?parent=6728"}],"curies":[{"name":"wp","href":"https:\/\/api.w.org\/{rel}","templated":true}]}}