{"id":6731,"date":"2017-02-13T10:54:53","date_gmt":"2017-02-13T10:54:53","guid":{"rendered":"https:\/\/torresorthodontics.com\/politica-antispam\/"},"modified":"2025-05-22T20:46:29","modified_gmt":"2025-05-22T20:46:29","slug":"politica-antispam","status":"publish","type":"page","link":"https:\/\/torresorthodontics.com\/es\/politica-antispam\/","title":{"rendered":"Pol\u00edtica Antispam"},"content":{"rendered":"\t\t<div data-elementor-type=\"wp-page\" data-elementor-id=\"6731\" class=\"elementor elementor-6731 elementor-1475\" data-elementor-post-type=\"page\">\n\t\t\t\t\t\t<section data-particle_enable=\"false\" data-particle-mobile-disabled=\"false\" class=\"elementor-section elementor-top-section elementor-element elementor-element-639dcf57 elementor-section-boxed elementor-section-height-default elementor-section-height-default\" data-id=\"639dcf57\" data-element_type=\"section\" data-e-type=\"section\">\n\t\t\t\t\t\t<div class=\"elementor-container elementor-column-gap-default\">\n\t\t\t\t\t<div class=\"elementor-column elementor-col-100 elementor-top-column elementor-element elementor-element-682d3ca4\" data-id=\"682d3ca4\" data-element_type=\"column\" data-e-type=\"column\">\n\t\t\t<div class=\"elementor-widget-wrap elementor-element-populated\">\n\t\t\t\t\t\t<div class=\"elementor-element elementor-element-5d01f6be elementor-widget elementor-widget-text-editor\" data-id=\"5d01f6be\" data-element_type=\"widget\" data-e-type=\"widget\" data-widget_type=\"text-editor.default\">\n\t\t\t\t<div class=\"elementor-widget-container\">\n\t\t\t\t\t\t\t\t\t<h2>\u00bfQu\u00e9 es el spam?<\/h2><p>La mayor\u00eda de las veces se considera spam el correo electr\u00f3nico basura o las publicaciones basura en grupos de noticias. Algunas personas definen el spam de forma a\u00fan m\u00e1s general como cualquier correo electr\u00f3nico no solicitado. Sin embargo, si un hermano perdido hace tiempo encuentra tu direcci\u00f3n de correo electr\u00f3nico y te env\u00eda un mensaje, dif\u00edcilmente podr\u00eda llamarse spam, aunque sea no solicitado. El verdadero spam suele ser publicidad por correo electr\u00f3nico de alg\u00fan producto enviado a una lista de correo o a un grupo de noticias. Adem\u00e1s de hacer perder el tiempo a la gente con correo electr\u00f3nico no deseado, el spam tambi\u00e9n consume mucho ancho de banda de la red.    <\/p><p>En consecuencia, hay muchas organizaciones, as\u00ed como particulares, que se han propuesto luchar contra el spam con diversas t\u00e9cnicas. Pero como Internet es p\u00fablico, realmente es poco lo que se puede hacer para evitar el spam, del mismo modo que es imposible evitar el correo basura. Sin embargo, algunos servicios en l\u00ednea han instituido pol\u00edticas para impedir que los spammers env\u00eden correo basura a sus abonados.  <\/p><p>Nuestra consulta tiene una pol\u00edtica de tolerancia cero contra el spam.<\/p><h2>Recepci\u00f3n de mensajes no deseados<\/h2><p>En el improbable caso de que recibas alg\u00fan mensaje de nuestra consulta que pueda considerarse spam, ponte en contacto con nosotros utilizando los datos que figuran a continuaci\u00f3n y se investigar\u00e1 el asunto.<\/p><h2>Cambios en esta pol\u00edtica anti-spam<\/h2><p>Nuestra pr\u00e1ctica puede cambiar esta pol\u00edtica anti-spam en cualquier momento publicando una nueva versi\u00f3n en este sitio web.<\/p><p>Recurso Spam de Al Iverson<\/p><p>T\u00e9cnicas antispam &#8211; Wikipedia<\/p><p>Si tienes alguna pregunta sobre esta pol\u00edtica anti-spam, ponte en contacto con nosotros utilizando los datos que se indican a continuaci\u00f3n:<\/p>\t\t\t\t\t\t\t\t<\/div>\n\t\t\t\t<\/div>\n\t\t\t\t\t<\/div>\n\t\t<\/div>\n\t\t\t\t\t<\/div>\n\t\t<\/section>\n\t\t<div data-particle_enable=\"false\" data-particle-mobile-disabled=\"false\" class=\"elementor-element elementor-element-ba52706 e-flex e-con-boxed e-con e-parent\" data-id=\"ba52706\" data-element_type=\"container\" data-e-type=\"container\">\n\t\t\t\t\t<div class=\"e-con-inner\">\n\t\t<div data-particle_enable=\"false\" data-particle-mobile-disabled=\"false\" class=\"elementor-element elementor-element-5e3d601 e-flex e-con-boxed e-con e-child\" data-id=\"5e3d601\" data-element_type=\"container\" data-e-type=\"container\">\n\t\t\t\t\t<div class=\"e-con-inner\">\n\t\t<div data-particle_enable=\"false\" data-particle-mobile-disabled=\"false\" class=\"elementor-element elementor-element-b493e2f e-grid e-con-boxed e-con e-child\" data-id=\"b493e2f\" data-element_type=\"container\" data-e-type=\"container\">\n\t\t\t\t\t<div class=\"e-con-inner\">\n\t\t\t\t<div class=\"elementor-element elementor-element-7f5bf92 elementor-widget elementor-widget-text-editor\" data-id=\"7f5bf92\" data-element_type=\"widget\" data-e-type=\"widget\" data-widget_type=\"text-editor.default\">\n\t\t\t\t<div class=\"elementor-widget-container\">\n\t\t\t\t\t\t\t\t\t<div class=\"elementor-element elementor-element-52d2702 elementor-widget elementor-widget-heading\" data-id=\"52d2702\" data-element_type=\"widget\" data-widget_type=\"heading.default\"><div class=\"elementor-widget-container\"><h4 class=\"elementor-heading-title elementor-size-default\">Oficina de Tampa<br><br><\/h4><ul><li class=\"elementor-heading-title elementor-size-default\">10870 Sheldon Road, Tampa, FL 33626<\/li><li class=\"elementor-heading-title elementor-size-default\">(813) 920-7720<\/li><\/ul><\/div><\/div><div class=\"elementor-element elementor-element-661f928 elementor-list-item-link-inline elementor-align-center elementor-icon-list--layout-traditional elementor-widget elementor-widget-icon-list\" data-id=\"661f928\" data-element_type=\"widget\" data-widget_type=\"icon-list.default\"><div class=\"elementor-widget-container\"> <\/div><\/div>\t\t\t\t\t\t\t\t<\/div>\n\t\t\t\t<\/div>\n\t\t\t\t<div class=\"elementor-element elementor-element-a64a14d elementor-widget elementor-widget-text-editor\" data-id=\"a64a14d\" data-element_type=\"widget\" data-e-type=\"widget\" data-widget_type=\"text-editor.default\">\n\t\t\t\t<div class=\"elementor-widget-container\">\n\t\t\t\t\t\t\t\t\t<div class=\"elementor-element elementor-element-4582d90 elementor-widget elementor-widget-heading\" data-id=\"4582d90\" data-element_type=\"widget\" data-widget_type=\"heading.default\"><div class=\"elementor-widget-container\"><h4 class=\"elementor-heading-title elementor-size-default\">Oficina de Miami Lakes<br><br><\/h4><ul><li class=\"elementor-heading-title elementor-size-default\">16010 NW 57th Ave Suite 106, Miami Lakes, FL 33014<\/li><li class=\"elementor-heading-title elementor-size-default\">(786) 319-9057<\/li><\/ul><\/div><\/div>\t\t\t\t\t\t\t\t<\/div>\n\t\t\t\t<\/div>\n\t\t\t\t<div class=\"elementor-element elementor-element-2c85f3e elementor-widget elementor-widget-text-editor\" data-id=\"2c85f3e\" data-element_type=\"widget\" data-e-type=\"widget\" data-widget_type=\"text-editor.default\">\n\t\t\t\t<div class=\"elementor-widget-container\">\n\t\t\t\t\t\t\t\t\t<div class=\"elementor-element elementor-element-61d9b49 elementor-widget elementor-widget-heading\" data-id=\"61d9b49\" data-element_type=\"widget\" data-widget_type=\"heading.default\"><div class=\"elementor-widget-container\"><h4 class=\"elementor-heading-title elementor-size-default\">Oficina de Boca Raton<br><br><\/h4><ul><li class=\"elementor-heading-title elementor-size-default\">1590 NW 10th Ave #302, Boca Rat\u00f3n, FL 33486<\/li><li class=\"elementor-heading-title elementor-size-default\">(561) 477-8100<\/li><\/ul><\/div><\/div>\t\t\t\t\t\t\t\t<\/div>\n\t\t\t\t<\/div>\n\t\t\t\t\t<\/div>\n\t\t\t\t<\/div>\n\t\t\t\t\t<\/div>\n\t\t\t\t<\/div>\n\t\t\t\t\t<\/div>\n\t\t\t\t<\/div>\n\t\t\t\t<\/div>\n\t\t","protected":false},"excerpt":{"rendered":"<p>\u00bfQu\u00e9 es el spam? La mayor\u00eda de las veces se considera spam el correo electr\u00f3nico basura o las publicaciones basura en grupos de noticias. Algunas personas definen el spam de forma a\u00fan m\u00e1s general como cualquier correo electr\u00f3nico no solicitado. Sin embargo, si un hermano perdido hace tiempo encuentra tu direcci\u00f3n de correo electr\u00f3nico y te env\u00eda un [&hellip;]<\/p>\n","protected":false},"author":2,"featured_media":0,"parent":0,"menu_order":95,"comment_status":"closed","ping_status":"closed","template":"","meta":{"_seopress_robots_primary_cat":"","_seopress_titles_title":"Pol\u00edtica Anti Spam en Torres Ortodoncia en Tampa Miami Lakes FL","_seopress_titles_desc":"Torres Orthodontics tiene tolerancia cero con el spam en Tampa y Miami Lakes, FL.","_seopress_robots_index":"","footnotes":""},"class_list":["post-6731","page","type-page","status-publish"],"_links":{"self":[{"href":"https:\/\/torresorthodontics.com\/es\/wp-json\/wp\/v2\/pages\/6731","targetHints":{"allow":["GET"]}}],"collection":[{"href":"https:\/\/torresorthodontics.com\/es\/wp-json\/wp\/v2\/pages"}],"about":[{"href":"https:\/\/torresorthodontics.com\/es\/wp-json\/wp\/v2\/types\/page"}],"author":[{"embeddable":true,"href":"https:\/\/torresorthodontics.com\/es\/wp-json\/wp\/v2\/users\/2"}],"replies":[{"embeddable":true,"href":"https:\/\/torresorthodontics.com\/es\/wp-json\/wp\/v2\/comments?post=6731"}],"version-history":[{"count":4,"href":"https:\/\/torresorthodontics.com\/es\/wp-json\/wp\/v2\/pages\/6731\/revisions"}],"predecessor-version":[{"id":8538,"href":"https:\/\/torresorthodontics.com\/es\/wp-json\/wp\/v2\/pages\/6731\/revisions\/8538"}],"wp:attachment":[{"href":"https:\/\/torresorthodontics.com\/es\/wp-json\/wp\/v2\/media?parent=6731"}],"curies":[{"name":"wp","href":"https:\/\/api.w.org\/{rel}","templated":true}]}}