{"id":6733,"date":"2017-02-06T01:35:10","date_gmt":"2017-02-06T01:35:10","guid":{"rendered":"https:\/\/torresorthodontics.com\/retenedores-de-ortodoncia\/"},"modified":"2025-05-20T17:27:11","modified_gmt":"2025-05-20T17:27:11","slug":"retenedores-de-ortodoncia","status":"publish","type":"page","link":"https:\/\/torresorthodontics.com\/es\/retenedores-de-ortodoncia\/","title":{"rendered":"Retenedores de Ortodoncia"},"content":{"rendered":"\t\t<div data-elementor-type=\"wp-page\" data-elementor-id=\"6733\" class=\"elementor elementor-6733 elementor-42\" data-elementor-post-type=\"page\">\n\t\t\t\t\t\t<section data-particle_enable=\"false\" data-particle-mobile-disabled=\"false\" class=\"elementor-section elementor-top-section elementor-element elementor-element-64a401e1 elementor-section-boxed elementor-section-height-default elementor-section-height-default\" data-id=\"64a401e1\" data-element_type=\"section\" data-e-type=\"section\">\n\t\t\t\t\t\t<div class=\"elementor-container elementor-column-gap-default\">\n\t\t\t\t\t<div class=\"elementor-column elementor-col-100 elementor-top-column elementor-element elementor-element-6fe7d140\" data-id=\"6fe7d140\" data-element_type=\"column\" data-e-type=\"column\">\n\t\t\t<div class=\"elementor-widget-wrap elementor-element-populated\">\n\t\t\t\t\t\t<div class=\"elementor-element elementor-element-1d4493af elementor-widget elementor-widget-text-editor\" data-id=\"1d4493af\" data-element_type=\"widget\" data-e-type=\"widget\" data-widget_type=\"text-editor.default\">\n\t\t\t\t<div class=\"elementor-widget-container\">\n\t\t\t\t\t\t\t\t\t<p>Si llevas los retenedores con diligencia, los beneficios del tratamiento de ortodoncia pueden durar toda la vida. En Torres Orthodontics, insistimos en la importancia del uso de retenedores para garantizar que tu sonrisa permanezca bella y recta durante a\u00f1os. A continuaci\u00f3n te indicamos las principales responsabilidades y pautas para el cuidado postratamiento.  <\/p><h2>Responsabilidades del Paciente Tras el Tratamiento<\/h2><p>Una vez retirados los aparatos de ortodoncia activos, recibir\u00e1s retenedores para estabilizar tu correcci\u00f3n dental. El hueso y los tejidos blandos que rodean los dientes tardar\u00e1n varios meses en solidificarse, por lo que es crucial que lleves los retenedores siguiendo las instrucciones. <\/p><p>No llevarlos puede provocar un movimiento indeseable de los dientes, que puede requerir un nuevo tratamiento.<\/p>\t\t\t\t\t\t\t\t<\/div>\n\t\t\t\t<\/div>\n\t\t\t\t\t<\/div>\n\t\t<\/div>\n\t\t\t\t\t<\/div>\n\t\t<\/section>\n\t\t\t\t<section data-particle_enable=\"false\" data-particle-mobile-disabled=\"false\" class=\"elementor-section elementor-top-section elementor-element elementor-element-39e2927 elementor-section-boxed elementor-section-height-default elementor-section-height-default\" data-id=\"39e2927\" data-element_type=\"section\" data-e-type=\"section\">\n\t\t\t\t\t\t<div class=\"elementor-container elementor-column-gap-default\">\n\t\t\t\t\t<div class=\"elementor-column elementor-col-100 elementor-top-column elementor-element elementor-element-0828f75\" data-id=\"0828f75\" data-element_type=\"column\" data-e-type=\"column\">\n\t\t\t<div class=\"elementor-widget-wrap elementor-element-populated\">\n\t\t\t\t\t\t<div class=\"elementor-element elementor-element-c6f48ab elementor-widget elementor-widget-video\" data-id=\"c6f48ab\" data-element_type=\"widget\" data-e-type=\"widget\" data-settings=\"{&quot;youtube_url&quot;:&quot;https:\\\/\\\/youtu.be\\\/5pl9vUFL6ZU&quot;,&quot;show_image_overlay&quot;:&quot;yes&quot;,&quot;image_overlay&quot;:{&quot;url&quot;:&quot;https:\\\/\\\/torresorthodontics.com\\\/wp-content\\\/uploads\\\/2018\\\/11\\\/AAO-Retainers.jpg&quot;,&quot;id&quot;:2938,&quot;size&quot;:&quot;&quot;,&quot;alt&quot;:&quot;&quot;,&quot;source&quot;:&quot;library&quot;},&quot;video_type&quot;:&quot;youtube&quot;,&quot;controls&quot;:&quot;yes&quot;}\" data-widget_type=\"video.default\">\n\t\t\t\t<div class=\"elementor-widget-container\">\n\t\t\t\t\t\t\t<div class=\"elementor-wrapper elementor-open-inline\">\n\t\t\t<div class=\"elementor-video\"><\/div>\t\t\t\t<div class=\"elementor-custom-embed-image-overlay\" style=\"background-image: url(https:\/\/torresorthodontics.com\/wp-content\/uploads\/2018\/11\/aao-retainers.jpg);\">\n\t\t\t\t\t\t\t\t\t\t\t\t\t\t<\/div>\n\t\t\t\t\t<\/div>\n\t\t\t\t\t\t<\/div>\n\t\t\t\t<\/div>\n\t\t\t\t\t<\/div>\n\t\t<\/div>\n\t\t\t\t\t<\/div>\n\t\t<\/section>\n\t\t\t\t<section data-particle_enable=\"false\" data-particle-mobile-disabled=\"false\" class=\"elementor-section elementor-top-section elementor-element elementor-element-0f2000d elementor-section-boxed elementor-section-height-default elementor-section-height-default\" data-id=\"0f2000d\" data-element_type=\"section\" data-e-type=\"section\">\n\t\t\t\t\t\t<div class=\"elementor-container elementor-column-gap-default\">\n\t\t\t\t\t<div class=\"elementor-column elementor-col-100 elementor-top-column elementor-element elementor-element-adc445c\" data-id=\"adc445c\" data-element_type=\"column\" data-e-type=\"column\">\n\t\t\t<div class=\"elementor-widget-wrap elementor-element-populated\">\n\t\t\t\t\t\t<div class=\"elementor-element elementor-element-1e195da elementor-widget elementor-widget-text-editor\" data-id=\"1e195da\" data-element_type=\"widget\" data-e-type=\"widget\" data-widget_type=\"text-editor.default\">\n\t\t\t\t<div class=\"elementor-widget-container\">\n\t\t\t\t\t\t\t\t\t<h2><strong>Tipos de Retenedores de Ortodoncia<\/strong><\/h2><h3>Retenedores Removibles<\/h3><p>Como los dientes pueden desplazarse con el tiempo, aconsejamos llevar retenedores indefinidamente. Al principio, lo mejor es llevar los retenedores el mayor tiempo posible durante el primer a\u00f1o tras la retirada de los aparatos. Despu\u00e9s, puedes pasar a llevarlos s\u00f3lo por la noche.  <\/p><p>Es importante que te sometas a revisiones peri\u00f3dicas cada seis a nueve meses para controlar tus progresos y recibir las recomendaciones necesarias. A medida que envejezcas, llevar el retenedor una noche a la semana te ayudar\u00e1 a mantener tu sonrisa. <\/p>\t\t\t\t\t\t\t\t<\/div>\n\t\t\t\t<\/div>\n\t\t\t\t<section data-particle_enable=\"false\" data-particle-mobile-disabled=\"false\" class=\"elementor-section elementor-inner-section elementor-element elementor-element-2f437c8 elementor-section-boxed elementor-section-height-default elementor-section-height-default\" data-id=\"2f437c8\" data-element_type=\"section\" data-e-type=\"section\">\n\t\t\t\t\t\t<div class=\"elementor-container elementor-column-gap-default\">\n\t\t\t\t\t<div class=\"elementor-column elementor-col-50 elementor-inner-column elementor-element elementor-element-53a8473\" data-id=\"53a8473\" data-element_type=\"column\" data-e-type=\"column\">\n\t\t\t<div class=\"elementor-widget-wrap elementor-element-populated\">\n\t\t\t\t\t\t<div class=\"elementor-element elementor-element-18adb2c elementor-widget elementor-widget-heading\" data-id=\"18adb2c\" data-element_type=\"widget\" data-e-type=\"widget\" data-widget_type=\"heading.default\">\n\t\t\t\t<div class=\"elementor-widget-container\">\n\t\t\t\t\t<h4 class=\"elementor-heading-title elementor-size-default\">Retenedor Hawley<\/h4>\t\t\t\t<\/div>\n\t\t\t\t<\/div>\n\t\t\t\t<div class=\"elementor-element elementor-element-8215de6 elementor-widget elementor-widget-text-editor\" data-id=\"8215de6\" data-element_type=\"widget\" data-e-type=\"widget\" data-widget_type=\"text-editor.default\">\n\t\t\t\t<div class=\"elementor-widget-container\">\n\t\t\t\t\t\t\t\t\t<p data-pm-slice=\"1 1 []\">Retenedor tradicional fabricado con alambres acr\u00edlicos y de acero inoxidable.<\/p><p data-pm-slice=\"1 1 []\"><picture class=\"aligncenter size-full wp-image-4568\"><source srcset=\"https:\/\/alexander.klsite.dev\/wp-content\/uploads\/2023\/02\/hawley-retainer-white-background-600px.jpg.webp 600w, https:\/\/alexander.klsite.dev\/wp-content\/uploads\/2023\/02\/hawley-retainer-white-background-600px-300x152.jpg.webp 300w\" type=\"image\/webp\" sizes=\"(max-width: 600px) 100vw, 600px\"><\/source><\/picture><\/p>\t\t\t\t\t\t\t\t<\/div>\n\t\t\t\t<\/div>\n\t\t\t\t<div class=\"elementor-element elementor-element-524f94a elementor-widget elementor-widget-image\" data-id=\"524f94a\" data-element_type=\"widget\" data-e-type=\"widget\" data-widget_type=\"image.default\">\n\t\t\t\t<div class=\"elementor-widget-container\">\n\t\t\t\t\t\t\t\t\t\t\t\t\t\t\t<img decoding=\"async\" src=\"https:\/\/torresorthodontics.com\/wp-content\/uploads\/2023\/03\/hawley-retainer-white-background-600px.jpg\" title=\"\" alt=\"\" loading=\"lazy\" \/>\t\t\t\t\t\t\t\t\t\t\t\t\t\t\t<\/div>\n\t\t\t\t<\/div>\n\t\t\t\t\t<\/div>\n\t\t<\/div>\n\t\t\t\t<div class=\"elementor-column elementor-col-50 elementor-inner-column elementor-element elementor-element-ffc3d05\" data-id=\"ffc3d05\" data-element_type=\"column\" data-e-type=\"column\">\n\t\t\t<div class=\"elementor-widget-wrap elementor-element-populated\">\n\t\t\t\t\t\t<div class=\"elementor-element elementor-element-ece7588 elementor-widget elementor-widget-heading\" data-id=\"ece7588\" data-element_type=\"widget\" data-e-type=\"widget\" data-widget_type=\"heading.default\">\n\t\t\t\t<div class=\"elementor-widget-container\">\n\t\t\t\t\t<h4 class=\"elementor-heading-title elementor-size-default\">Retenedor Transparente<\/h4>\t\t\t\t<\/div>\n\t\t\t\t<\/div>\n\t\t\t\t<div class=\"elementor-element elementor-element-a1834f6 elementor-widget elementor-widget-text-editor\" data-id=\"a1834f6\" data-element_type=\"widget\" data-e-type=\"widget\" data-widget_type=\"text-editor.default\">\n\t\t\t\t<div class=\"elementor-widget-container\">\n\t\t\t\t\t\t\t\t\t<p>De pl\u00e1stico transparente, parecido a los alineadores transparentes.<\/p><p data-pm-slice=\"1 1 []\"><picture class=\"aligncenter size-full wp-image-4568\"><source srcset=\"https:\/\/alexander.klsite.dev\/wp-content\/uploads\/2023\/02\/hawley-retainer-white-background-600px.jpg.webp 600w, https:\/\/alexander.klsite.dev\/wp-content\/uploads\/2023\/02\/hawley-retainer-white-background-600px-300x152.jpg.webp 300w\" type=\"image\/webp\" sizes=\"(max-width: 600px) 100vw, 600px\"><\/source><\/picture><\/p>\t\t\t\t\t\t\t\t<\/div>\n\t\t\t\t<\/div>\n\t\t\t\t<div class=\"elementor-element elementor-element-54a5963 elementor-widget elementor-widget-image\" data-id=\"54a5963\" data-element_type=\"widget\" data-e-type=\"widget\" data-widget_type=\"image.default\">\n\t\t\t\t<div class=\"elementor-widget-container\">\n\t\t\t\t\t\t\t\t\t\t\t\t\t\t\t<img fetchpriority=\"high\" decoding=\"async\" width=\"600\" height=\"303\" src=\"https:\/\/torresorthodontics.com\/wp-content\/uploads\/2023\/03\/istock-1210031986-clear-retainer-essix-vivera-600px.jpg\" class=\"attachment-large size-large wp-image-6604\" alt=\"\" srcset=\"https:\/\/torresorthodontics.com\/wp-content\/uploads\/2023\/03\/istock-1210031986-clear-retainer-essix-vivera-600px.jpg 600w, https:\/\/torresorthodontics.com\/wp-content\/uploads\/2023\/03\/istock-1210031986-clear-retainer-essix-vivera-600px-300x152.jpg 300w\" sizes=\"(max-width: 600px) 100vw, 600px\" \/>\t\t\t\t\t\t\t\t\t\t\t\t\t\t\t<\/div>\n\t\t\t\t<\/div>\n\t\t\t\t\t<\/div>\n\t\t<\/div>\n\t\t\t\t\t<\/div>\n\t\t<\/section>\n\t\t\t\t<div class=\"elementor-element elementor-element-b2f95a2 elementor-widget elementor-widget-text-editor\" data-id=\"b2f95a2\" data-element_type=\"widget\" data-e-type=\"widget\" data-widget_type=\"text-editor.default\">\n\t\t\t\t<div class=\"elementor-widget-container\">\n\t\t\t\t\t\t\t\t\t<h2>Retenedores Fijos (alambre adherido)<\/h2><p>Un retenedor fijo es un alambre adherido a tus dientes para mantenerlos en su sitio de forma permanente. Este alambre debe permanecer puesto indefinidamente, a menos que tu dentista te aconseje lo contrario por problemas de enc\u00edas o hueso. Si se retira, debe sustituirse por un retenedor removible, que se lleva seg\u00fan lo prescrito. Es esencial un control regular durante las revisiones dentales.   <\/p><p><img decoding=\"async\" class=\"size-medium wp-image-4236 aligncenter\" src=\"https:\/\/torresorthodontics.com\/wp-content\/uploads\/2023\/03\/istock-1204178247-fixed-retainer-600x400-1-300x200.jpg\" alt=\"\" width=\"300\" height=\"200\" srcset=\"https:\/\/torresorthodontics.com\/wp-content\/uploads\/2023\/03\/istock-1204178247-fixed-retainer-600x400-1-300x200.jpg 300w, https:\/\/torresorthodontics.com\/wp-content\/uploads\/2023\/03\/istock-1204178247-fixed-retainer-600x400-1.jpg 600w\" sizes=\"(max-width: 300px) 100vw, 300px\" \/><\/p><h2><br>C\u00f3mo Cuidar los Retenedores Removibles<\/h2><ul><li><strong>Limpieza:<\/strong> Limpia tu retenedor antes y despu\u00e9s de usarlo. La placa tiende a adherirse al material poroso, as\u00ed que fr\u00f3talo suavemente con un cepillo de dientes y jab\u00f3n l\u00edquido suave. Las soluciones de limpieza de dentaduras postizas como Efferdent tambi\u00e9n pueden ayudar a eliminar la placa y el sarro. Acl\u00e1rala bien despu\u00e9s de limpiarla.   <\/li><li><strong>Sensibilidad al calor:<\/strong> Mant\u00e9n los retenedores alejados de calefactores, lavavajillas, salpicaderos de coche o cualquier lugar donde las temperaturas superen los 115 grados Fahrenheit.<\/li><li><strong>Almacenamiento adecuado:<\/strong> Guarda siempre tu retenedor en su estuche cuando no lo utilices.<\/li><li><strong>Seguridad de las mascotas:<\/strong> Mant\u00e9n los retenedores alejados de las mascotas, ya que podr\u00edan morderlos.<\/li><li><strong>Sustituci\u00f3n:<\/strong> Los retenedores necesitan sustituirse peri\u00f3dicamente debido al desgaste. Tu contrato de tratamiento incluye un juego de retenedores tras la retirada de los aparatos. Los retenedores perdidos o da\u00f1ados por negligencia tendr\u00e1n un coste de reposici\u00f3n. Ponte en contacto con nuestra consulta inmediatamente si tus retenedores se aflojan o se rompen.   <\/li><\/ul><h3>H\u00e1bitos o Condiciones que Requieren una Retenci\u00f3n M\u00e1s Fuerte<\/h3><ul><li>Respiraci\u00f3n bucal<\/li><li>Apretar y\/o rechinar los dientes (hiperactividad muscular)<\/li><li>Empuje lingual, postura lingual baja o postura lingual anormal<\/li><li>Tocar un instrumento musical con una ca\u00f1a<\/li><li>Chuparse los labios<\/li><li>Morder bol\u00edgrafos o l\u00e1pices<\/li><li>Espacio entre los dientes antes del tratamiento<\/li><li>Dientes muy rotados<\/li><\/ul><p><em><strong>Nuestro objetivo es mantener tu sonrisa bella y sana durante toda la vida, y tu colaboraci\u00f3n es crucial para conseguirlo.<\/strong><\/em><\/p>\t\t\t\t\t\t\t\t<\/div>\n\t\t\t\t<\/div>\n\t\t\t\t\t<\/div>\n\t\t<\/div>\n\t\t\t\t\t<\/div>\n\t\t<\/section>\n\t\t\t\t<\/div>\n\t\t","protected":false},"excerpt":{"rendered":"<p>Si llevas los retenedores con diligencia, los beneficios del tratamiento de ortodoncia pueden durar toda la vida. En Torres Orthodontics, insistimos en la importancia del uso de retenedores para garantizar que tu sonrisa permanezca bella y recta durante a\u00f1os. A continuaci\u00f3n te indicamos las principales responsabilidades y pautas para el cuidado postratamiento. Responsabilidades del Paciente Tras el Tratamiento [&hellip;]<\/p>\n","protected":false},"author":2,"featured_media":0,"parent":0,"menu_order":74,"comment_status":"closed","ping_status":"closed","template":"","meta":{"_seopress_robots_primary_cat":"","_seopress_titles_title":"Retenedores Ortodoncia Tampa Miami Lakes FL | Torres Ortodoncia","_seopress_titles_desc":"Los retenedores de ortodoncia estabilizan el tratamiento ortod\u00f3ncico despu\u00e9s del tratamiento en Torres Orthodontics en Tampa y Miami Lakes, FL.","_seopress_robots_index":"","footnotes":""},"class_list":["post-6733","page","type-page","status-publish"],"_links":{"self":[{"href":"https:\/\/torresorthodontics.com\/es\/wp-json\/wp\/v2\/pages\/6733","targetHints":{"allow":["GET"]}}],"collection":[{"href":"https:\/\/torresorthodontics.com\/es\/wp-json\/wp\/v2\/pages"}],"about":[{"href":"https:\/\/torresorthodontics.com\/es\/wp-json\/wp\/v2\/types\/page"}],"author":[{"embeddable":true,"href":"https:\/\/torresorthodontics.com\/es\/wp-json\/wp\/v2\/users\/2"}],"replies":[{"embeddable":true,"href":"https:\/\/torresorthodontics.com\/es\/wp-json\/wp\/v2\/comments?post=6733"}],"version-history":[{"count":4,"href":"https:\/\/torresorthodontics.com\/es\/wp-json\/wp\/v2\/pages\/6733\/revisions"}],"predecessor-version":[{"id":8517,"href":"https:\/\/torresorthodontics.com\/es\/wp-json\/wp\/v2\/pages\/6733\/revisions\/8517"}],"wp:attachment":[{"href":"https:\/\/torresorthodontics.com\/es\/wp-json\/wp\/v2\/media?parent=6733"}],"curies":[{"name":"wp","href":"https:\/\/api.w.org\/{rel}","templated":true}]}}