{"id":6850,"date":"2024-09-04T22:28:15","date_gmt":"2024-09-04T22:28:15","guid":{"rendered":"https:\/\/torresorthodontics.com\/alineadores-transparentes\/"},"modified":"2024-12-16T19:57:39","modified_gmt":"2024-12-16T19:57:39","slug":"alineadores-transparentes","status":"publish","type":"page","link":"https:\/\/torresorthodontics.com\/es\/alineadores-transparentes\/","title":{"rendered":"Alineadores Transparentes"},"content":{"rendered":"\t\t<div data-elementor-type=\"wp-page\" data-elementor-id=\"6850\" class=\"elementor elementor-6850 elementor-6207\" data-elementor-post-type=\"page\">\n\t\t\t\t<div data-particle_enable=\"false\" data-particle-mobile-disabled=\"false\" class=\"elementor-element elementor-element-8262db1 e-flex e-con-boxed e-con e-parent\" data-id=\"8262db1\" data-element_type=\"container\" data-e-type=\"container\">\n\t\t\t\t\t<div class=\"e-con-inner\">\n\t\t\t\t<div class=\"elementor-element elementor-element-990d3a6 elementor-widget elementor-widget-text-editor\" data-id=\"990d3a6\" data-element_type=\"widget\" data-e-type=\"widget\" data-widget_type=\"text-editor.default\">\n\t\t\t\t<div class=\"elementor-widget-container\">\n\t\t\t\t\t\t\t\t\t<h2>Transforma tu Sonrisa con Alineadores Transparentes en Torres Orthodontics<\/h2>\n<p>En Ortodoncia Torres ofrecemos tratamientos vanguardistas con alineadores transparentes, como Angel Aligners, Spark Aligners y nuestros exclusivos In-House Aligners. Estas soluciones avanzadas ofrecen una forma discreta y c\u00f3moda de conseguir una sonrisa espectacular sin los inconvenientes de <a href=\"https:\/\/torresorthodontics.com\/es\/tipos-de-ortodoncia\/\">los aparatos<\/a> tradicionales. <\/p>\n<h3>\u00bfPor Qu\u00e9 Elegir Alineadores Transparentes?<\/h3>\n<p>Los alineadores transparentes son una soluci\u00f3n ortod\u00f3ncica moderna para corregir diversos problemas dentales. Tanto si se trata de problemas menores, como dientes torcidos, como de problemas m\u00e1s complejos, como sobremordidas y mordidas cruzadas, estos alineadores pueden ofrecer resultados eficaces. Est\u00e1n fabricados con un pl\u00e1stico suave y casi invisible, y dise\u00f1ados a medida para adaptarse a tu estructura dental \u00fanica, garantizando una experiencia c\u00f3moda sin irritar las enc\u00edas ni las mejillas.  <\/p>\n<h3>Ventajas de los Alineadores Transparentes<\/h3>\n<p>Los alineadores transparentes ofrecen numerosas ventajas:<\/p>\n<ul>\n<li><strong>Removibles<\/strong>: Puedes disfrutar de tus comidas favoritas y mantener tu rutina de higiene bucal sin restricciones, simplemente quit\u00e1ndote los alineadores cuando sea necesario.<\/li>\n<li><strong>Mantenimiento c\u00f3modo<\/strong>: No es necesario desplazarse entre brackets met\u00e1licos y alambres; cepillarse los dientes y usar hilo dental es m\u00e1s f\u00e1cil que nunca.<\/li>\n<li><strong>Resultados eficaces<\/strong>: Experimenta una jornada de ortodoncia racionalizada con menos visitas a la consulta y resultados eficaces.<\/li>\n<\/ul>\n<h3>Discreta y c\u00f3moda<\/h3>\n<p>Los alineadores transparentes son ideales tanto para adolescentes como para adultos que quieren enderezar sus dientes sin llamar la atenci\u00f3n sobre su tratamiento. Tanto si est\u00e1s en el trabajo, como en la escuela o en eventos sociales, puedes sonre\u00edr con confianza, sabiendo que tus alineadores son pr\u00e1cticamente invisibles. <\/p>\n<h3>C\u00f3mo Funcionan los Alineadores Transparentes<\/h3>\n<p>Tu viaje hacia una sonrisa perfecta empieza con una impresi\u00f3n digital detallada de tus dientes. El Dr. Rodney Torres utiliza estos datos para crear un plan de tratamiento personalizado. Recibir\u00e1s una serie de alineadores a medida dise\u00f1ados para colocar tus dientes en su sitio gradualmente. Tendr\u00e1s revisiones peri\u00f3dicas a lo largo del tratamiento para asegurar el progreso y hacer los ajustes necesarios. Una vez finalizado el tratamiento, un retenedor te ayudar\u00e1 a mantener tu bonita sonrisa alineada.    <\/p>\n<h2>Comienza tu Trayecto Hacia una Sonrisa Bonita<\/h2>\n<p>En Ortodoncia Torres nos dedicamos a ofrecerte las mejores soluciones ortod\u00f3ncicas. Programa una <a href=\"https:\/\/torresorthodontics.com\/es\/concertar-una-cita\/\">consulta<\/a> con <a href=\"https:\/\/torresorthodontics.com\/doctors\/meet-dr-torres\/\">el Dr. Rodney<\/a> Torres para descubrir las ventajas de Angel Aligners, Spark Aligners o nuestros Alineadores internos. Comienza hoy mismo tu viaje hacia una sonrisa radiante y segura.  <\/p>\n\t\t\t\t\t\t\t\t<\/div>\n\t\t\t\t<\/div>\n\t\t\t\t\t<\/div>\n\t\t\t\t<\/div>\n\t\t\t\t<\/div>\n\t\t","protected":false},"excerpt":{"rendered":"<p>Transforma tu Sonrisa con Alineadores Transparentes en Torres Orthodontics En Ortodoncia Torres ofrecemos tratamientos vanguardistas con alineadores transparentes, como Angel Aligners, Spark Aligners y nuestros exclusivos In-House Aligners. Estas soluciones avanzadas ofrecen una forma discreta y c\u00f3moda de conseguir una sonrisa espectacular sin los inconvenientes de los aparatos tradicionales. \u00bfPor Qu\u00e9 Elegir Alineadores Transparentes? Los alineadores transparentes son [&hellip;]<\/p>\n","protected":false},"author":2,"featured_media":0,"parent":0,"menu_order":80,"comment_status":"closed","ping_status":"closed","template":"","meta":{"_seopress_robots_primary_cat":"","_seopress_titles_title":"Alineadores Transparentes Tampa Miami Lakes Boca Raton FL","_seopress_titles_desc":"El Dr. Torres de Torres Orthodontics ofrece tratamientos innovadores con alineadores transparentes, como Angel Aligners, en Tampa, Miami Lakes y Boca Raton, FL.","_seopress_robots_index":"","footnotes":""},"class_list":["post-6850","page","type-page","status-publish"],"_links":{"self":[{"href":"https:\/\/torresorthodontics.com\/es\/wp-json\/wp\/v2\/pages\/6850","targetHints":{"allow":["GET"]}}],"collection":[{"href":"https:\/\/torresorthodontics.com\/es\/wp-json\/wp\/v2\/pages"}],"about":[{"href":"https:\/\/torresorthodontics.com\/es\/wp-json\/wp\/v2\/types\/page"}],"author":[{"embeddable":true,"href":"https:\/\/torresorthodontics.com\/es\/wp-json\/wp\/v2\/users\/2"}],"replies":[{"embeddable":true,"href":"https:\/\/torresorthodontics.com\/es\/wp-json\/wp\/v2\/comments?post=6850"}],"version-history":[{"count":4,"href":"https:\/\/torresorthodontics.com\/es\/wp-json\/wp\/v2\/pages\/6850\/revisions"}],"predecessor-version":[{"id":7305,"href":"https:\/\/torresorthodontics.com\/es\/wp-json\/wp\/v2\/pages\/6850\/revisions\/7305"}],"wp:attachment":[{"href":"https:\/\/torresorthodontics.com\/es\/wp-json\/wp\/v2\/media?parent=6850"}],"curies":[{"name":"wp","href":"https:\/\/api.w.org\/{rel}","templated":true}]}}