{"id":6853,"date":"2024-06-13T21:38:43","date_gmt":"2024-06-13T21:38:43","guid":{"rendered":"https:\/\/torresorthodontics.com\/tratamientos-comunes\/"},"modified":"2024-12-16T19:57:38","modified_gmt":"2024-12-16T19:57:38","slug":"tratamientos-comunes","status":"publish","type":"page","link":"https:\/\/torresorthodontics.com\/es\/tratamientos-comunes\/","title":{"rendered":"Tratamientos Comunes"},"content":{"rendered":"\t\t<div data-elementor-type=\"wp-page\" data-elementor-id=\"6853\" class=\"elementor elementor-6853 elementor-5011\" data-elementor-post-type=\"page\">\n\t\t\t\t<div data-particle_enable=\"false\" data-particle-mobile-disabled=\"false\" class=\"elementor-element elementor-element-6acd695 e-flex e-con-boxed e-con e-parent\" data-id=\"6acd695\" data-element_type=\"container\" data-e-type=\"container\">\n\t\t\t\t\t<div class=\"e-con-inner\">\n\t\t\t\t<div class=\"elementor-element elementor-element-019b4a6 elementor-widget elementor-widget-text-editor\" data-id=\"019b4a6\" data-element_type=\"widget\" data-e-type=\"widget\" data-widget_type=\"text-editor.default\">\n\t\t\t\t<div class=\"elementor-widget-container\">\n\t\t\t\t\t\t\t\t\t<p>Conocer la alineaci\u00f3n de tus dientes influye tanto en tu salud bucal como en tu confianza. En Torres Orthodontics estamos especializados en el tratamiento de problemas dentales para ayudarte a conseguir una sonrisa m\u00e1s sana y segura. <\/p>\n<ul>\n<li><strong>Dientes api\u00f1ados:<\/strong> Dientes superpuestos o muy apretados.<\/li>\n<li><strong>Mordida abierta:<\/strong> Los dientes delanteros no se tocan al morder.<\/li>\n<li><strong>Sobremordida:<\/strong> Los dientes frontales inferiores muerden el paladar.<\/li>\n<li><strong>Ausencia de incisivos laterales:<\/strong> Ausencia de dientes junto a los dientes frontales.<\/li>\n<li><strong>Prognatismo:<\/strong> Dientes delanteros inferiores delante de los superiores.<\/li>\n<li><strong>Espaciado de los dientes:<\/strong> Espacios entre los dientes.<\/li>\n<li><strong>Sobremordida:<\/strong> Dientes frontales que sobresalen.<\/li>\n<li><strong>Desalineaci\u00f3n de los dientes:<\/strong> Irregularidades generales en la posici\u00f3n de los dientes.<\/li>\n<\/ul>\n<p>Nuestro experimentado equipo ofrece planes de tratamiento personalizados utilizando las \u00faltimas t\u00e9cnicas de ortodoncia para garantizar que recibas la mejor atenci\u00f3n posible. Tanto si est\u00e1s considerando los aparatos tradicionales, los alineadores transparentes u otras soluciones de ortodoncia, nos dedicamos a ayudarte a conseguir la sonrisa que siempre has deseado. <\/p>\n<p>Nuestro compromiso va m\u00e1s all\u00e1 de crear bellas sonrisas; damos prioridad a garantizar la aut\u00e9ntica felicidad de nuestros pacientes y sus familias, tanto por dentro como por fuera.<\/p>\n\t\t\t\t\t\t\t\t<\/div>\n\t\t\t\t<\/div>\n\t\t\t\t\t<\/div>\n\t\t\t\t<\/div>\n\t\t\t\t<\/div>\n\t\t","protected":false},"excerpt":{"rendered":"<p>Conocer la alineaci\u00f3n de tus dientes influye tanto en tu salud bucal como en tu confianza. En Torres Orthodontics estamos especializados en el tratamiento de problemas dentales para ayudarte a conseguir una sonrisa m\u00e1s sana y segura. Dientes api\u00f1ados: Dientes superpuestos o muy apretados. Mordida abierta: Los dientes delanteros no se tocan al morder. Sobremordida: Los dientes frontales [&hellip;]<\/p>\n","protected":false},"author":2,"featured_media":0,"parent":0,"menu_order":77,"comment_status":"closed","ping_status":"closed","template":"","meta":{"_seopress_robots_primary_cat":"","_seopress_titles_title":"Tratamientos Comunes en Torres Orthodontics en Tampa Miami Lake Boca Raton FL","_seopress_titles_desc":"En Tampa, Miami Lakes y Boca Raton FL, el ortodoncista Dr. Torres habla de los distintos tipos de problemas de ortodoncia para ni\u00f1os, adolescentes y adultos.  ","_seopress_robots_index":"","footnotes":""},"class_list":["post-6853","page","type-page","status-publish"],"_links":{"self":[{"href":"https:\/\/torresorthodontics.com\/es\/wp-json\/wp\/v2\/pages\/6853","targetHints":{"allow":["GET"]}}],"collection":[{"href":"https:\/\/torresorthodontics.com\/es\/wp-json\/wp\/v2\/pages"}],"about":[{"href":"https:\/\/torresorthodontics.com\/es\/wp-json\/wp\/v2\/types\/page"}],"author":[{"embeddable":true,"href":"https:\/\/torresorthodontics.com\/es\/wp-json\/wp\/v2\/users\/2"}],"replies":[{"embeddable":true,"href":"https:\/\/torresorthodontics.com\/es\/wp-json\/wp\/v2\/comments?post=6853"}],"version-history":[{"count":3,"href":"https:\/\/torresorthodontics.com\/es\/wp-json\/wp\/v2\/pages\/6853\/revisions"}],"predecessor-version":[{"id":6957,"href":"https:\/\/torresorthodontics.com\/es\/wp-json\/wp\/v2\/pages\/6853\/revisions\/6957"}],"wp:attachment":[{"href":"https:\/\/torresorthodontics.com\/es\/wp-json\/wp\/v2\/media?parent=6853"}],"curies":[{"name":"wp","href":"https:\/\/api.w.org\/{rel}","templated":true}]}}