{"id":6861,"date":"2022-05-26T14:12:58","date_gmt":"2022-05-26T14:12:58","guid":{"rendered":"https:\/\/torresorthodontics.com\/tratamiento-de-adolescentes\/"},"modified":"2025-05-14T21:19:30","modified_gmt":"2025-05-14T21:19:30","slug":"tratamiento-de-adolescentes","status":"publish","type":"page","link":"https:\/\/torresorthodontics.com\/es\/tratamiento-de-adolescentes\/","title":{"rendered":"Tratamiento de Adolescentes"},"content":{"rendered":"\t\t<div data-elementor-type=\"wp-page\" data-elementor-id=\"6861\" class=\"elementor elementor-6861 elementor-4243\" data-elementor-post-type=\"page\">\n\t\t\t\t\t\t<section data-particle_enable=\"false\" data-particle-mobile-disabled=\"false\" class=\"elementor-section elementor-top-section elementor-element elementor-element-0f6ae11 elementor-section-boxed elementor-section-height-default elementor-section-height-default\" data-id=\"0f6ae11\" data-element_type=\"section\" data-e-type=\"section\">\n\t\t\t\t\t\t<div class=\"elementor-container elementor-column-gap-default\">\n\t\t\t\t\t<div class=\"elementor-column elementor-col-100 elementor-top-column elementor-element elementor-element-c8eb12a\" data-id=\"c8eb12a\" data-element_type=\"column\" data-e-type=\"column\">\n\t\t\t<div class=\"elementor-widget-wrap elementor-element-populated\">\n\t\t\t\t\t\t<div class=\"elementor-element elementor-element-9bb314b elementor-widget elementor-widget-text-editor\" data-id=\"9bb314b\" data-element_type=\"widget\" data-e-type=\"widget\" data-widget_type=\"text-editor.default\">\n\t\t\t\t<div class=\"elementor-widget-container\">\n\t\t\t\t\t\t\t\t\t<h2>\u00bfCu\u00e1ndo es el Mejor Momento para Ponerse Frenillos?<\/h2><p>El momento \u00f3ptimo para el tratamiento de ortodoncia suele ser entre los 11 y los 15 a\u00f1os. A los 12 a\u00f1os ya han salido la mayor\u00eda de los dientes permanentes, lo que permite a los ortodoncistas tratar precozmente problemas como dientes torcidos, espacios y desalineaciones. <\/p><h3>Beneficios del Tratamiento<\/h3><p>Elegir la ortodoncia durante la adolescencia ofrece varias ventajas:<\/p><ul><li><strong>Vida social<\/strong>: Muchos adolescentes se someten a tratamiento de ortodoncia, lo que facilita que los ni\u00f1os acepten los aparatos como una parte normal del crecimiento.<\/li><li><strong>Ventaja metab\u00f3lica<\/strong>: Los adolescentes suelen tener metabolismos m\u00e1s r\u00e1pidos, lo que puede acortar la duraci\u00f3n del tratamiento y minimizar las molestias.<\/li><\/ul><h2>\u00a1Programa una Consulta Gratuita con el Dr. Rodney Torres!<\/h2><p>Da el primer paso hacia una sonrisa segura. Ponte en contacto con Torres Orthodontics hoy mismo para concertar un examen inicial GRATUITO. Durante esta visita, <a href=\"https:\/\/torresorthodontics.com\/doctors\/meet-dr-torres\/\">el Dr. Rodney<\/a> Torres evaluar\u00e1 las necesidades ortod\u00f3ncicas de tu hijo y hablar\u00e1 sobre:  <\/p><ul><li><strong>Plan de tratamiento personalizado<\/strong>: Dise\u00f1ado espec\u00edficamente para abordar los problemas dentales de tu hijo.<\/li><li><strong>Calendario del tratamiento<\/strong>: Duraci\u00f3n estimada necesaria para obtener resultados \u00f3ptimos.<\/li><li><strong>Consideraciones econ\u00f3micas<\/strong>: Costes aproximados asociados al tratamiento.<\/li><\/ul>\t\t\t\t\t\t\t\t<\/div>\n\t\t\t\t<\/div>\n\t\t\t\t\t<\/div>\n\t\t<\/div>\n\t\t\t\t\t<\/div>\n\t\t<\/section>\n\t\t\t\t<\/div>\n\t\t","protected":false},"excerpt":{"rendered":"<p>\u00bfCu\u00e1ndo es el Mejor Momento para Ponerse Frenillos? El momento \u00f3ptimo para el tratamiento de ortodoncia suele ser entre los 11 y los 15 a\u00f1os. A los 12 a\u00f1os ya han salido la mayor\u00eda de los dientes permanentes, lo que permite a los ortodoncistas tratar precozmente problemas como dientes torcidos, espacios y desalineaciones. Beneficios del Tratamiento Elegir la [&hellip;]<\/p>\n","protected":false},"author":2,"featured_media":0,"parent":0,"menu_order":60,"comment_status":"closed","ping_status":"closed","template":"","meta":{"_seopress_robots_primary_cat":"","_seopress_titles_title":"Tratamiento Adolescentes Tampa Miami Lakes FL | Ortodoncia Torres","_seopress_titles_desc":"El momento \u00f3ptimo para el tratamiento de ortodoncia suele ser entre los 11 y los 15 a\u00f1os en Torres Orthodontics en Tampa y Miami Lakes, FL.","_seopress_robots_index":"","footnotes":""},"class_list":["post-6861","page","type-page","status-publish"],"_links":{"self":[{"href":"https:\/\/torresorthodontics.com\/es\/wp-json\/wp\/v2\/pages\/6861","targetHints":{"allow":["GET"]}}],"collection":[{"href":"https:\/\/torresorthodontics.com\/es\/wp-json\/wp\/v2\/pages"}],"about":[{"href":"https:\/\/torresorthodontics.com\/es\/wp-json\/wp\/v2\/types\/page"}],"author":[{"embeddable":true,"href":"https:\/\/torresorthodontics.com\/es\/wp-json\/wp\/v2\/users\/2"}],"replies":[{"embeddable":true,"href":"https:\/\/torresorthodontics.com\/es\/wp-json\/wp\/v2\/comments?post=6861"}],"version-history":[{"count":4,"href":"https:\/\/torresorthodontics.com\/es\/wp-json\/wp\/v2\/pages\/6861\/revisions"}],"predecessor-version":[{"id":8444,"href":"https:\/\/torresorthodontics.com\/es\/wp-json\/wp\/v2\/pages\/6861\/revisions\/8444"}],"wp:attachment":[{"href":"https:\/\/torresorthodontics.com\/es\/wp-json\/wp\/v2\/media?parent=6861"}],"curies":[{"name":"wp","href":"https:\/\/api.w.org\/{rel}","templated":true}]}}