{"id":6864,"date":"2023-01-31T20:25:52","date_gmt":"2023-01-31T20:25:52","guid":{"rendered":"https:\/\/torresorthodontics.com\/tecnologia-avanzada\/"},"modified":"2025-05-14T17:07:08","modified_gmt":"2025-05-14T17:07:08","slug":"tecnologia-avanzada","status":"publish","type":"page","link":"https:\/\/torresorthodontics.com\/es\/tecnologia-avanzada\/","title":{"rendered":"Tecnolog\u00eda avanzada"},"content":{"rendered":"\t\t<div data-elementor-type=\"wp-page\" data-elementor-id=\"6864\" class=\"elementor elementor-6864 elementor-3591\" data-elementor-post-type=\"page\">\n\t\t\t\t<div data-particle_enable=\"false\" data-particle-mobile-disabled=\"false\" class=\"elementor-element elementor-element-acdcc69 e-flex e-con-boxed e-con e-parent\" data-id=\"acdcc69\" data-element_type=\"container\" data-e-type=\"container\">\n\t\t\t\t\t<div class=\"e-con-inner\">\n\t\t\t\t<div class=\"elementor-element elementor-element-b6ecbfb elementor-widget elementor-widget-text-editor\" data-id=\"b6ecbfb\" data-element_type=\"widget\" data-e-type=\"widget\" data-widget_type=\"text-editor.default\">\n\t\t\t\t<div class=\"elementor-widget-container\">\n\t\t\t\t\t\t\t\t\t<p>En Torres Orthodontics, el Dr. Rodney Torres y nuestro equipo se comprometen a ofrecer una atenci\u00f3n ortod\u00f3ncica de alta calidad utilizando las \u00faltimas tecnolog\u00edas. Damos prioridad a los tratamientos personalizados para garantizar que tu experiencia sea eficaz y c\u00f3moda. <\/p><p>Nuestras soluciones avanzadas, desde los alineadores transparentes hasta la imagen digital y la impresi\u00f3n en 3D, est\u00e1n dise\u00f1adas para mejorar tu sonrisa con precisi\u00f3n y facilidad. Puedes esperar una ortodoncia moderna que se adapte perfectamente a tu estilo de vida y ofrezca resultados extraordinarios. Conf\u00eda en nosotros para que te ayudemos a conseguir una sonrisa segura y bonita en un entorno acogedor.  <\/p>\t\t\t\t\t\t\t\t<\/div>\n\t\t\t\t<\/div>\n\t\t\t\t\t<\/div>\n\t\t\t\t<\/div>\n\t\t<div data-particle_enable=\"false\" data-particle-mobile-disabled=\"false\" class=\"elementor-element elementor-element-8e07388 e-flex e-con-boxed e-con e-parent\" data-id=\"8e07388\" data-element_type=\"container\" data-e-type=\"container\">\n\t\t\t\t\t<div class=\"e-con-inner\">\n\t\t\t\t<div class=\"elementor-element elementor-element-28a6a72 elementor-widget elementor-widget-text-editor\" data-id=\"28a6a72\" data-element_type=\"widget\" data-e-type=\"widget\" data-widget_type=\"text-editor.default\">\n\t\t\t\t<div class=\"elementor-widget-container\">\n\t\t\t\t\t\t\t\t\t<h3>Impresiones digitales iTero<\/h3><p>Con las impresiones digitales iTero, garantizamos una ortodoncia precisa y c\u00f3moda. Esta avanzada tecnolog\u00eda elimina la necesidad de las impresiones tradicionales con masilla y permite realizar ajustes en tiempo real durante la planificaci\u00f3n del tratamiento. Es especialmente beneficiosa para los pacientes de alineadores transparentes, ya que garantiza unos resultados \u00f3ptimos desde el primer escaneado.  <\/p><h3>Impresi\u00f3n 3D<\/h3><p>Descubre con nosotros las ventajas de la impresi\u00f3n 3D en ortodoncia. Nuestras avanzadas capacidades crean eficazmente retenedores, protectores bucales y protectores nocturnos de alta calidad. Esta tecnolog\u00eda reduce los recursos de env\u00edo y ahorra tiempo, al tiempo que garantiza precisi\u00f3n y durabilidad para todas tus necesidades de ortodoncia.  <\/p><h3>Alineadores Transparentes<\/h3><div class=\"flex max-w-full flex-col flex-grow\"><div class=\"min-h-[20px] text-message flex w-full flex-col items-end gap-2 break-words [.text-message+&amp;]:mt-5 overflow-x-auto whitespace-normal\" dir=\"auto\" data-message-author-role=\"assistant\" data-message-id=\"6a1c9684-9eed-4008-b854-526742988951\"><div class=\"flex w-full flex-col gap-1 empty:hidden first:pt-[3px]\"><div class=\"markdown prose w-full break-words dark:prose-invert light\"><p>Los alineadores transparentes ofrecen un m\u00e9todo discreto y c\u00f3modo para enderezar los dientes sin utilizar aparatos tradicionales. Estos alineadores hechos a medida y casi invisibles pueden solucionar diversos problemas dentales. Como son extra\u00edbles, es f\u00e1cil mantener una buena higiene bucal y disfrutar de tus comidas favoritas sin restricciones.  <\/p><\/div><\/div><\/div><\/div><h3>Frenillos<\/h3><p>Los aparatos modernos proporcionan un enderezamiento eficaz de los dientes con opciones que se adaptan a cada necesidad. Los aparatos met\u00e1licos tradicionales, fabricados con aleaciones de alta calidad, son ahora m\u00e1s peque\u00f1os, c\u00f3modos y personalizables con el\u00e1sticos de colores. Los aparatos transparentes de cer\u00e1mica ofrecen una alternativa discreta para que se noten menos, aunque requieren un cuidado diligente para evitar las manchas y mantener la higiene bucal. Ambas opciones garantizan un enfoque a medida para conseguir una sonrisa bonita.   <\/p><h3>Aparatos de movimiento Carriere<\/h3><p>Los Aparatos Carriere\u00ae Motion 3D\u2122 representan un gran avance en el tratamiento ortod\u00f3ncico, ya que proporcionan un enfoque innovador para corregir las maloclusiones. Estos avanzados aparatos est\u00e1n dise\u00f1ados para minimizar las extracciones, acortar el tiempo de tratamiento y mejorar la comodidad. Integrar Carriere\u00ae Motion 3D\u2122 en tu tratamiento garantiza una experiencia ortod\u00f3ncica m\u00e1s eficaz y c\u00f3moda para el paciente.  <\/p><h3>KLOwen\/Custom 3D<\/h3><p>La tecnolog\u00eda KLOwen\/Custom 3D\u2122\ufe0f revoluciona la ortodoncia creando soluciones de tratamiento altamente personalizadas. Mediante el uso de im\u00e1genes e impresi\u00f3n 3D avanzadas, producimos aparatos de ortodoncia precisos y personalizados que mejoran la eficacia del tratamiento y la comodidad del paciente. Esta tecnolog\u00eda garantiza un enfoque a medida para conseguir tu sonrisa perfecta.  <\/p><h3>L\u00e1ser de diodo<\/h3><p>Nuestra tecnolog\u00eda L\u00e1ser de Diodo\u00ae mejora los tratamientos de ortodoncia con precisi\u00f3n y comodidad. Este avanzado sistema l\u00e1ser se utiliza para mejorar los resultados del tratamiento del tejido gingival en procedimientos de tejidos blandos, como el contorneado gingival. El l\u00e1ser de diodo reduce las molestias, favorece una cicatrizaci\u00f3n m\u00e1s r\u00e1pida y garantiza una experiencia ortod\u00f3ncica m\u00e1s eficaz.  <\/p>\t\t\t\t\t\t\t\t<\/div>\n\t\t\t\t<\/div>\n\t\t\t\t\t<\/div>\n\t\t\t\t<\/div>\n\t\t\t\t<section data-particle_enable=\"false\" data-particle-mobile-disabled=\"false\" class=\"elementor-section elementor-top-section elementor-element elementor-element-c151dad elementor-section-content-middle elementor-section-boxed elementor-section-height-default elementor-section-height-default\" data-id=\"c151dad\" data-element_type=\"section\" data-e-type=\"section\">\n\t\t\t\t\t\t<div class=\"elementor-container elementor-column-gap-default\">\n\t\t\t\t\t<div class=\"elementor-column elementor-col-100 elementor-top-column elementor-element elementor-element-023aee1\" data-id=\"023aee1\" data-element_type=\"column\" data-e-type=\"column\" data-settings=\"{&quot;background_background&quot;:&quot;classic&quot;}\">\n\t\t\t<div class=\"elementor-widget-wrap elementor-element-populated\">\n\t\t\t\t\t\t<div class=\"elementor-element elementor-element-e29fe04 elementor-widget elementor-widget-heading\" data-id=\"e29fe04\" data-element_type=\"widget\" data-e-type=\"widget\" data-widget_type=\"heading.default\">\n\t\t\t\t<div class=\"elementor-widget-container\">\n\t\t\t\t\t<h3 class=\"elementor-heading-title elementor-size-default\">Mejora de la experiencia del paciente<\/h3>\t\t\t\t<\/div>\n\t\t\t\t<\/div>\n\t\t\t\t<section data-particle_enable=\"false\" data-particle-mobile-disabled=\"false\" class=\"elementor-section elementor-inner-section elementor-element elementor-element-959c9ae elementor-section-boxed elementor-section-height-default elementor-section-height-default\" data-id=\"959c9ae\" data-element_type=\"section\" data-e-type=\"section\">\n\t\t\t\t\t\t<div class=\"elementor-container elementor-column-gap-default\">\n\t\t\t\t\t<div class=\"elementor-column elementor-col-50 elementor-inner-column elementor-element elementor-element-000e40e\" data-id=\"000e40e\" data-element_type=\"column\" data-e-type=\"column\">\n\t\t\t<div class=\"elementor-widget-wrap elementor-element-populated\">\n\t\t\t\t\t\t<div class=\"elementor-element elementor-element-c320cea elementor-view-default elementor-position-block-start elementor-mobile-position-block-start elementor-widget elementor-widget-icon-box\" data-id=\"c320cea\" data-element_type=\"widget\" data-e-type=\"widget\" data-widget_type=\"icon-box.default\">\n\t\t\t\t<div class=\"elementor-widget-container\">\n\t\t\t\t\t\t\t<div class=\"elementor-icon-box-wrapper\">\n\n\t\t\t\t\t\t<div class=\"elementor-icon-box-icon\">\n\t\t\t\t<span  class=\"elementor-icon\">\n\t\t\t\t<i aria-hidden=\"true\" class=\"fas fa-clock\"><\/i>\t\t\t\t<\/span>\n\t\t\t<\/div>\n\t\t\t\n\t\t\t\t\t\t<div class=\"elementor-icon-box-content\">\n\n\t\t\t\t\t\t\t\t\t<h3 class=\"elementor-icon-box-title\">\n\t\t\t\t\t\t<span  >\n\t\t\t\t\t\t\tTiempos de tratamiento m\u00e1s r\u00e1pidos\t\t\t\t\t\t<\/span>\n\t\t\t\t\t<\/h3>\n\t\t\t\t\n\t\t\t\t\n\t\t\t<\/div>\n\t\t\t\n\t\t<\/div>\n\t\t\t\t\t\t<\/div>\n\t\t\t\t<\/div>\n\t\t\t\t\t<\/div>\n\t\t<\/div>\n\t\t\t\t<div class=\"elementor-column elementor-col-50 elementor-inner-column elementor-element elementor-element-8237108\" data-id=\"8237108\" data-element_type=\"column\" data-e-type=\"column\">\n\t\t\t<div class=\"elementor-widget-wrap elementor-element-populated\">\n\t\t\t\t\t\t<div class=\"elementor-element elementor-element-0cc49c9 elementor-view-default elementor-position-block-start elementor-mobile-position-block-start elementor-widget elementor-widget-icon-box\" data-id=\"0cc49c9\" data-element_type=\"widget\" data-e-type=\"widget\" data-widget_type=\"icon-box.default\">\n\t\t\t\t<div class=\"elementor-widget-container\">\n\t\t\t\t\t\t\t<div class=\"elementor-icon-box-wrapper\">\n\n\t\t\t\t\t\t<div class=\"elementor-icon-box-icon\">\n\t\t\t\t<span  class=\"elementor-icon\">\n\t\t\t\t<i aria-hidden=\"true\" class=\"fas fa-hand-holding-heart\"><\/i>\t\t\t\t<\/span>\n\t\t\t<\/div>\n\t\t\t\n\t\t\t\t\t\t<div class=\"elementor-icon-box-content\">\n\n\t\t\t\t\t\t\t\t\t<h3 class=\"elementor-icon-box-title\">\n\t\t\t\t\t\t<span  >\n\t\t\t\t\t\t\tMayor comodidad para el paciente\t\t\t\t\t\t<\/span>\n\t\t\t\t\t<\/h3>\n\t\t\t\t\n\t\t\t\t\n\t\t\t<\/div>\n\t\t\t\n\t\t<\/div>\n\t\t\t\t\t\t<\/div>\n\t\t\t\t<\/div>\n\t\t\t\t\t<\/div>\n\t\t<\/div>\n\t\t\t\t\t<\/div>\n\t\t<\/section>\n\t\t\t\t<section data-particle_enable=\"false\" data-particle-mobile-disabled=\"false\" class=\"elementor-section elementor-inner-section elementor-element elementor-element-22641d5 elementor-section-boxed elementor-section-height-default elementor-section-height-default\" data-id=\"22641d5\" data-element_type=\"section\" data-e-type=\"section\">\n\t\t\t\t\t\t<div class=\"elementor-container elementor-column-gap-default\">\n\t\t\t\t\t<div class=\"elementor-column elementor-col-50 elementor-inner-column elementor-element elementor-element-ef8d078\" data-id=\"ef8d078\" data-element_type=\"column\" data-e-type=\"column\">\n\t\t\t<div class=\"elementor-widget-wrap elementor-element-populated\">\n\t\t\t\t\t\t<div class=\"elementor-element elementor-element-abd79ec elementor-view-default elementor-position-block-start elementor-mobile-position-block-start elementor-widget elementor-widget-icon-box\" data-id=\"abd79ec\" data-element_type=\"widget\" data-e-type=\"widget\" data-widget_type=\"icon-box.default\">\n\t\t\t\t<div class=\"elementor-widget-container\">\n\t\t\t\t\t\t\t<div class=\"elementor-icon-box-wrapper\">\n\n\t\t\t\t\t\t<div class=\"elementor-icon-box-icon\">\n\t\t\t\t<span  class=\"elementor-icon\">\n\t\t\t\t<i aria-hidden=\"true\" class=\"far fa-building\"><\/i>\t\t\t\t<\/span>\n\t\t\t<\/div>\n\t\t\t\n\t\t\t\t\t\t<div class=\"elementor-icon-box-content\">\n\n\t\t\t\t\t\t\t\t\t<h3 class=\"elementor-icon-box-title\">\n\t\t\t\t\t\t<span  >\n\t\t\t\t\t\t\tMenos citas en la oficina\t\t\t\t\t\t<\/span>\n\t\t\t\t\t<\/h3>\n\t\t\t\t\n\t\t\t\t\n\t\t\t<\/div>\n\t\t\t\n\t\t<\/div>\n\t\t\t\t\t\t<\/div>\n\t\t\t\t<\/div>\n\t\t\t\t\t<\/div>\n\t\t<\/div>\n\t\t\t\t<div class=\"elementor-column elementor-col-50 elementor-inner-column elementor-element elementor-element-dda4a93\" data-id=\"dda4a93\" data-element_type=\"column\" data-e-type=\"column\">\n\t\t\t<div class=\"elementor-widget-wrap elementor-element-populated\">\n\t\t\t\t\t\t<div class=\"elementor-element elementor-element-e13e952 elementor-view-default elementor-position-block-start elementor-mobile-position-block-start elementor-widget elementor-widget-icon-box\" data-id=\"e13e952\" data-element_type=\"widget\" data-e-type=\"widget\" data-widget_type=\"icon-box.default\">\n\t\t\t\t<div class=\"elementor-widget-container\">\n\t\t\t\t\t\t\t<div class=\"elementor-icon-box-wrapper\">\n\n\t\t\t\t\t\t<div class=\"elementor-icon-box-icon\">\n\t\t\t\t<span  class=\"elementor-icon\">\n\t\t\t\t<i aria-hidden=\"true\" class=\"fas fa-teeth-open\"><\/i>\t\t\t\t<\/span>\n\t\t\t<\/div>\n\t\t\t\n\t\t\t\t\t\t<div class=\"elementor-icon-box-content\">\n\n\t\t\t\t\t\t\t\t\t<h3 class=\"elementor-icon-box-title\">\n\t\t\t\t\t\t<span  >\n\t\t\t\t\t\t\tAlineaci\u00f3n dental m\u00e1s precisa\t\t\t\t\t\t<\/span>\n\t\t\t\t\t<\/h3>\n\t\t\t\t\n\t\t\t\t\n\t\t\t<\/div>\n\t\t\t\n\t\t<\/div>\n\t\t\t\t\t\t<\/div>\n\t\t\t\t<\/div>\n\t\t\t\t\t<\/div>\n\t\t<\/div>\n\t\t\t\t\t<\/div>\n\t\t<\/section>\n\t\t\t\t\t<\/div>\n\t\t<\/div>\n\t\t\t\t\t<\/div>\n\t\t<\/section>\n\t\t\t\t<\/div>\n\t\t","protected":false},"excerpt":{"rendered":"<p>En Torres Orthodontics, el Dr. Rodney Torres y nuestro equipo se comprometen a ofrecer una atenci\u00f3n ortod\u00f3ncica de alta calidad utilizando las \u00faltimas tecnolog\u00edas. Damos prioridad a los tratamientos personalizados para garantizar que tu experiencia sea eficaz y c\u00f3moda. Nuestras soluciones avanzadas, desde los alineadores transparentes hasta la imagen digital y la impresi\u00f3n en 3D, est\u00e1n dise\u00f1adas para [&hellip;]<\/p>\n","protected":false},"author":2,"featured_media":0,"parent":0,"menu_order":47,"comment_status":"closed","ping_status":"closed","template":"","meta":{"_seopress_robots_primary_cat":"","_seopress_titles_title":"Tecnolog\u00eda Avanzada Tampa Miami Lakes FL","_seopress_titles_desc":"El Dr. Rodney Torres y nuestro cualificado equipo combinan la experiencia con la innovaci\u00f3n para ofrecer la mejor ortodoncia a pacientes de todas las edades en Torres Orthodontics.","_seopress_robots_index":"","footnotes":""},"class_list":["post-6864","page","type-page","status-publish"],"_links":{"self":[{"href":"https:\/\/torresorthodontics.com\/es\/wp-json\/wp\/v2\/pages\/6864","targetHints":{"allow":["GET"]}}],"collection":[{"href":"https:\/\/torresorthodontics.com\/es\/wp-json\/wp\/v2\/pages"}],"about":[{"href":"https:\/\/torresorthodontics.com\/es\/wp-json\/wp\/v2\/types\/page"}],"author":[{"embeddable":true,"href":"https:\/\/torresorthodontics.com\/es\/wp-json\/wp\/v2\/users\/2"}],"replies":[{"embeddable":true,"href":"https:\/\/torresorthodontics.com\/es\/wp-json\/wp\/v2\/comments?post=6864"}],"version-history":[{"count":6,"href":"https:\/\/torresorthodontics.com\/es\/wp-json\/wp\/v2\/pages\/6864\/revisions"}],"predecessor-version":[{"id":8428,"href":"https:\/\/torresorthodontics.com\/es\/wp-json\/wp\/v2\/pages\/6864\/revisions\/8428"}],"wp:attachment":[{"href":"https:\/\/torresorthodontics.com\/es\/wp-json\/wp\/v2\/media?parent=6864"}],"curies":[{"name":"wp","href":"https:\/\/api.w.org\/{rel}","templated":true}]}}