{"id":6867,"date":"2017-04-28T01:33:48","date_gmt":"2017-04-28T01:33:48","guid":{"rendered":"https:\/\/torresorthodontics.com\/ortodoncia-para-adultos\/"},"modified":"2024-12-16T19:57:38","modified_gmt":"2024-12-16T19:57:38","slug":"ortodoncia-para-adultos","status":"publish","type":"page","link":"https:\/\/torresorthodontics.com\/es\/ortodoncia-para-adultos\/","title":{"rendered":"Ortodoncia para Adultos"},"content":{"rendered":"\t\t<div data-elementor-type=\"wp-page\" data-elementor-id=\"6867\" class=\"elementor elementor-6867 elementor-3078\" data-elementor-post-type=\"page\">\n\t\t\t\t\t\t<section data-particle_enable=\"false\" data-particle-mobile-disabled=\"false\" class=\"elementor-section elementor-top-section elementor-element elementor-element-4a1432a6 elementor-section-boxed elementor-section-height-default elementor-section-height-default\" data-id=\"4a1432a6\" data-element_type=\"section\" data-e-type=\"section\">\n\t\t\t\t\t\t<div class=\"elementor-container elementor-column-gap-default\">\n\t\t\t\t\t<div class=\"elementor-column elementor-col-100 elementor-top-column elementor-element elementor-element-5fb35f01\" data-id=\"5fb35f01\" data-element_type=\"column\" data-e-type=\"column\">\n\t\t\t<div class=\"elementor-widget-wrap elementor-element-populated\">\n\t\t\t\t\t\t<div class=\"elementor-element elementor-element-20f359cc elementor-widget elementor-widget-text-editor\" data-id=\"20f359cc\" data-element_type=\"widget\" data-e-type=\"widget\" data-widget_type=\"text-editor.default\">\n\t\t\t\t<div class=\"elementor-widget-container\">\n\t\t\t\t\t\t\t\t\t<section class=\"elementor-section elementor-top-section elementor-element elementor-element-a18dd7e elementor-section-boxed elementor-section-height-default elementor-section-height-default\" data-id=\"a18dd7e\" data-element_type=\"section\">\n<div class=\"elementor-container elementor-column-gap-default\">\n<div class=\"elementor-column elementor-col-100 elementor-top-column elementor-element elementor-element-4adb018a\" data-id=\"4adb018a\" data-element_type=\"column\">\n<div class=\"elementor-widget-wrap elementor-element-populated\">\n<div class=\"elementor-element elementor-element-2240f0b0 elementor-widget elementor-widget-text-editor\" data-id=\"2240f0b0\" data-element_type=\"widget\" data-widget_type=\"text-editor.default\">\n<div class=\"elementor-widget-container\">\n<section class=\"elementor-section elementor-top-section elementor-element elementor-element-a18dd7e elementor-section-boxed elementor-section-height-default elementor-section-height-default\" data-id=\"a18dd7e\" data-element_type=\"section\">\n<div class=\"elementor-container elementor-column-gap-default\">\n<div class=\"elementor-column elementor-col-100 elementor-top-column elementor-element elementor-element-4adb018a\" data-id=\"4adb018a\" data-element_type=\"column\">\n<div class=\"elementor-widget-wrap elementor-element-populated\">\n<div class=\"elementor-element elementor-element-2240f0b0 elementor-widget elementor-widget-text-editor\" data-id=\"2240f0b0\" data-element_type=\"widget\" data-widget_type=\"text-editor.default\">\n<div class=\"elementor-widget-container\">\n<h2>El Tratamiento de Ortodoncia No es S\u00f3lo Para Adolescentes<\/h2>\n<p>\u00bfSab\u00edas que <strong>uno de cada cinco<\/strong> pacientes de ortodoncia tiene m\u00e1s de 21 a\u00f1os? Muchos adultos de Miami Lakes, FL, y Boca Raton, FL, eligen el tratamiento de ortodoncia para mejorar su salud y su aspecto. En Ortodoncia Torres creemos que todo el mundo merece una sonrisa segura. Deja que te ayudemos a conseguir la tuya.   <\/p>\n<h2>Razones Por las Que los Adultos Buscan Atenci\u00f3n Ortod\u00f3ncica<\/h2>\n<h3>Problemas comunes:<\/h3>\n<ul>\n<li><strong>Maloclusi\u00f3n (mala mordida):<\/strong> Dientes que encajan mal.<\/li>\n<li><strong>Dientes api\u00f1ados o separados:<\/strong> Huecos o api\u00f1amiento que provocan caries o enfermedades de las enc\u00edas.<\/li>\n<li><strong>Dolor o presi\u00f3n en la mand\u00edbula:<\/strong> Causados por dientes desalineados.<\/li>\n<li><strong>Deseo de una mejor salud bucodental:<\/strong> Una boca m\u00e1s sana y una sonrisa m\u00e1s segura.<\/li>\n<\/ul>\n<h2>Opciones modernas de tratamiento para adultos<\/h2>\n<p>Olv\u00eddate de la imagen de los aparatos met\u00e1licos voluminosos. Las soluciones ortod\u00f3ncicas actuales est\u00e1n dise\u00f1adas para ser c\u00f3modas, est\u00e9ticamente agradables y adaptadas a tus necesidades. Explora nuestras opciones:  <\/p>\n<ul>\n<li><strong><a href=\"https:\/\/torresorthodontics.com\/es\/alineadores-transparentes\/\">Alineadores transparentes<\/a>:<\/strong> Alineadores transparentes y extra\u00edbles.<\/li>\n<li><strong>Brackets transparentes:<\/strong> Sutiles y eficaces.<\/li>\n<li><strong>Brackets Damon:<\/strong> Autoligables para reducir las molestias.<\/li>\n<li><strong>Brackets met\u00e1licos tradicionales:<\/strong> Fiables y eficaces.<\/li>\n<\/ul>\n<h2>\u00bfPor Qu\u00e9 Considerar el Tratamiento de Ortodoncia?<\/h2>\n<ul>\n<li><strong>Dientes sanos:<\/strong> Una alineaci\u00f3n adecuada facilita la limpieza de los dientes, ayudando a prevenir otros problemas de salud.<\/li>\n<li><strong>Aumento de la confianza:<\/strong> Una sonrisa recta puede mejorar tu autoestima y tu calidad de vida.<\/li>\n<li><strong>Evita problemas futuros:<\/strong> Los problemas de ortodoncia no tratados pueden empeorar con el tiempo, lo que provoca problemas de salud m\u00e1s importantes y costes m\u00e1s elevados.<\/li>\n<\/ul>\n<h2>Programa tu Evaluaci\u00f3n Gratuita<\/h2>\n<p>\u00bfListo para transformar tu sonrisa? Ponte en contacto con nosotros en Ortodoncia Torres para programar una <a href=\"https:\/\/torresorthodontics.com\/es\/concertar-una-cita\/\">evaluaci\u00f3n<\/a> gratuita con <a href=\"https:\/\/torresorthodontics.com\/doctors\/meet-dr-torres\/\">el Dr. Rodney Torres<\/a>. Sabemos que est\u00e1s ocupado, as\u00ed que nuestro objetivo es que cada visita sea lo m\u00e1s c\u00f3moda posible.  <\/p>\n<\/div>\n<\/div>\n<\/div>\n<\/div>\n<\/div>\n<\/section>\n<\/div>\n<\/div>\n<\/div>\n<\/div>\n<\/div>\n<\/section>\n\t\t\t\t\t\t\t\t<\/div>\n\t\t\t\t<\/div>\n\t\t\t\t\t<\/div>\n\t\t<\/div>\n\t\t\t\t\t<\/div>\n\t\t<\/section>\n\t\t\t\t<\/div>\n\t\t","protected":false},"excerpt":{"rendered":"<p>El Tratamiento de Ortodoncia No es S\u00f3lo Para Adolescentes \u00bfSab\u00edas que uno de cada cinco pacientes de ortodoncia tiene m\u00e1s de 21 a\u00f1os? Muchos adultos de Miami Lakes, FL, y Boca Raton, FL, eligen el tratamiento de ortodoncia para mejorar su salud y su aspecto. En Ortodoncia Torres creemos que todo el mundo merece una sonrisa segura. Deja [&hellip;]<\/p>\n","protected":false},"author":2,"featured_media":0,"parent":0,"menu_order":62,"comment_status":"closed","ping_status":"closed","template":"","meta":{"_seopress_robots_primary_cat":"","_seopress_titles_title":"Ortodoncia para Adultos Tampa Miami Lakes Boca Raton FL | Ortodoncia Torres","_seopress_titles_desc":"El Dr. Rodney Torres, ortodoncista colegiado de Torres Orthodontics, ofrece tratamiento de ortodoncia para adultos en Tampa, Miami Lakes y Boca Rat\u00f3n, FL.","_seopress_robots_index":"","footnotes":""},"class_list":["post-6867","page","type-page","status-publish"],"_links":{"self":[{"href":"https:\/\/torresorthodontics.com\/es\/wp-json\/wp\/v2\/pages\/6867","targetHints":{"allow":["GET"]}}],"collection":[{"href":"https:\/\/torresorthodontics.com\/es\/wp-json\/wp\/v2\/pages"}],"about":[{"href":"https:\/\/torresorthodontics.com\/es\/wp-json\/wp\/v2\/types\/page"}],"author":[{"embeddable":true,"href":"https:\/\/torresorthodontics.com\/es\/wp-json\/wp\/v2\/users\/2"}],"replies":[{"embeddable":true,"href":"https:\/\/torresorthodontics.com\/es\/wp-json\/wp\/v2\/comments?post=6867"}],"version-history":[{"count":4,"href":"https:\/\/torresorthodontics.com\/es\/wp-json\/wp\/v2\/pages\/6867\/revisions"}],"predecessor-version":[{"id":7303,"href":"https:\/\/torresorthodontics.com\/es\/wp-json\/wp\/v2\/pages\/6867\/revisions\/7303"}],"wp:attachment":[{"href":"https:\/\/torresorthodontics.com\/es\/wp-json\/wp\/v2\/media?parent=6867"}],"curies":[{"name":"wp","href":"https:\/\/api.w.org\/{rel}","templated":true}]}}