{"id":6870,"date":"2017-02-06T22:42:47","date_gmt":"2017-02-06T22:42:47","guid":{"rendered":"https:\/\/torresorthodontics.com\/todo-sobre-la-ortodoncia\/"},"modified":"2025-05-14T21:51:37","modified_gmt":"2025-05-14T21:51:37","slug":"todo-sobre-la-ortodoncia","status":"publish","type":"page","link":"https:\/\/torresorthodontics.com\/es\/todo-sobre-la-ortodoncia\/","title":{"rendered":"Todo Sobre la Ortodoncia"},"content":{"rendered":"\t\t<div data-elementor-type=\"wp-page\" data-elementor-id=\"6870\" class=\"elementor elementor-6870 elementor-3077\" data-elementor-post-type=\"page\">\n\t\t\t\t\t\t<section data-particle_enable=\"false\" data-particle-mobile-disabled=\"false\" class=\"elementor-section elementor-top-section elementor-element elementor-element-58d4ae23 elementor-section-boxed elementor-section-height-default elementor-section-height-default\" data-id=\"58d4ae23\" data-element_type=\"section\" data-e-type=\"section\">\n\t\t\t\t\t\t<div class=\"elementor-container elementor-column-gap-default\">\n\t\t\t\t\t<div class=\"elementor-column elementor-col-100 elementor-top-column elementor-element elementor-element-18023870\" data-id=\"18023870\" data-element_type=\"column\" data-e-type=\"column\">\n\t\t\t<div class=\"elementor-widget-wrap elementor-element-populated\">\n\t\t\t\t\t\t<div class=\"elementor-element elementor-element-4cb72c6b elementor-widget elementor-widget-text-editor\" data-id=\"4cb72c6b\" data-element_type=\"widget\" data-e-type=\"widget\" data-widget_type=\"text-editor.default\">\n\t\t\t\t<div class=\"elementor-widget-container\">\n\t\t\t\t\t\t\t\t\t<h2>Cepillado e Hilo Dental<\/h2><p>Mantener una excelente higiene bucal con aparatos es crucial durante el tratamiento de ortodoncia para garantizar la salud de tus dientes y enc\u00edas. Esto es lo que debes saber: <\/p><ul><li><p><strong>Importancia:<\/strong> Los aparatos requieren ajustes en tus h\u00e1bitos de cepillado y uso del hilo dental para mantener sanos tus dientes y enc\u00edas.<\/p><\/li><li><p><strong>Limpiezas profesionales:<\/strong> Los pacientes que no mantienen los dientes limpios pueden necesitar limpiezas profesionales m\u00e1s frecuentes.<\/p><\/li><li><p><strong>Consulta periodontal:<\/strong> Los adultos con antecedentes de enfermedad de las enc\u00edas deben consultar a un periodoncista durante el tratamiento de ortodoncia.<\/p><\/li><\/ul>\t\t\t\t\t\t\t\t<\/div>\n\t\t\t\t<\/div>\n\t\t\t\t\t<\/div>\n\t\t<\/div>\n\t\t\t\t\t<\/div>\n\t\t<\/section>\n\t\t\t\t<section data-particle_enable=\"false\" data-particle-mobile-disabled=\"false\" class=\"elementor-section elementor-top-section elementor-element elementor-element-d07070f elementor-section-boxed elementor-section-height-default elementor-section-height-default\" data-id=\"d07070f\" data-element_type=\"section\" data-e-type=\"section\">\n\t\t\t\t\t\t<div class=\"elementor-container elementor-column-gap-default\">\n\t\t\t\t\t<div class=\"elementor-column elementor-col-100 elementor-top-column elementor-element elementor-element-ccb7441\" data-id=\"ccb7441\" data-element_type=\"column\" data-e-type=\"column\">\n\t\t\t<div class=\"elementor-widget-wrap elementor-element-populated\">\n\t\t\t\t\t\t<div class=\"elementor-element elementor-element-faafb4f elementor-widget elementor-widget-video\" data-id=\"faafb4f\" data-element_type=\"widget\" data-e-type=\"widget\" data-settings=\"{&quot;youtube_url&quot;:&quot;https:\\\/\\\/youtu.be\\\/obuCKwrlfbM&quot;,&quot;show_image_overlay&quot;:&quot;yes&quot;,&quot;image_overlay&quot;:{&quot;url&quot;:&quot;https:\\\/\\\/torresorthodontics.com\\\/wp-content\\\/uploads\\\/2016\\\/02\\\/AAO-Brushing-and-Flossing-While-Wearing-Braces.jpg&quot;,&quot;id&quot;:2825,&quot;size&quot;:&quot;&quot;,&quot;alt&quot;:&quot;&quot;,&quot;source&quot;:&quot;library&quot;},&quot;video_type&quot;:&quot;youtube&quot;,&quot;controls&quot;:&quot;yes&quot;}\" data-widget_type=\"video.default\">\n\t\t\t\t<div class=\"elementor-widget-container\">\n\t\t\t\t\t\t\t<div class=\"elementor-wrapper elementor-open-inline\">\n\t\t\t<div class=\"elementor-video\"><\/div>\t\t\t\t<div class=\"elementor-custom-embed-image-overlay\" style=\"background-image: url(https:\/\/torresorthodontics.com\/wp-content\/uploads\/2016\/02\/aao-brushing-and-flossing-while-wearing-braces.jpg);\">\n\t\t\t\t\t\t\t\t\t\t\t\t\t\t<\/div>\n\t\t\t\t\t<\/div>\n\t\t\t\t\t\t<\/div>\n\t\t\t\t<\/div>\n\t\t\t\t\t<\/div>\n\t\t<\/div>\n\t\t\t\t\t<\/div>\n\t\t<\/section>\n\t\t\t\t<section data-particle_enable=\"false\" data-particle-mobile-disabled=\"false\" class=\"elementor-section elementor-top-section elementor-element elementor-element-b100857 elementor-section-boxed elementor-section-height-default elementor-section-height-default\" data-id=\"b100857\" data-element_type=\"section\" data-e-type=\"section\">\n\t\t\t\t\t\t<div class=\"elementor-container elementor-column-gap-default\">\n\t\t\t\t\t<div class=\"elementor-column elementor-col-100 elementor-top-column elementor-element elementor-element-42007f8\" data-id=\"42007f8\" data-element_type=\"column\" data-e-type=\"column\">\n\t\t\t<div class=\"elementor-widget-wrap elementor-element-populated\">\n\t\t\t\t\t\t<div class=\"elementor-element elementor-element-9180ccc elementor-widget elementor-widget-text-editor\" data-id=\"9180ccc\" data-element_type=\"widget\" data-e-type=\"widget\" data-widget_type=\"text-editor.default\">\n\t\t\t\t<div class=\"elementor-widget-container\">\n\t\t\t\t\t\t\t\t\t<h2>Comiendo con Frenillos<\/h2><p>Una de las preguntas m\u00e1s frecuentes sobre la vida con ortodoncia es: \u00ab\u00bfQu\u00e9 puedo comer?\u00bb. Al principio, despu\u00e9s de un ajuste, lim\u00edtate a alimentos blandos para sentirte c\u00f3modo. Evita las carnes duras, el pan duro y las verduras crudas. Pronto volver\u00e1s a disfrutar c\u00f3modamente de un pepino, mientras te aseguras de proteger tus aparatos durante las comidas a lo largo del tratamiento.   <\/p><ul><li><h3>Alimentos que debes evitar<\/h3><ul><li>Alimentos masticables: panecillos, panecillos duros, regaliz<\/li><li>Alimentos crujientes: palomitas, hielo<\/li><li>Alimentos pegajosos: caramelos, chicles<\/li><li>Alimentos duros: frutos secos, caramelos<\/li><li>Alimentos que requieren morder mazorcas de ma\u00edz, manzanas, zanahorias<\/li><li>Adem\u00e1s, evita morder objetos duros, como bol\u00edgrafos o u\u00f1as, para no da\u00f1ar los aparatos. Los aparatos da\u00f1ados pueden alargar la duraci\u00f3n del tratamiento y requerir citas adicionales. <\/li><\/ul><\/li><\/ul>\t\t\t\t\t\t\t\t<\/div>\n\t\t\t\t<\/div>\n\t\t\t\t\t<\/div>\n\t\t<\/div>\n\t\t\t\t\t<\/div>\n\t\t<\/section>\n\t\t\t\t<section data-particle_enable=\"false\" data-particle-mobile-disabled=\"false\" class=\"elementor-section elementor-top-section elementor-element elementor-element-3b8f79a elementor-section-boxed elementor-section-height-default elementor-section-height-default\" data-id=\"3b8f79a\" data-element_type=\"section\" data-e-type=\"section\">\n\t\t\t\t\t\t<div class=\"elementor-container elementor-column-gap-default\">\n\t\t\t\t\t<div class=\"elementor-column elementor-col-100 elementor-top-column elementor-element elementor-element-e8d7356\" data-id=\"e8d7356\" data-element_type=\"column\" data-e-type=\"column\">\n\t\t\t<div class=\"elementor-widget-wrap elementor-element-populated\">\n\t\t\t\t\t\t<div class=\"elementor-element elementor-element-ef164a7 elementor-widget elementor-widget-video\" data-id=\"ef164a7\" data-element_type=\"widget\" data-e-type=\"widget\" data-settings=\"{&quot;youtube_url&quot;:&quot;https:\\\/\\\/youtu.be\\\/AJQOjr6s6pM&quot;,&quot;show_image_overlay&quot;:&quot;yes&quot;,&quot;image_overlay&quot;:{&quot;url&quot;:&quot;https:\\\/\\\/torresorthodontics.com\\\/wp-content\\\/uploads\\\/2022\\\/02\\\/aao-eating-with-braces.jpg&quot;,&quot;id&quot;:4227,&quot;size&quot;:&quot;&quot;,&quot;alt&quot;:&quot;&quot;,&quot;source&quot;:&quot;library&quot;},&quot;video_type&quot;:&quot;youtube&quot;,&quot;controls&quot;:&quot;yes&quot;}\" data-widget_type=\"video.default\">\n\t\t\t\t<div class=\"elementor-widget-container\">\n\t\t\t\t\t\t\t<div class=\"elementor-wrapper elementor-open-inline\">\n\t\t\t<div class=\"elementor-video\"><\/div>\t\t\t\t<div class=\"elementor-custom-embed-image-overlay\" style=\"background-image: url(https:\/\/torresorthodontics.com\/wp-content\/uploads\/2022\/02\/aao-eating-with-braces.jpg);\">\n\t\t\t\t\t\t\t\t\t\t\t\t\t\t<\/div>\n\t\t\t\t\t<\/div>\n\t\t\t\t\t\t<\/div>\n\t\t\t\t<\/div>\n\t\t\t\t\t<\/div>\n\t\t<\/div>\n\t\t\t\t\t<\/div>\n\t\t<\/section>\n\t\t\t\t<section data-particle_enable=\"false\" data-particle-mobile-disabled=\"false\" class=\"elementor-section elementor-top-section elementor-element elementor-element-e42b53e elementor-section-boxed elementor-section-height-default elementor-section-height-default\" data-id=\"e42b53e\" data-element_type=\"section\" data-e-type=\"section\">\n\t\t\t\t\t\t<div class=\"elementor-container elementor-column-gap-default\">\n\t\t\t\t\t<div class=\"elementor-column elementor-col-100 elementor-top-column elementor-element elementor-element-79dace7\" data-id=\"79dace7\" data-element_type=\"column\" data-e-type=\"column\">\n\t\t\t<div class=\"elementor-widget-wrap elementor-element-populated\">\n\t\t\t\t\t\t<div class=\"elementor-element elementor-element-941f321 elementor-widget elementor-widget-text-editor\" data-id=\"941f321\" data-element_type=\"widget\" data-e-type=\"widget\" data-widget_type=\"text-editor.default\">\n\t\t\t\t<div class=\"elementor-widget-container\">\n\t\t\t\t\t\t\t\t\t<h2>Dolor General<\/h2><p>\u00bfSientes molestias despu\u00e9s de ponerte ortodoncia? Esto es lo que puedes esperar: <\/p><ul><li><p><strong>Dolor inicial:<\/strong> Es posible que sientas dolor en la boca y los dientes durante 3-5 d\u00edas despu\u00e9s de ponerte los aparatos.<\/p><\/li><li><p><strong>Alivio del dolor:<\/strong> Los analg\u00e9sicos de venta libre pueden ayudar a aliviar las molestias durante este periodo.<\/p><\/li><li><p><strong>Irritaci\u00f3n:<\/strong> Al principio, tus labios, mejillas y lengua pueden irritarse, pero se endurecer\u00e1n con el tiempo.<\/p><\/li><\/ul><h2>Aflojamiento de los Dientes<\/h2><p>Es normal que tus dientes se sientan ligeramente flojos durante el tratamiento mientras se ajustan a las nuevas posiciones. Este proceso es necesario para una alineaci\u00f3n eficaz, y tus dientes se estabilizar\u00e1n en sus posiciones corregidas tras finalizar el tratamiento. <\/p><p><strong>Alambre o Banda Sueltos<\/strong><\/p><p>\u00bfTienes un alambre o una banda sueltos? Esto es lo que hay que hacer: <\/p><ul><li><p><strong>Vuelve a colocar el alambre:<\/strong> Utiliza una herramienta suave (como el extremo de la goma de borrar de un l\u00e1piz) para volver a meter con cuidado el alambre irritante bajo el arco de alambre.<\/p><\/li><li><p><strong>Utiliza cera ortod\u00f3ncica:<\/strong> Aplica cera al alambre para mayor comodidad y para reducir la irritaci\u00f3n.<\/p><\/li><\/ul><h2>Uso de la Goma El\u00e1stica<\/h2><p>El \u00e9xito del tratamiento ortod\u00f3ncico depende de la cooperaci\u00f3n del paciente con las gomas el\u00e1sticas u otros aparatos prescritos. El uso constante es esencial para que los dientes y los maxilares se muevan hacia sus posiciones corregidas. El cumplimiento de las instrucciones evita retrasos en el tratamiento y garantiza unos resultados \u00f3ptimos.  <\/p><h2>Atletismo y Protectores Bucales<\/h2><p>\u00a1Inf\u00f3rmanos si haces deporte! Proporcionamos protectores bucales personalizados dise\u00f1ados para deportes de contacto, para salvaguardar tanto tus aparatos como tus dientes. Tanto si practicas f\u00fatbol como baloncesto o cualquier deporte de contacto, nuestros protectores bucales especializados reducen el riesgo de lesiones dentales y protegen tus aparatos de ortodoncia.  <\/p>\t\t\t\t\t\t\t\t<\/div>\n\t\t\t\t<\/div>\n\t\t\t\t\t<\/div>\n\t\t<\/div>\n\t\t\t\t\t<\/div>\n\t\t<\/section>\n\t\t\t\t<\/div>\n\t\t","protected":false},"excerpt":{"rendered":"<p>Cepillado e Hilo Dental Mantener una excelente higiene bucal con aparatos es crucial durante el tratamiento de ortodoncia para garantizar la salud de tus dientes y enc\u00edas. Esto es lo que debes saber: Importancia: Los aparatos requieren ajustes en tus h\u00e1bitos de cepillado y uso del hilo dental para mantener sanos tus dientes y enc\u00edas. Limpiezas profesionales: Los [&hellip;]<\/p>\n","protected":false},"author":2,"featured_media":0,"parent":0,"menu_order":68,"comment_status":"closed","ping_status":"closed","template":"","meta":{"_seopress_robots_primary_cat":"","_seopress_titles_title":"Todo sobre los brackets en Torres Ortodoncia en Tampa Miami Lakes FL","_seopress_titles_desc":"Lo m\u00e1s importante que debes recordar cuando lleves ortodoncia es asegurarte de cepillarte los dientes y usar hilo dental en Torres Orthodontics en Tampa y Miami Lakes, FL.","_seopress_robots_index":"","footnotes":""},"class_list":["post-6870","page","type-page","status-publish"],"_links":{"self":[{"href":"https:\/\/torresorthodontics.com\/es\/wp-json\/wp\/v2\/pages\/6870","targetHints":{"allow":["GET"]}}],"collection":[{"href":"https:\/\/torresorthodontics.com\/es\/wp-json\/wp\/v2\/pages"}],"about":[{"href":"https:\/\/torresorthodontics.com\/es\/wp-json\/wp\/v2\/types\/page"}],"author":[{"embeddable":true,"href":"https:\/\/torresorthodontics.com\/es\/wp-json\/wp\/v2\/users\/2"}],"replies":[{"embeddable":true,"href":"https:\/\/torresorthodontics.com\/es\/wp-json\/wp\/v2\/comments?post=6870"}],"version-history":[{"count":4,"href":"https:\/\/torresorthodontics.com\/es\/wp-json\/wp\/v2\/pages\/6870\/revisions"}],"predecessor-version":[{"id":8460,"href":"https:\/\/torresorthodontics.com\/es\/wp-json\/wp\/v2\/pages\/6870\/revisions\/8460"}],"wp:attachment":[{"href":"https:\/\/torresorthodontics.com\/es\/wp-json\/wp\/v2\/media?parent=6870"}],"curies":[{"name":"wp","href":"https:\/\/api.w.org\/{rel}","templated":true}]}}