{"id":6874,"date":"2017-02-06T01:34:28","date_gmt":"2017-02-06T01:34:28","guid":{"rendered":"https:\/\/torresorthodontics.com\/tipos-de-ortodoncia\/"},"modified":"2025-05-14T21:49:33","modified_gmt":"2025-05-14T21:49:33","slug":"tipos-de-ortodoncia","status":"publish","type":"page","link":"https:\/\/torresorthodontics.com\/es\/tipos-de-ortodoncia\/","title":{"rendered":"Tipos de Ortodoncia"},"content":{"rendered":"\t\t<div data-elementor-type=\"wp-page\" data-elementor-id=\"6874\" class=\"elementor elementor-6874 elementor-3074\" data-elementor-post-type=\"page\">\n\t\t\t\t\t\t<section data-particle_enable=\"false\" data-particle-mobile-disabled=\"false\" class=\"elementor-section elementor-top-section elementor-element elementor-element-45075cdf elementor-section-boxed elementor-section-height-default elementor-section-height-default\" data-id=\"45075cdf\" data-element_type=\"section\" data-e-type=\"section\">\n\t\t\t\t\t\t<div class=\"elementor-container elementor-column-gap-default\">\n\t\t\t\t\t<div class=\"elementor-column elementor-col-100 elementor-top-column elementor-element elementor-element-651489f5\" data-id=\"651489f5\" data-element_type=\"column\" data-e-type=\"column\">\n\t\t\t<div class=\"elementor-widget-wrap elementor-element-populated\">\n\t\t\t\t\t\t<div class=\"elementor-element elementor-element-7a1eab07 elementor-widget elementor-widget-text-editor\" data-id=\"7a1eab07\" data-element_type=\"widget\" data-e-type=\"widget\" data-widget_type=\"text-editor.default\">\n\t\t\t\t<div class=\"elementor-widget-container\">\n\t\t\t\t\t\t\t\t\t<h2>Descubre tu Sonrisa Perfecta en Torres Orthodontics<\/h2><p>En<strong> Torres Orthodontics<\/strong> ofrecemos una amplia gama de soluciones avanzadas de ortodoncia para satisfacer las necesidades de cada paciente. Desde los aparatos met\u00e1licos tradicionales hasta opciones casi invisibles como los aparatos transparentes y los alineadores transparentes, nos aseguramos de que tengas las mejores opciones para conseguir una sonrisa impresionante. <a href=\"https:\/\/torresorthodontics.com\/doctors\/meet-dr-torres\/\"><strong>El Dr. Rodney Torres<\/strong><\/a> te ayudar\u00e1 a elegir el mejor tratamiento para tu estilo de vida y preferencias. <\/p><h3>Brackets Met\u00e1licos<\/h3><p>Los aparatos met\u00e1licos tradicionales siguen siendo una opci\u00f3n popular para el tratamiento de ortodoncia. Los modernos aparatos met\u00e1licos son ahora m\u00e1s peque\u00f1os, m\u00e1s c\u00f3modos y est\u00e1n hechos de aleaciones met\u00e1licas de alta calidad. Incluso pueden personalizarse con el\u00e1sticos de colores para crear una sonrisa \u00fanica y vistosa.  <\/p><p><img fetchpriority=\"high\" decoding=\"async\" class=\"size-medium wp-image-3387 aligncenter\" src=\"https:\/\/torresorthodontics.com\/wp-content\/uploads\/2022\/11\/Types-of-Braces-Metal-Braces-300x246.jpg\" alt=\"\" width=\"300\" height=\"246\" srcset=\"https:\/\/torresorthodontics.com\/wp-content\/uploads\/2022\/11\/Types-of-Braces-Metal-Braces-300x246.jpg 300w, https:\/\/torresorthodontics.com\/wp-content\/uploads\/2022\/11\/Types-of-Braces-Metal-Braces.jpg 400w\" sizes=\"(max-width: 300px) 100vw, 300px\" \/><\/p><h3>Brackets Cer\u00e1micos Transparentes<\/h3><p>Los brackets cer\u00e1micos, tambi\u00e9n conocidos como brackets transparentes, est\u00e1n hechos de materiales transparentes o del color del diente, lo que los convierte en una opci\u00f3n m\u00e1s discreta que los tradicionales brackets met\u00e1licos. Los adolescentes y adultos mayores suelen elegirlos y ofrecen una forma c\u00f3moda y duradera de enderezar los dientes y corregir los problemas de mordida. Su escasa visibilidad los convierte en una opci\u00f3n popular para pacientes de todas las edades que desean una forma sutil de conseguir una sonrisa perfecta.  <\/p><h2><img decoding=\"async\" class=\"size-medium wp-image-3396 aligncenter\" src=\"https:\/\/torresorthodontics.com\/wp-content\/uploads\/2022\/11\/Types-of-Braces-Ceramic-Braces-300x246.jpg\" alt=\"\" width=\"300\" height=\"246\" srcset=\"https:\/\/torresorthodontics.com\/wp-content\/uploads\/2022\/11\/Types-of-Braces-Ceramic-Braces-300x246.jpg 300w, https:\/\/torresorthodontics.com\/wp-content\/uploads\/2022\/11\/Types-of-Braces-Ceramic-Braces.jpg 400w\" sizes=\"(max-width: 300px) 100vw, 300px\" \/><\/h2><div class=\"group\/conversation-turn relative flex w-full min-w-0 flex-col agent-turn\"><div class=\"flex-col gap-1 md:gap-3\"><div class=\"flex flex-grow flex-col max-w-full\"><div class=\"min-h-[20px] text-message flex flex-col items-start whitespace-pre-wrap break-words [.text-message+&amp;]:mt-5 juice:w-full juice:items-end overflow-x-auto gap-2\" dir=\"auto\" data-message-author-role=\"assistant\" data-message-id=\"99269f19-ea32-444e-ac43-a6f32ccbbffa\"><div class=\"flex w-full flex-col gap-1 juice:empty:hidden juice:first:pt-[3px]\"><div class=\"markdown prose w-full break-words dark:prose-invert light\"> <\/div><\/div><\/div><\/div><\/div><\/div><h3>Alineadores Transparentes<\/h3><div class=\"flex max-w-full flex-col flex-grow\"><div class=\"min-h-[20px] text-message flex w-full flex-col items-end gap-2 break-words [.text-message+&amp;]:mt-5 overflow-x-auto whitespace-normal\" dir=\"auto\" data-message-author-role=\"assistant\" data-message-id=\"e29322a5-4a0e-44f8-ba07-bbac3222a98e\"><div class=\"flex w-full flex-col gap-1 empty:hidden first:pt-[3px]\"><div class=\"markdown prose w-full break-words dark:prose-invert light\"><p><a href=\"https:\/\/torresorthodontics.com\/es\/alineadores-transparentes\/\">Los alineadores transparentes<\/a> utilizan una serie de cubetas invisibles y extra\u00edbles para enderezar gradualmente tus dientes. Como los alineadores se pueden quitar, puedes disfrutar de cualquier comida o bebida sin restricciones durante el tratamiento. Adem\u00e1s, cepillarse los dientes y usar hilo dental es m\u00e1s c\u00f3modo. Estos alineadores est\u00e1n dise\u00f1ados para ser c\u00f3modos y no tienen metal, por lo que no hay riesgo de irritaci\u00f3n bucal durante el proceso.   <\/p><\/div><\/div><\/div><\/div><p><img decoding=\"async\" class=\"size-medium wp-image-3382 aligncenter\" src=\"https:\/\/torresorthodontics.com\/wp-content\/uploads\/2022\/11\/Types-of-Braces-Clear-Aligners-300x246.jpg\" alt=\"\" width=\"300\" height=\"246\" srcset=\"https:\/\/torresorthodontics.com\/wp-content\/uploads\/2022\/11\/Types-of-Braces-Clear-Aligners-300x246.jpg 300w, https:\/\/torresorthodontics.com\/wp-content\/uploads\/2022\/11\/Types-of-Braces-Clear-Aligners.jpg 400w\" sizes=\"(max-width: 300px) 100vw, 300px\" \/><\/p>\t\t\t\t\t\t\t\t<\/div>\n\t\t\t\t<\/div>\n\t\t\t\t\t<\/div>\n\t\t<\/div>\n\t\t\t\t\t<\/div>\n\t\t<\/section>\n\t\t\t\t<\/div>\n\t\t","protected":false},"excerpt":{"rendered":"<p>Descubre tu Sonrisa Perfecta en Torres Orthodontics En Torres Orthodontics ofrecemos una amplia gama de soluciones avanzadas de ortodoncia para satisfacer las necesidades de cada paciente. Desde los aparatos met\u00e1licos tradicionales hasta opciones casi invisibles como los aparatos transparentes y los alineadores transparentes, nos aseguramos de que tengas las mejores opciones para conseguir una sonrisa impresionante. El Dr. [&hellip;]<\/p>\n","protected":false},"author":2,"featured_media":0,"parent":0,"menu_order":65,"comment_status":"closed","ping_status":"closed","template":"","meta":{"_seopress_robots_primary_cat":"","_seopress_titles_title":"Tipos de ortodoncia Tampa Miami Lakes FL | Ortodoncia Torres","_seopress_titles_desc":"El ortodoncista Dr. Torres de Torres Orthodontics ofrece diferentes tipos de aparatos para satisfacer tus necesidades en Tampa y Miami Lakes, FL.","_seopress_robots_index":"","footnotes":""},"class_list":["post-6874","page","type-page","status-publish"],"_links":{"self":[{"href":"https:\/\/torresorthodontics.com\/es\/wp-json\/wp\/v2\/pages\/6874","targetHints":{"allow":["GET"]}}],"collection":[{"href":"https:\/\/torresorthodontics.com\/es\/wp-json\/wp\/v2\/pages"}],"about":[{"href":"https:\/\/torresorthodontics.com\/es\/wp-json\/wp\/v2\/types\/page"}],"author":[{"embeddable":true,"href":"https:\/\/torresorthodontics.com\/es\/wp-json\/wp\/v2\/users\/2"}],"replies":[{"embeddable":true,"href":"https:\/\/torresorthodontics.com\/es\/wp-json\/wp\/v2\/comments?post=6874"}],"version-history":[{"count":21,"href":"https:\/\/torresorthodontics.com\/es\/wp-json\/wp\/v2\/pages\/6874\/revisions"}],"predecessor-version":[{"id":8455,"href":"https:\/\/torresorthodontics.com\/es\/wp-json\/wp\/v2\/pages\/6874\/revisions\/8455"}],"wp:attachment":[{"href":"https:\/\/torresorthodontics.com\/es\/wp-json\/wp\/v2\/media?parent=6874"}],"curies":[{"name":"wp","href":"https:\/\/api.w.org\/{rel}","templated":true}]}}