{"id":6879,"date":"2017-02-06T01:11:44","date_gmt":"2017-02-06T01:11:44","guid":{"rendered":"https:\/\/torresorthodontics.com\/mapa-del-sitio\/"},"modified":"2025-05-22T20:44:51","modified_gmt":"2025-05-22T20:44:51","slug":"mapa-del-sitio","status":"publish","type":"page","link":"https:\/\/torresorthodontics.com\/es\/mapa-del-sitio\/","title":{"rendered":"Mapa del Sitio"},"content":{"rendered":"\t\t<div data-elementor-type=\"wp-page\" data-elementor-id=\"6879\" class=\"elementor elementor-6879 elementor-644\" data-elementor-post-type=\"page\">\n\t\t\t\t<div data-particle_enable=\"false\" data-particle-mobile-disabled=\"false\" class=\"elementor-element elementor-element-a2df76b e-flex e-con-boxed e-con e-parent\" data-id=\"a2df76b\" data-element_type=\"container\" data-e-type=\"container\">\n\t\t\t\t\t<div class=\"e-con-inner\">\n\t\t<div data-particle_enable=\"false\" data-particle-mobile-disabled=\"false\" class=\"elementor-element elementor-element-a7b495b e-con-full e-flex e-con e-child\" data-id=\"a7b495b\" data-element_type=\"container\" data-e-type=\"container\">\n\t\t\t\t<div class=\"elementor-element elementor-element-0a865c5 elementor-widget elementor-widget-sitemap\" data-id=\"0a865c5\" data-element_type=\"widget\" data-e-type=\"widget\" data-widget_type=\"sitemap.default\">\n\t\t\t\t<div class=\"elementor-widget-container\">\n\t\t\t\t\t<div class=\"elementor-sitemap-wrap\"><div class=\"elementor-sitemap-section\"><h2 class=\"elementor-sitemap-title elementor-sitemap-page-title\">Pages<\/h2><ul class=\"elementor-sitemap-list elementor-sitemap-page-list\"><li class=\"elementor-sitemap-item elementor-sitemap-item-page page_item page-item-9215\"><a href=\"https:\/\/torresorthodontics.com\/es\/bienvenido-v2\/\">Consulta gratuita<\/a><\/li><li class=\"elementor-sitemap-item elementor-sitemap-item-page page_item page-item-8384\"><a href=\"https:\/\/torresorthodontics.com\/es\/invisalign\/\">Invisalign<\/a><\/li><li class=\"elementor-sitemap-item elementor-sitemap-item-page page_item page-item-6881\"><a href=\"https:\/\/torresorthodontics.com\/es\/\">Inicio<\/a><\/li><li class=\"elementor-sitemap-item elementor-sitemap-item-page page_item page-item-7361\"><a href=\"https:\/\/torresorthodontics.com\/es\/nuestro-blog\/\">Nuestro Blog<\/a><\/li><li class=\"elementor-sitemap-item elementor-sitemap-item-page page_item page-item-6841\"><a href=\"https:\/\/torresorthodontics.com\/es\/ubicacion-en-miami-lakes\/\">Ubicaci\u00f3n en Miami Lakes<\/a><\/li><li class=\"elementor-sitemap-item elementor-sitemap-item-page page_item page-item-6846\"><a href=\"https:\/\/torresorthodontics.com\/es\/ubicacion-en-tampa\/\">Ubicaci\u00f3n en Tampa<\/a><\/li><li class=\"elementor-sitemap-item elementor-sitemap-item-page page_item page-item-6847\"><a href=\"https:\/\/torresorthodontics.com\/es\/ubicacion-en-boca-raton\/\">Ubicaci\u00f3n en Boca Raton<\/a><\/li><li class=\"elementor-sitemap-item elementor-sitemap-item-page page_item page-item-6838\"><a href=\"https:\/\/torresorthodontics.com\/es\/ubicacion-de-west-chase\/\">Ubicaci\u00f3n de West Chase<\/a><\/li><li class=\"elementor-sitemap-item elementor-sitemap-item-page page_item page-item-6730\"><a href=\"https:\/\/torresorthodontics.com\/es\/nuestro-equipo\/\">Nuestro Equipo<\/a><\/li><li class=\"elementor-sitemap-item elementor-sitemap-item-page page_item page-item-6734\"><a href=\"https:\/\/torresorthodontics.com\/es\/por-que-elegirnos\/\">Por Qu\u00e9 Elegirnos<\/a><\/li><li class=\"elementor-sitemap-item elementor-sitemap-item-page page_item page-item-6840\"><a href=\"https:\/\/torresorthodontics.com\/es\/visita-a-la-oficina\/\">Visita a la oficina<\/a><\/li><li class=\"elementor-sitemap-item elementor-sitemap-item-page page_item page-item-6856\"><a href=\"https:\/\/torresorthodontics.com\/es\/devolver\/\">Retribuci\u00f3n<\/a><\/li><li class=\"elementor-sitemap-item elementor-sitemap-item-page page_item page-item-6732\"><a href=\"https:\/\/torresorthodontics.com\/es\/primera-visita\/\">Primera visita<\/a><\/li><li class=\"elementor-sitemap-item elementor-sitemap-item-page page_item page-item-6728\"><a href=\"https:\/\/torresorthodontics.com\/es\/seguros-y-financiacion\/\">Seguros y Financiaci\u00f3n<\/a><\/li><li class=\"elementor-sitemap-item elementor-sitemap-item-page page_item page-item-6864\"><a href=\"https:\/\/torresorthodontics.com\/es\/tecnologia-avanzada\/\">Tecnolog\u00eda avanzada<\/a><\/li><li class=\"elementor-sitemap-item elementor-sitemap-item-page page_item page-item-6859\"><a href=\"https:\/\/torresorthodontics.com\/es\/recursos-para-pacientes\/\">Recursos para Pacientes<\/a><\/li><li class=\"elementor-sitemap-item elementor-sitemap-item-page page_item page-item-6862\"><a href=\"https:\/\/torresorthodontics.com\/es\/preguntas-frecuentes\/\">PREGUNTAS FRECUENTES<\/a><\/li><li class=\"elementor-sitemap-item elementor-sitemap-item-page page_item page-item-6883\"><a href=\"https:\/\/torresorthodontics.com\/es\/ortodoncia-temprana\/\">Ortodoncia Temprana<\/a><\/li><li class=\"elementor-sitemap-item elementor-sitemap-item-page page_item page-item-6861\"><a href=\"https:\/\/torresorthodontics.com\/es\/tratamiento-de-adolescentes\/\">Tratamiento de Adolescentes<\/a><\/li><li class=\"elementor-sitemap-item elementor-sitemap-item-page page_item page-item-6867\"><a href=\"https:\/\/torresorthodontics.com\/es\/ortodoncia-para-adultos\/\">Ortodoncia para Adultos<\/a><\/li><li class=\"elementor-sitemap-item elementor-sitemap-item-page page_item page-item-6874\"><a href=\"https:\/\/torresorthodontics.com\/es\/tipos-de-ortodoncia\/\">Tipos de Ortodoncia<\/a><\/li><li class=\"elementor-sitemap-item elementor-sitemap-item-page page_item page-item-6870\"><a href=\"https:\/\/torresorthodontics.com\/es\/todo-sobre-la-ortodoncia\/\">Todo Sobre la Ortodoncia<\/a><\/li><li class=\"elementor-sitemap-item elementor-sitemap-item-page page_item page-item-6854\"><a href=\"https:\/\/torresorthodontics.com\/es\/antes-y-despues\/\">Antes y Despu\u00e9s<\/a><\/li><li class=\"elementor-sitemap-item elementor-sitemap-item-page page_item page-item-6733\"><a href=\"https:\/\/torresorthodontics.com\/es\/retenedores-de-ortodoncia\/\">Retenedores de Ortodoncia<\/a><\/li><li class=\"elementor-sitemap-item elementor-sitemap-item-page page_item page-item-6853\"><a href=\"https:\/\/torresorthodontics.com\/es\/tratamientos-comunes\/\">Tratamientos Comunes<\/a><\/li><li class=\"elementor-sitemap-item elementor-sitemap-item-page page_item page-item-6850\"><a href=\"https:\/\/torresorthodontics.com\/es\/alineadores-transparentes\/\">Alineadores Transparentes<\/a><\/li><li class=\"elementor-sitemap-item elementor-sitemap-item-page page_item page-item-6844\"><a href=\"https:\/\/torresorthodontics.com\/es\/concertar-una-cita\/\">Programa una Cita<\/a><\/li><li class=\"elementor-sitemap-item elementor-sitemap-item-page page_item page-item-7333\"><a href=\"https:\/\/torresorthodontics.com\/es\/portal-del-paciente\/\">Portal del Paciente<\/a><\/li><li class=\"elementor-sitemap-item elementor-sitemap-item-page page_item page-item-6879\"><a href=\"https:\/\/torresorthodontics.com\/es\/mapa-del-sitio\/\">Mapa del Sitio<\/a><\/li><li class=\"elementor-sitemap-item elementor-sitemap-item-page page_item page-item-6873\"><a href=\"https:\/\/torresorthodontics.com\/es\/politica-de-privacidad\/\">Pol\u00edtica de Privacidad<\/a><\/li><li class=\"elementor-sitemap-item elementor-sitemap-item-page page_item page-item-6731\"><a href=\"https:\/\/torresorthodontics.com\/es\/politica-antispam\/\">Pol\u00edtica Antispam<\/a><\/li><li class=\"elementor-sitemap-item elementor-sitemap-item-page page_item page-item-6869\"><a href=\"https:\/\/torresorthodontics.com\/es\/declaracion-de-accesibilidad\/\">Declaraci\u00f3n de Accesibilidad<\/a><\/li><\/ul><\/div><\/div>\t\t\t\t<\/div>\n\t\t\t\t<\/div>\n\t\t\t\t<\/div>\n\t\t<div data-particle_enable=\"false\" data-particle-mobile-disabled=\"false\" class=\"elementor-element elementor-element-cbba084 e-con-full e-flex e-con e-child\" data-id=\"cbba084\" data-element_type=\"container\" data-e-type=\"container\">\n\t\t\t\t<div class=\"elementor-element elementor-element-36175c2 elementor-widget elementor-widget-sitemap\" data-id=\"36175c2\" data-element_type=\"widget\" data-e-type=\"widget\" data-widget_type=\"sitemap.default\">\n\t\t\t\t<div class=\"elementor-widget-container\">\n\t\t\t\t\t<div class=\"elementor-sitemap-wrap\"><div class=\"elementor-sitemap-section\"><h2 class=\"elementor-sitemap-title elementor-sitemap-doctor-title\">Doctor<\/h2><ul class=\"elementor-sitemap-list elementor-sitemap-doctor-list\"><li class=\"elementor-sitemap-item elementor-sitemap-item-doctor page_item page-item-271\"><a href=\"https:\/\/torresorthodontics.com\/es\/doctors\/meet-dr-torres\/\">Meet Dr. Rodney Torres<\/a><\/li><\/ul><\/div><\/div>\t\t\t\t<\/div>\n\t\t\t\t<\/div>\n\t\t\t\t<\/div>\n\t\t<div data-particle_enable=\"false\" data-particle-mobile-disabled=\"false\" class=\"elementor-element elementor-element-2728b36 e-con-full e-flex e-con e-child\" data-id=\"2728b36\" data-element_type=\"container\" data-e-type=\"container\">\n\t\t\t\t<div class=\"elementor-element elementor-element-06b9246 elementor-widget elementor-widget-heading\" data-id=\"06b9246\" data-element_type=\"widget\" data-e-type=\"widget\" data-widget_type=\"heading.default\">\n\t\t\t\t<div class=\"elementor-widget-container\">\n\t\t\t\t\t<h2 class=\"elementor-heading-title elementor-size-default\">Localizaciones<\/h2>\t\t\t\t<\/div>\n\t\t\t\t<\/div>\n\t\t\t\t<div class=\"elementor-element elementor-element-44d5bdf elementor-widget elementor-widget-text-editor\" data-id=\"44d5bdf\" data-element_type=\"widget\" data-e-type=\"widget\" data-widget_type=\"text-editor.default\">\n\t\t\t\t<div class=\"elementor-widget-container\">\n\t\t\t\t\t\t\t\t\t<ul><li><a href=\"https:\/\/torresorthodontics.com\/es\/ubicacion-en-tampa\/\">Ubicaci\u00f3n en Tampa<\/a><\/li><li><a href=\"https:\/\/torresorthodontics.com\/es\/ubicacion-en-miami-lakes\/\">Ubicaci\u00f3n en Miami Lakes<\/a><\/li><li><a href=\"https:\/\/torresorthodontics.com\/es\/ubicacion-en-boca-raton\/\">Ubicaci\u00f3n en Boca Raton<\/a><\/li><\/ul>\t\t\t\t\t\t\t\t<\/div>\n\t\t\t\t<\/div>\n\t\t\t\t<\/div>\n\t\t\t\t\t<\/div>\n\t\t\t\t<\/div>\n\t\t\t\t<\/div>\n\t\t","protected":false},"excerpt":{"rendered":"<p>Localizaciones Ubicaci\u00f3n en Tampa Ubicaci\u00f3n en Miami Lakes Ubicaci\u00f3n en Boca Raton<\/p>\n","protected":false},"author":2,"featured_media":0,"parent":0,"menu_order":89,"comment_status":"closed","ping_status":"closed","template":"elementor_theme","meta":{"_seopress_robots_primary_cat":"","_seopress_titles_title":"Sitemap at Torres Orthodontics in Tampa Miami Lakes FL","_seopress_titles_desc":"The sitemap is located at the bottom of the website at Torres Orthodontics in Tampa and Miami Lakes, FL.","_seopress_robots_index":"","footnotes":""},"class_list":["post-6879","page","type-page","status-publish"],"_links":{"self":[{"href":"https:\/\/torresorthodontics.com\/es\/wp-json\/wp\/v2\/pages\/6879","targetHints":{"allow":["GET"]}}],"collection":[{"href":"https:\/\/torresorthodontics.com\/es\/wp-json\/wp\/v2\/pages"}],"about":[{"href":"https:\/\/torresorthodontics.com\/es\/wp-json\/wp\/v2\/types\/page"}],"author":[{"embeddable":true,"href":"https:\/\/torresorthodontics.com\/es\/wp-json\/wp\/v2\/users\/2"}],"replies":[{"embeddable":true,"href":"https:\/\/torresorthodontics.com\/es\/wp-json\/wp\/v2\/comments?post=6879"}],"version-history":[{"count":5,"href":"https:\/\/torresorthodontics.com\/es\/wp-json\/wp\/v2\/pages\/6879\/revisions"}],"predecessor-version":[{"id":8534,"href":"https:\/\/torresorthodontics.com\/es\/wp-json\/wp\/v2\/pages\/6879\/revisions\/8534"}],"wp:attachment":[{"href":"https:\/\/torresorthodontics.com\/es\/wp-json\/wp\/v2\/media?parent=6879"}],"curies":[{"name":"wp","href":"https:\/\/api.w.org\/{rel}","templated":true}]}}