{"id":6883,"date":"2017-02-06T01:33:06","date_gmt":"2017-02-06T01:33:06","guid":{"rendered":"https:\/\/torresorthodontics.com\/ortodoncia-temprana\/"},"modified":"2025-05-14T21:18:36","modified_gmt":"2025-05-14T21:18:36","slug":"ortodoncia-temprana","status":"publish","type":"page","link":"https:\/\/torresorthodontics.com\/es\/ortodoncia-temprana\/","title":{"rendered":"Ortodoncia Temprana"},"content":{"rendered":"\t\t<div data-elementor-type=\"wp-page\" data-elementor-id=\"6883\" class=\"elementor elementor-6883 elementor-36\" data-elementor-post-type=\"page\">\n\t\t\t\t\t\t<section data-particle_enable=\"false\" data-particle-mobile-disabled=\"false\" class=\"elementor-section elementor-top-section elementor-element elementor-element-444ee7ad elementor-section-boxed elementor-section-height-default elementor-section-height-default\" data-id=\"444ee7ad\" data-element_type=\"section\" data-e-type=\"section\">\n\t\t\t\t\t\t<div class=\"elementor-container elementor-column-gap-default\">\n\t\t\t\t\t<div class=\"elementor-column elementor-col-100 elementor-top-column elementor-element elementor-element-dc59cc\" data-id=\"dc59cc\" data-element_type=\"column\" data-e-type=\"column\">\n\t\t\t<div class=\"elementor-widget-wrap elementor-element-populated\">\n\t\t\t\t\t\t<div class=\"elementor-element elementor-element-788fbfeb elementor-widget elementor-widget-text-editor\" data-id=\"788fbfeb\" data-element_type=\"widget\" data-e-type=\"widget\" data-widget_type=\"text-editor.default\">\n\t\t\t\t<div class=\"elementor-widget-container\">\n\t\t\t\t\t\t\t\t\t<h2>\u00bfCu\u00e1ndo Debe un Ni\u00f1o Acudir por Primera Vez al Ortodoncista?<\/h2><p>La Asociaci\u00f3n Americana de Ortodoncistas aconseja que los ni\u00f1os se sometan a su primera revisi\u00f3n ortod\u00f3ncica a los 7 a\u00f1os. Esto permite <a href=\"https:\/\/torresorthodontics.com\/doctors\/meet-dr-torres\/\">al Dr. Rodney Torres<\/a>, de Torres Orthodontics, evaluar la necesidad de un futuro tratamiento ortod\u00f3ncico y determinar su momento \u00f3ptimo. Muchos dentistas locales est\u00e1n formados para detectar problemas ortod\u00f3ncicos tempranos y pueden remitir a los ni\u00f1os a nuestra consulta incluso antes de los 7 a\u00f1os si surgen dudas.  <\/p><h2>\u00bfPor Qu\u00e9 Evaluar a los Ni\u00f1os a Una Edad Temprana?<\/h2><p>El diagn\u00f3stico y el tratamiento temprano pueden:<\/p><ul><li>Guiar <strong>los dientes en erupci\u00f3n<\/strong> hacia mejores posiciones<\/li><li>Preservar <strong>el espacio<\/strong> para los dientes permanentes<\/li><li>Reduce <strong>el riesgo de fractura de<\/strong> los dientes frontales salientes<\/li><\/ul><p>Si es necesario un tratamiento temprano, el Dr. Torres puede guiar el crecimiento de la mand\u00edbula y los dientes permanentes entrantes. La intervenci\u00f3n temprana tambi\u00e9n puede: <\/p><ul><li>Regular la anchura de las arcadas dentales<\/li><li>Crear espacio para los dientes permanentes<\/li><li>Evita la necesidad de extracciones dentales permanentes<\/li><li>Reducir la probabilidad de dientes permanentes impactados<\/li><li>Corregir h\u00e1bitos como chuparse el dedo<\/li><li>Eliminar problemas anormales de degluci\u00f3n o del habla<\/li><\/ul><p>El tratamiento temprano puede simplificar el tratamiento futuro despu\u00e9s de que hayan erupcionado todos los dientes permanentes, favoreciendo una mejor salud y crecimiento dentales.<\/p><h2>\u00bfEl Tratamiento Temprano Beneficia a Todos Los Ni\u00f1os?<\/h2><p>No todos los ni\u00f1os se benefician de un tratamiento temprano. Algunos problemas de ortodoncia se corrigen m\u00e1s eficazmente durante la adolescencia, cuando han erupcionado todos los dientes permanentes. Algunos problemas esquel\u00e9ticos deben tratarse cuando el crecimiento est\u00e1 m\u00e1s avanzado.  <\/p>\t\t\t\t\t\t\t\t<\/div>\n\t\t\t\t<\/div>\n\t\t\t\t\t<\/div>\n\t\t<\/div>\n\t\t\t\t\t<\/div>\n\t\t<\/section>\n\t\t<div data-particle_enable=\"false\" data-particle-mobile-disabled=\"false\" class=\"elementor-element elementor-element-2bf227d e-flex e-con-boxed e-con e-parent\" data-id=\"2bf227d\" data-element_type=\"container\" data-e-type=\"container\">\n\t\t\t\t\t<div class=\"e-con-inner\">\n\t\t<div data-particle_enable=\"false\" data-particle-mobile-disabled=\"false\" class=\"elementor-element elementor-element-f52e258 e-con-full e-flex e-con e-child\" data-id=\"f52e258\" data-element_type=\"container\" data-e-type=\"container\">\n\t\t\t\t<div class=\"elementor-element elementor-element-9db14d6 elementor-widget elementor-widget-image\" data-id=\"9db14d6\" data-element_type=\"widget\" data-e-type=\"widget\" data-widget_type=\"image.default\">\n\t\t\t\t<div class=\"elementor-widget-container\">\n\t\t\t\t\t\t\t\t\t\t\t\t\t\t\t<img fetchpriority=\"high\" decoding=\"async\" width=\"768\" height=\"1024\" src=\"https:\/\/torresorthodontics.com\/wp-content\/uploads\/2024\/09\/early-treatment-768x1024.webp\" class=\"attachment-large size-large wp-image-6727\" alt=\"Early Treatment at Torres Orthodontics in Tampa and Miami Lakes, FL\" srcset=\"https:\/\/torresorthodontics.com\/wp-content\/uploads\/2024\/09\/early-treatment-768x1024.webp 768w, https:\/\/torresorthodontics.com\/wp-content\/uploads\/2024\/09\/early-treatment-225x300.webp 225w, https:\/\/torresorthodontics.com\/wp-content\/uploads\/2024\/09\/early-treatment.webp 1000w\" sizes=\"(max-width: 768px) 100vw, 768px\" \/>\t\t\t\t\t\t\t\t\t\t\t\t\t\t\t<\/div>\n\t\t\t\t<\/div>\n\t\t\t\t<\/div>\n\t\t<div data-particle_enable=\"false\" data-particle-mobile-disabled=\"false\" class=\"elementor-element elementor-element-e84c5ab e-con-full e-flex e-con e-child\" data-id=\"e84c5ab\" data-element_type=\"container\" data-e-type=\"container\">\n\t\t\t\t<div class=\"elementor-element elementor-element-a0063c1 elementor-widget elementor-widget-text-editor\" data-id=\"a0063c1\" data-element_type=\"widget\" data-e-type=\"widget\" data-widget_type=\"text-editor.default\">\n\t\t\t\t<div class=\"elementor-widget-container\">\n\t\t\t\t\t\t\t\t\t<h2>\u00danete a Nuestro Club 7&amp;UP<\/h2><p>El Dr. Torres crear\u00e1 un plan de tratamiento personalizado basado en las necesidades de cada ni\u00f1o. Si no es necesario un tratamiento temprano, tu hijo puede unirse gratuitamente a nuestro <strong>Club 7&amp;UP<\/strong>, que no requiere derivaci\u00f3n. Esta afiliaci\u00f3n garantiza que tu hijo reciba citas de observaci\u00f3n de seguimiento gratuitas hasta que est\u00e9 preparado para el tratamiento. Adem\u00e1s, pueden divertirse participando en premios especiales y concursos a lo largo del camino. Sin embargo, es fundamental someterse a una evaluaci\u00f3n antes de los 7 a\u00f1os.    <\/p>\t\t\t\t\t\t\t\t<\/div>\n\t\t\t\t<\/div>\n\t\t\t\t<\/div>\n\t\t\t\t\t<\/div>\n\t\t\t\t<\/div>\n\t\t<div data-particle_enable=\"false\" data-particle-mobile-disabled=\"false\" class=\"elementor-element elementor-element-6b4df16 e-flex e-con-boxed e-con e-parent\" data-id=\"6b4df16\" data-element_type=\"container\" data-e-type=\"container\">\n\t\t\t\t\t<div class=\"e-con-inner\">\n\t\t\t\t<div class=\"elementor-element elementor-element-e2837da elementor-widget elementor-widget-text-editor\" data-id=\"e2837da\" data-element_type=\"widget\" data-e-type=\"widget\" data-widget_type=\"text-editor.default\">\n\t\t\t\t<div class=\"elementor-widget-container\">\n\t\t\t\t\t\t\t\t\t<h2>Beneficios Adicionales del Tratamiento de Ortodoncia<\/h2><p>M\u00e1s all\u00e1 de una bonita sonrisa, el tratamiento de ortodoncia puede:<\/p><ul><li>Mejorar la funci\u00f3n de la mordida<\/li><li>Mejorar la capacidad de limpieza de los dientes<\/li><li>Evitar el desgaste de los dientes<\/li><li>Aumentar la longevidad de los dientes naturales<\/li><\/ul><h2>\u00bfEl Tratamiento Temprano Evitar\u00e1 la Necesidad de Ortodoncia M\u00e1s Adelante?<\/h2><p>El tratamiento temprano puede resolver problemas importantes, prevenir problemas m\u00e1s graves y simplificar futuros tratamientos. Sin embargo, como durante el tratamiento temprano no han erupcionado todos los dientes permanentes, la alineaci\u00f3n final puede no ser completa. <\/p><p>Normalmente, una fase integral abreviada (Fase II) con ortodoncia completa durante la adolescencia completa la correcci\u00f3n. En algunos casos, no es necesario ning\u00fan tratamiento posterior. <\/p><h2>\u00bfDebemos Seguir Viendo a Nuestro Dentista de Familia Durante el Tratamiento de Ortodoncia?<\/h2><p>S\u00ed, las revisiones y limpiezas dentales peri\u00f3dicas cada 6 meses son cruciales durante el tratamiento de ortodoncia. Los pacientes con ortodoncia deben esforzarse m\u00e1s en mantener su higiene dental para garantizar el m\u00e1ximo nivel de salud dental. <\/p>\t\t\t\t\t\t\t\t<\/div>\n\t\t\t\t<\/div>\n\t\t\t\t\t<\/div>\n\t\t\t\t<\/div>\n\t\t\t\t<\/div>\n\t\t","protected":false},"excerpt":{"rendered":"<p>\u00bfCu\u00e1ndo Debe un Ni\u00f1o Acudir por Primera Vez al Ortodoncista? La Asociaci\u00f3n Americana de Ortodoncistas aconseja que los ni\u00f1os se sometan a su primera revisi\u00f3n ortod\u00f3ncica a los 7 a\u00f1os. Esto permite al Dr. Rodney Torres, de Torres Orthodontics, evaluar la necesidad de un futuro tratamiento ortod\u00f3ncico y determinar su momento \u00f3ptimo. Muchos dentistas locales est\u00e1n formados para [&hellip;]<\/p>\n","protected":false},"author":2,"featured_media":0,"parent":0,"menu_order":56,"comment_status":"closed","ping_status":"closed","template":"","meta":{"_seopress_robots_primary_cat":"","_seopress_titles_title":"Tratamiento Ortod\u00f3ntico Temprano Tampa Miami Lakes FL | Ortodoncia Torres","_seopress_titles_desc":"El ortodoncista certificado Dr. Rodney Torres de Torres Orthodontics ofrece tratamiento de ortodoncia precoz para ni\u00f1os en Tampa y Miami Lakes, FL.","_seopress_robots_index":"","footnotes":""},"class_list":["post-6883","page","type-page","status-publish"],"_links":{"self":[{"href":"https:\/\/torresorthodontics.com\/es\/wp-json\/wp\/v2\/pages\/6883","targetHints":{"allow":["GET"]}}],"collection":[{"href":"https:\/\/torresorthodontics.com\/es\/wp-json\/wp\/v2\/pages"}],"about":[{"href":"https:\/\/torresorthodontics.com\/es\/wp-json\/wp\/v2\/types\/page"}],"author":[{"embeddable":true,"href":"https:\/\/torresorthodontics.com\/es\/wp-json\/wp\/v2\/users\/2"}],"replies":[{"embeddable":true,"href":"https:\/\/torresorthodontics.com\/es\/wp-json\/wp\/v2\/comments?post=6883"}],"version-history":[{"count":6,"href":"https:\/\/torresorthodontics.com\/es\/wp-json\/wp\/v2\/pages\/6883\/revisions"}],"predecessor-version":[{"id":8440,"href":"https:\/\/torresorthodontics.com\/es\/wp-json\/wp\/v2\/pages\/6883\/revisions\/8440"}],"wp:attachment":[{"href":"https:\/\/torresorthodontics.com\/es\/wp-json\/wp\/v2\/media?parent=6883"}],"curies":[{"name":"wp","href":"https:\/\/api.w.org\/{rel}","templated":true}]}}