{"id":7361,"date":"2024-11-13T14:21:13","date_gmt":"2024-11-13T14:21:13","guid":{"rendered":"https:\/\/torresorthodontics.com\/nuestro-blog\/"},"modified":"2024-12-16T19:57:34","modified_gmt":"2024-12-16T19:57:34","slug":"nuestro-blog","status":"publish","type":"page","link":"https:\/\/torresorthodontics.com\/es\/nuestro-blog\/","title":{"rendered":"Nuestro Blog"},"content":{"rendered":"\t\t<div data-elementor-type=\"wp-page\" data-elementor-id=\"7361\" class=\"elementor elementor-7361 elementor-7359\" data-elementor-post-type=\"page\">\n\t\t\t\t<div data-particle_enable=\"false\" data-particle-mobile-disabled=\"false\" class=\"elementor-element elementor-element-ea52cd5 e-flex e-con-boxed e-con e-parent\" data-id=\"ea52cd5\" data-element_type=\"container\" data-e-type=\"container\">\n\t\t\t\t\t<div class=\"e-con-inner\">\n\t\t\t\t<div class=\"elementor-element elementor-element-991e48d elementor-grid-3 elementor-grid-tablet-2 elementor-grid-mobile-1 elementor-posts--thumbnail-top elementor-widget elementor-widget-posts\" data-id=\"991e48d\" data-element_type=\"widget\" data-e-type=\"widget\" data-settings=\"{&quot;classic_columns&quot;:&quot;3&quot;,&quot;classic_columns_tablet&quot;:&quot;2&quot;,&quot;classic_columns_mobile&quot;:&quot;1&quot;,&quot;classic_row_gap&quot;:{&quot;unit&quot;:&quot;px&quot;,&quot;size&quot;:35,&quot;sizes&quot;:[]},&quot;classic_row_gap_tablet&quot;:{&quot;unit&quot;:&quot;px&quot;,&quot;size&quot;:&quot;&quot;,&quot;sizes&quot;:[]},&quot;classic_row_gap_mobile&quot;:{&quot;unit&quot;:&quot;px&quot;,&quot;size&quot;:&quot;&quot;,&quot;sizes&quot;:[]}}\" data-widget_type=\"posts.classic\">\n\t\t\t\t<div class=\"elementor-widget-container\">\n\t\t\t\t\t\t\t<div class=\"elementor-posts-container elementor-posts elementor-posts--skin-classic elementor-grid\" role=\"list\">\n\t\t\t\t<article class=\"elementor-post elementor-grid-item post-10045 post type-post status-publish format-standard has-post-thumbnail category-ortodoncia-para-adultos category-blog\" role=\"listitem\">\n\t\t\t\t<a class=\"elementor-post__thumbnail__link\" href=\"https:\/\/torresorthodontics.com\/es\/soy-demasiado-mayor-para-la-ortodoncia\/\" tabindex=\"-1\" >\n\t\t\t<div class=\"elementor-post__thumbnail\"><img fetchpriority=\"high\" decoding=\"async\" width=\"300\" height=\"200\" src=\"https:\/\/torresorthodontics.com\/wp-content\/uploads\/2026\/03\/am-old-braces-300x200.jpg\" class=\"attachment-medium size-medium wp-image-10040\" alt=\"Am I Too Old for Braces? Torres Orthodontics in Tampa and Miami Lakes, FL\" srcset=\"https:\/\/torresorthodontics.com\/wp-content\/uploads\/2026\/03\/am-old-braces-300x200.jpg 300w, https:\/\/torresorthodontics.com\/wp-content\/uploads\/2026\/03\/am-old-braces-1024x682.jpg 1024w, https:\/\/torresorthodontics.com\/wp-content\/uploads\/2026\/03\/am-old-braces-768x512.jpg 768w, https:\/\/torresorthodontics.com\/wp-content\/uploads\/2026\/03\/am-old-braces-1536x1023.jpg 1536w, https:\/\/torresorthodontics.com\/wp-content\/uploads\/2026\/03\/am-old-braces-2048x1364.jpg 2048w\" sizes=\"(max-width: 300px) 100vw, 300px\" \/><\/div>\n\t\t<\/a>\n\t\t\t\t<div class=\"elementor-post__text\">\n\t\t\t\t<h3 class=\"elementor-post__title\">\n\t\t\t<a href=\"https:\/\/torresorthodontics.com\/es\/soy-demasiado-mayor-para-la-ortodoncia\/\" >\n\t\t\t\t\u00bfSoy demasiado mayor para la ortodoncia?\t\t\t<\/a>\n\t\t<\/h3>\n\t\t\t\t<div class=\"elementor-post__meta-data\">\n\t\t\t\t\t<span class=\"elementor-post-date\">\n\t\t\t18 de marzo de 2026\t\t<\/span>\n\t\t\t\t<span class=\"elementor-post-avatar\">\n\t\t\tNo hay comentarios\t\t<\/span>\n\t\t\t\t<\/div>\n\t\t\t\t<div class=\"elementor-post__excerpt\">\n\t\t\t<p>Si alguna vez te has mirado al espejo y has pensado: \u00abSe me han movido los dientes&#8230; \u00bfpero soy demasiado mayor para la ortodoncia?\u00bb, no eres el \u00fanico. La verdad es que no hay l\u00edmite de edad para el tratamiento de ortodoncia. Los dientes pueden moverse casi a cualquier edad, siempre que las enc\u00edas y el hueso de<\/p>\n\t\t<\/div>\n\t\t\n\t\t<a class=\"elementor-post__read-more\" href=\"https:\/\/torresorthodontics.com\/es\/soy-demasiado-mayor-para-la-ortodoncia\/\" aria-label=\"M\u00e1s informaci\u00f3n sobre \u00bfSoy demasiado mayor para la ortodoncia?\" tabindex=\"-1\" >\n\t\t\tSigue leyendo \"\t\t<\/a>\n\n\t\t\t\t<\/div>\n\t\t\t\t<\/article>\n\t\t\t\t<article class=\"elementor-post elementor-grid-item post-10020 post type-post status-publish format-standard has-post-thumbnail category-sin-categorizar\" role=\"listitem\">\n\t\t\t\t<a class=\"elementor-post__thumbnail__link\" href=\"https:\/\/torresorthodontics.com\/es\/puedes-ponerte-invisalign-con-caries-o-coronas\/\" tabindex=\"-1\" >\n\t\t\t<div class=\"elementor-post__thumbnail\"><img decoding=\"async\" width=\"300\" height=\"200\" src=\"https:\/\/torresorthodontics.com\/wp-content\/uploads\/2026\/03\/invisalign-crown-cavity-300x200.jpg\" class=\"attachment-medium size-medium wp-image-9989\" alt=\"Can You Get Invisalign With Cavities or Crowns?\" srcset=\"https:\/\/torresorthodontics.com\/wp-content\/uploads\/2026\/03\/invisalign-crown-cavity-300x200.jpg 300w, https:\/\/torresorthodontics.com\/wp-content\/uploads\/2026\/03\/invisalign-crown-cavity-1024x683.jpg 1024w, https:\/\/torresorthodontics.com\/wp-content\/uploads\/2026\/03\/invisalign-crown-cavity-768x512.jpg 768w, https:\/\/torresorthodontics.com\/wp-content\/uploads\/2026\/03\/invisalign-crown-cavity-1536x1024.jpg 1536w, https:\/\/torresorthodontics.com\/wp-content\/uploads\/2026\/03\/invisalign-crown-cavity-2048x1365.jpg 2048w\" sizes=\"(max-width: 300px) 100vw, 300px\" \/><\/div>\n\t\t<\/a>\n\t\t\t\t<div class=\"elementor-post__text\">\n\t\t\t\t<h3 class=\"elementor-post__title\">\n\t\t\t<a href=\"https:\/\/torresorthodontics.com\/es\/puedes-ponerte-invisalign-con-caries-o-coronas\/\" >\n\t\t\t\t\u00bfPuedes ponerte Invisalign con caries o coronas?\t\t\t<\/a>\n\t\t<\/h3>\n\t\t\t\t<div class=\"elementor-post__meta-data\">\n\t\t\t\t\t<span class=\"elementor-post-date\">\n\t\t\t3 de marzo de 2026\t\t<\/span>\n\t\t\t\t<span class=\"elementor-post-avatar\">\n\t\t\tNo hay comentarios\t\t<\/span>\n\t\t\t\t<\/div>\n\t\t\t\t<div class=\"elementor-post__excerpt\">\n\t\t\t<p>Si est\u00e1s pensando en Invisalign pero te han dicho que tienes una caries o ya tienes una corona, no est\u00e1s solo. Muchos adolescentes y adultos quieren unos dientes m\u00e1s rectos, pero tambi\u00e9n tienen un tratamiento dental. La buena noticia es que a menudo Invisalign sigue siendo posible. La clave es asegurarse primero de que tus dientes y enc\u00edas<\/p>\n\t\t<\/div>\n\t\t\n\t\t<a class=\"elementor-post__read-more\" href=\"https:\/\/torresorthodontics.com\/es\/puedes-ponerte-invisalign-con-caries-o-coronas\/\" aria-label=\"M\u00e1s informaci\u00f3n sobre \u00bfPuedes ponerte Invisalign con caries o coronas?\" tabindex=\"-1\" >\n\t\t\tSigue leyendo \"\t\t<\/a>\n\n\t\t\t\t<\/div>\n\t\t\t\t<\/article>\n\t\t\t\t<article class=\"elementor-post elementor-grid-item post-9936 post type-post status-publish format-standard has-post-thumbnail category-sin-categorizar\" role=\"listitem\">\n\t\t\t\t<a class=\"elementor-post__thumbnail__link\" href=\"https:\/\/torresorthodontics.com\/es\/que-ocurre-despues-de-quitar-los-aparatos\/\" tabindex=\"-1\" >\n\t\t\t<div class=\"elementor-post__thumbnail\"><img decoding=\"async\" width=\"300\" height=\"200\" src=\"https:\/\/torresorthodontics.com\/wp-content\/uploads\/2026\/02\/braces-came-off-300x200.jpg\" class=\"attachment-medium size-medium wp-image-9932\" alt=\"What Happens After Braces Come Off? Torres Orthodontics in Tampa and Miami Lakes, FL\" srcset=\"https:\/\/torresorthodontics.com\/wp-content\/uploads\/2026\/02\/braces-came-off-300x200.jpg 300w, https:\/\/torresorthodontics.com\/wp-content\/uploads\/2026\/02\/braces-came-off.jpg 724w\" sizes=\"(max-width: 300px) 100vw, 300px\" \/><\/div>\n\t\t<\/a>\n\t\t\t\t<div class=\"elementor-post__text\">\n\t\t\t\t<h3 class=\"elementor-post__title\">\n\t\t\t<a href=\"https:\/\/torresorthodontics.com\/es\/que-ocurre-despues-de-quitar-los-aparatos\/\" >\n\t\t\t\t\u00bfQu\u00e9 ocurre despu\u00e9s de quitar los aparatos?\t\t\t<\/a>\n\t\t<\/h3>\n\t\t\t\t<div class=\"elementor-post__meta-data\">\n\t\t\t\t\t<span class=\"elementor-post-date\">\n\t\t\t19 de febrero de 2026\t\t<\/span>\n\t\t\t\t<span class=\"elementor-post-avatar\">\n\t\t\tNo hay comentarios\t\t<\/span>\n\t\t\t\t<\/div>\n\t\t\t\t<div class=\"elementor-post__excerpt\">\n\t\t\t<p>Quitarse la ortodoncia es un gran momento. Tus dientes parecen m\u00e1s rectos, tu sonrisa parece nueva y las fotos de repente son mucho m\u00e1s divertidas. Pero lo que mucha gente no sabe es que las semanas y meses posteriores a la descementaci\u00f3n es cuando tus resultados necesitan m\u00e1s protecci\u00f3n. Un cuidado postodoncia inteligente es lo que mantiene esa<\/p>\n\t\t<\/div>\n\t\t\n\t\t<a class=\"elementor-post__read-more\" href=\"https:\/\/torresorthodontics.com\/es\/que-ocurre-despues-de-quitar-los-aparatos\/\" aria-label=\"M\u00e1s informaci\u00f3n sobre \u00bfQu\u00e9 ocurre despu\u00e9s de quitar los aparatos?\" tabindex=\"-1\" >\n\t\t\tSigue leyendo \"\t\t<\/a>\n\n\t\t\t\t<\/div>\n\t\t\t\t<\/article>\n\t\t\t\t<article class=\"elementor-post elementor-grid-item post-9897 post type-post status-publish format-standard has-post-thumbnail category-sin-categorizar\" role=\"listitem\">\n\t\t\t\t<a class=\"elementor-post__thumbnail__link\" href=\"https:\/\/torresorthodontics.com\/es\/es-invisalign-mas-rapido-que-la-ortodoncia\/\" tabindex=\"-1\" >\n\t\t\t<div class=\"elementor-post__thumbnail\"><img loading=\"lazy\" decoding=\"async\" width=\"300\" height=\"200\" src=\"https:\/\/torresorthodontics.com\/wp-content\/uploads\/2026\/02\/invisalign-faster-braces-comparison-300x200.jpg\" class=\"attachment-medium size-medium wp-image-9891\" alt=\"Is Invisalign Faster Than Braces? Miami Lakes\" srcset=\"https:\/\/torresorthodontics.com\/wp-content\/uploads\/2026\/02\/invisalign-faster-braces-comparison-300x200.jpg 300w, https:\/\/torresorthodontics.com\/wp-content\/uploads\/2026\/02\/invisalign-faster-braces-comparison-1024x683.jpg 1024w, https:\/\/torresorthodontics.com\/wp-content\/uploads\/2026\/02\/invisalign-faster-braces-comparison-768x512.jpg 768w, https:\/\/torresorthodontics.com\/wp-content\/uploads\/2026\/02\/invisalign-faster-braces-comparison-1536x1024.jpg 1536w, https:\/\/torresorthodontics.com\/wp-content\/uploads\/2026\/02\/invisalign-faster-braces-comparison-2048x1365.jpg 2048w\" sizes=\"(max-width: 300px) 100vw, 300px\" \/><\/div>\n\t\t<\/a>\n\t\t\t\t<div class=\"elementor-post__text\">\n\t\t\t\t<h3 class=\"elementor-post__title\">\n\t\t\t<a href=\"https:\/\/torresorthodontics.com\/es\/es-invisalign-mas-rapido-que-la-ortodoncia\/\" >\n\t\t\t\t\u00bfEs Invisalign m\u00e1s r\u00e1pido que la ortodoncia?\t\t\t<\/a>\n\t\t<\/h3>\n\t\t\t\t<div class=\"elementor-post__meta-data\">\n\t\t\t\t\t<span class=\"elementor-post-date\">\n\t\t\t4 de febrero de 2026\t\t<\/span>\n\t\t\t\t<span class=\"elementor-post-avatar\">\n\t\t\tNo hay comentarios\t\t<\/span>\n\t\t\t\t<\/div>\n\t\t\t\t<div class=\"elementor-post__excerpt\">\n\t\t\t<p>Si est\u00e1s comparando los alineadores transparentes con los aparatos tradicionales, una pregunta suele ser la primera: \u00bfllegar\u00e1 Invisalign antes a la meta? La respuesta honesta es: a veces, pero depende de tu mordida, tus objetivos y la constancia con que lleves los alineadores. La velocidad de Invisalign puede ser impresionante para casos leves o moderados, mientras que los<\/p>\n\t\t<\/div>\n\t\t\n\t\t<a class=\"elementor-post__read-more\" href=\"https:\/\/torresorthodontics.com\/es\/es-invisalign-mas-rapido-que-la-ortodoncia\/\" aria-label=\"M\u00e1s informaci\u00f3n sobre \u00bfEs Invisalign m\u00e1s r\u00e1pido que la ortodoncia?\" tabindex=\"-1\" >\n\t\t\tSigue leyendo \"\t\t<\/a>\n\n\t\t\t\t<\/div>\n\t\t\t\t<\/article>\n\t\t\t\t<article class=\"elementor-post elementor-grid-item post-9850 post type-post status-publish format-standard has-post-thumbnail\" role=\"listitem\">\n\t\t\t\t<a class=\"elementor-post__thumbnail__link\" href=\"https:\/\/torresorthodontics.com\/es\/a-que-edad-debe-acudir-un-nino-al-ortodoncista\/\" tabindex=\"-1\" >\n\t\t\t<div class=\"elementor-post__thumbnail\"><img loading=\"lazy\" decoding=\"async\" width=\"300\" height=\"200\" src=\"https:\/\/torresorthodontics.com\/wp-content\/uploads\/2026\/01\/age-child-orthodontist-300x200.jpg\" class=\"attachment-medium size-medium wp-image-9842\" alt=\"What Age\" srcset=\"https:\/\/torresorthodontics.com\/wp-content\/uploads\/2026\/01\/age-child-orthodontist-300x200.jpg 300w, https:\/\/torresorthodontics.com\/wp-content\/uploads\/2026\/01\/age-child-orthodontist-1024x683.jpg 1024w, https:\/\/torresorthodontics.com\/wp-content\/uploads\/2026\/01\/age-child-orthodontist-768x512.jpg 768w, https:\/\/torresorthodontics.com\/wp-content\/uploads\/2026\/01\/age-child-orthodontist-1536x1024.jpg 1536w, https:\/\/torresorthodontics.com\/wp-content\/uploads\/2026\/01\/age-child-orthodontist-2048x1365.jpg 2048w\" sizes=\"(max-width: 300px) 100vw, 300px\" \/><\/div>\n\t\t<\/a>\n\t\t\t\t<div class=\"elementor-post__text\">\n\t\t\t\t<h3 class=\"elementor-post__title\">\n\t\t\t<a href=\"https:\/\/torresorthodontics.com\/es\/a-que-edad-debe-acudir-un-nino-al-ortodoncista\/\" >\n\t\t\t\t\u00bfA qu\u00e9 edad debe acudir un ni\u00f1o al ortodoncista?\t\t\t<\/a>\n\t\t<\/h3>\n\t\t\t\t<div class=\"elementor-post__meta-data\">\n\t\t\t\t\t<span class=\"elementor-post-date\">\n\t\t\t19 de enero de 2026\t\t<\/span>\n\t\t\t\t<span class=\"elementor-post-avatar\">\n\t\t\tNo hay comentarios\t\t<\/span>\n\t\t\t\t<\/div>\n\t\t\t\t<div class=\"elementor-post__excerpt\">\n\t\t\t<p>Si eres padre, es normal que te preguntes: \u00bfRealmente necesitamos ya una revisi\u00f3n de ortodoncia? La respuesta corta es s\u00ed, la mayor\u00eda de los ni\u00f1os se benefician de una evaluaci\u00f3n temprana, aunque falten a\u00f1os para que les pongan aparatos. En ortodoncia pedi\u00e1trica, el momento es importante porque algunos problemas son m\u00e1s f\u00e1ciles de tratar mientras el ni\u00f1o est\u00e1<\/p>\n\t\t<\/div>\n\t\t\n\t\t<a class=\"elementor-post__read-more\" href=\"https:\/\/torresorthodontics.com\/es\/a-que-edad-debe-acudir-un-nino-al-ortodoncista\/\" aria-label=\"M\u00e1s informaci\u00f3n sobre \u00bfA qu\u00e9 edad debe acudir un ni\u00f1o al ortodoncista?\" tabindex=\"-1\" >\n\t\t\tSigue leyendo \"\t\t<\/a>\n\n\t\t\t\t<\/div>\n\t\t\t\t<\/article>\n\t\t\t\t<article class=\"elementor-post elementor-grid-item post-9810 post type-post status-publish format-standard has-post-thumbnail category-sin-categorizar\" role=\"listitem\">\n\t\t\t\t<a class=\"elementor-post__thumbnail__link\" href=\"https:\/\/torresorthodontics.com\/es\/como-limpiar-correctamente-los-alineadores-invisalign-para-las-bandejas-crystal-clear\/\" tabindex=\"-1\" >\n\t\t\t<div class=\"elementor-post__thumbnail\"><img loading=\"lazy\" decoding=\"async\" width=\"300\" height=\"200\" src=\"https:\/\/torresorthodontics.com\/wp-content\/uploads\/2026\/01\/invisalign-cleaning-300x200.jpg\" class=\"attachment-medium size-medium wp-image-9789\" alt=\"How to Clean Invisalign Aligners Properly for Crystal Clear Trays\" srcset=\"https:\/\/torresorthodontics.com\/wp-content\/uploads\/2026\/01\/invisalign-cleaning-300x200.jpg 300w, https:\/\/torresorthodontics.com\/wp-content\/uploads\/2026\/01\/invisalign-cleaning-1024x683.jpg 1024w, https:\/\/torresorthodontics.com\/wp-content\/uploads\/2026\/01\/invisalign-cleaning-768x512.jpg 768w, https:\/\/torresorthodontics.com\/wp-content\/uploads\/2026\/01\/invisalign-cleaning-1536x1024.jpg 1536w\" sizes=\"(max-width: 300px) 100vw, 300px\" \/><\/div>\n\t\t<\/a>\n\t\t\t\t<div class=\"elementor-post__text\">\n\t\t\t\t<h3 class=\"elementor-post__title\">\n\t\t\t<a href=\"https:\/\/torresorthodontics.com\/es\/como-limpiar-correctamente-los-alineadores-invisalign-para-las-bandejas-crystal-clear\/\" >\n\t\t\t\tC\u00f3mo limpiar correctamente los alineadores Invisalign para las bandejas Crystal Clear\t\t\t<\/a>\n\t\t<\/h3>\n\t\t\t\t<div class=\"elementor-post__meta-data\">\n\t\t\t\t\t<span class=\"elementor-post-date\">\n\t\t\t2 de enero de 2026\t\t<\/span>\n\t\t\t\t<span class=\"elementor-post-avatar\">\n\t\t\tNo hay comentarios\t\t<\/span>\n\t\t\t\t<\/div>\n\t\t\t\t<div class=\"elementor-post__excerpt\">\n\t\t\t<p>Si llevas alineadores transparentes (o tu hijo adolescente los lleva), ya conoces el objetivo: una sonrisa segura sin el aspecto de \u00abboca met\u00e1lica\u00bb. Pero aqu\u00ed est\u00e1 el truco: La limpieza de Invisalign tiene que ser constante, o las bandejas pueden enturbiarse, empezar a oler y atrapar bacterias contra tus dientes. \u00bfLa buena noticia? Con una rutina sencilla, un<\/p>\n\t\t<\/div>\n\t\t\n\t\t<a class=\"elementor-post__read-more\" href=\"https:\/\/torresorthodontics.com\/es\/como-limpiar-correctamente-los-alineadores-invisalign-para-las-bandejas-crystal-clear\/\" aria-label=\"M\u00e1s informaci\u00f3n sobre C\u00f3mo limpiar correctamente los alineadores Invisalign para las bandejas Crystal Clear\" tabindex=\"-1\" >\n\t\t\tSigue leyendo \"\t\t<\/a>\n\n\t\t\t\t<\/div>\n\t\t\t\t<\/article>\n\t\t\t\t<\/div>\n\t\t\n\t\t\t\t\t\t<\/div>\n\t\t\t\t<\/div>\n\t\t\t\t\t<\/div>\n\t\t\t\t<\/div>\n\t\t\t\t<\/div>\n\t\t","protected":false},"excerpt":{"rendered":"","protected":false},"author":1,"featured_media":0,"parent":0,"menu_order":14,"comment_status":"closed","ping_status":"closed","template":"","meta":{"_seopress_robots_primary_cat":"","_seopress_titles_title":"Nuestro Blog | Torres Ortodoncia Miami Lakes Boca Raton FL","_seopress_titles_desc":"Explora el Blog de Ortodoncia Torres en Miami Lakes y Boca Rat\u00f3n, FL, para obtener informaci\u00f3n sobre el cuidado de ortodoncia, tratamientos dentales y emocionantes eventos en nuestra oficina.","_seopress_robots_index":"","footnotes":""},"class_list":["post-7361","page","type-page","status-publish"],"_links":{"self":[{"href":"https:\/\/torresorthodontics.com\/es\/wp-json\/wp\/v2\/pages\/7361","targetHints":{"allow":["GET"]}}],"collection":[{"href":"https:\/\/torresorthodontics.com\/es\/wp-json\/wp\/v2\/pages"}],"about":[{"href":"https:\/\/torresorthodontics.com\/es\/wp-json\/wp\/v2\/types\/page"}],"author":[{"embeddable":true,"href":"https:\/\/torresorthodontics.com\/es\/wp-json\/wp\/v2\/users\/1"}],"replies":[{"embeddable":true,"href":"https:\/\/torresorthodontics.com\/es\/wp-json\/wp\/v2\/comments?post=7361"}],"version-history":[{"count":1,"href":"https:\/\/torresorthodontics.com\/es\/wp-json\/wp\/v2\/pages\/7361\/revisions"}],"predecessor-version":[{"id":7382,"href":"https:\/\/torresorthodontics.com\/es\/wp-json\/wp\/v2\/pages\/7361\/revisions\/7382"}],"wp:attachment":[{"href":"https:\/\/torresorthodontics.com\/es\/wp-json\/wp\/v2\/media?parent=7361"}],"curies":[{"name":"wp","href":"https:\/\/api.w.org\/{rel}","templated":true}]}}