{"id":8384,"date":"2025-05-12T15:47:44","date_gmt":"2025-05-12T15:47:44","guid":{"rendered":"https:\/\/torresorthodontics.com\/invisalign\/"},"modified":"2025-05-27T14:17:43","modified_gmt":"2025-05-27T14:17:43","slug":"invisalign","status":"publish","type":"page","link":"https:\/\/torresorthodontics.com\/es\/invisalign\/","title":{"rendered":"Invisalign"},"content":{"rendered":"\t\t<div data-elementor-type=\"wp-page\" data-elementor-id=\"8384\" class=\"elementor elementor-8384 elementor-8368\" data-elementor-post-type=\"page\">\n\t\t\t\t<div data-particle_enable=\"false\" data-particle-mobile-disabled=\"false\" class=\"elementor-element elementor-element-69f2699 e-flex e-con-boxed e-con e-parent\" data-id=\"69f2699\" data-element_type=\"container\" data-e-type=\"container\">\n\t\t\t\t\t<div class=\"e-con-inner\">\n\t\t\t\t<div class=\"elementor-element elementor-element-a20de08 elementor-widget elementor-widget-heading\" data-id=\"a20de08\" data-element_type=\"widget\" data-e-type=\"widget\" data-widget_type=\"heading.default\">\n\t\t\t\t<div class=\"elementor-widget-container\">\n\t\t\t\t\t<h1 class=\"elementor-heading-title elementor-size-default\">Alineadores transparentes Invisalign en Tampa y Miami Lakes, FL<\/h1>\t\t\t\t<\/div>\n\t\t\t\t<\/div>\n\t\t\t\t<div class=\"elementor-element elementor-element-e26f719 elementor-widget elementor-widget-text-editor\" data-id=\"e26f719\" data-element_type=\"widget\" data-e-type=\"widget\" data-widget_type=\"text-editor.default\">\n\t\t\t\t<div class=\"elementor-widget-container\">\n\t\t\t\t\t\t\t\t\t<p data-pm-slice=\"1 1 []\">En Ortodoncia Torres creemos que todo el mundo merece sonre\u00edr con confianza. Como proveedor de confianza de Invisalign, <a href=\"https:\/\/torresorthodontics.com\/doctors\/meet-dr-torres\/\">el Dr. Rodney<\/a> Torres ofrece una forma c\u00f3moda y pr\u00e1cticamente invisible de enderezar los dientes de todas las edades sin las molestias de <a href=\"https:\/\/torresorthodontics.com\/es\/tipos-de-ortodoncia\/\">los aparatos met\u00e1licos<\/a> tradicionales. Nuestro enfoque personalizado garantiza que cada paciente reciba un plan de tratamiento Invisalign a medida, dise\u00f1ado para alcanzar sus objetivos de sonrisa \u00fanicos.  <\/p><h2>\u00bfQu\u00e9 hace \u00fanicos a los alineadores transparentes Invisalign?<\/h2><p>Invisalign utiliza una serie de alineadores transparentes hechos a medida para guiar tus dientes suavemente hasta su alineaci\u00f3n. A diferencia de los aparatos tradicionales, los alineadores Invisalign ofrecen varias ventajas: <\/p><ul data-spread=\"false\"><li><p><strong>Pr\u00e1cticamente invisibles:<\/strong> Los alineadores transparentes y lisos se funden a la perfecci\u00f3n con tus dientes naturales.<\/p><\/li><li><p><strong>Dise\u00f1o c\u00f3modo:<\/strong> Sin soportes met\u00e1licos ni alambres que causen irritaci\u00f3n.<\/p><\/li><li><p><strong>Comodidad extra\u00edble:<\/strong> S\u00e1calos f\u00e1cilmente para comer, beber, cepillarte y usar hilo dental.<\/p><\/li><li><p><strong>Resultados eficaces:<\/strong> Muchos pacientes completan el tratamiento en aproximadamente un a\u00f1o, dependiendo de su caso concreto.<\/p><\/li><\/ul><p>Con la avanzada tecnolog\u00eda de im\u00e1genes en 3D, el Dr. Torres personaliza cada juego de alineadores para un ajuste preciso y ce\u00f1ido, garantizando resultados eficaces y fiables.<\/p>\t\t\t\t\t\t\t\t<\/div>\n\t\t\t\t<\/div>\n\t\t\t\t<div class=\"elementor-element elementor-element-86d7a59 elementor-widget elementor-widget-video\" data-id=\"86d7a59\" data-element_type=\"widget\" data-e-type=\"widget\" data-settings=\"{&quot;youtube_url&quot;:&quot;https:\\\/\\\/youtu.be\\\/pOEk3Z0RbWE?feature=shared&quot;,&quot;video_type&quot;:&quot;youtube&quot;,&quot;controls&quot;:&quot;yes&quot;}\" data-widget_type=\"video.default\">\n\t\t\t\t<div class=\"elementor-widget-container\">\n\t\t\t\t\t\t\t<div class=\"elementor-wrapper elementor-open-inline\">\n\t\t\t<div class=\"elementor-video\"><\/div>\t\t<\/div>\n\t\t\t\t\t\t<\/div>\n\t\t\t\t<\/div>\n\t\t\t\t<div class=\"elementor-element elementor-element-fe66c72 elementor-widget elementor-widget-text-editor\" data-id=\"fe66c72\" data-element_type=\"widget\" data-e-type=\"widget\" data-widget_type=\"text-editor.default\">\n\t\t\t\t<div class=\"elementor-widget-container\">\n\t\t\t\t\t\t\t\t\t<h2>Entender el coste de Invisalign<\/h2><p>Invertir en Invisalign es invertir en tu sonrisa y en tu confianza. En Ortodoncia Torres ofrecemos <a href=\"https:\/\/torresorthodontics.com\/es\/seguros-y-financiacion\/\">opciones de pago<\/a> flexibles para que tu viaje sea asequible: <\/p><ul data-spread=\"false\"><li><p><strong>Pago inicial bajo:<\/strong> Empieza tu tratamiento Invisalign con un coste inicial asequible.<\/p><\/li><li><p><strong>Planes mensuales flexibles:<\/strong> Opciones de financiaci\u00f3n sin intereses que se ajustan a tu presupuesto.<\/p><\/li><li><p><strong>Asistencia con el seguro:<\/strong> Nuestro equipo te ayudar\u00e1 a maximizar tus prestaciones dentales.<\/p><\/li><li><p><strong>Opciones de FSA y HSA:<\/strong> Utiliza cuentas de gastos flexibles o de ahorro sanitario para cubrir los costes del tratamiento.<\/p><\/li><li><p><strong>Se aceptan las principales tarjetas de cr\u00e9dito:<\/strong> Para mayor comodidad.<\/p><\/li><\/ul><p>Nos comprometemos a ayudarte a encontrar el mejor plan de pago que se adapte a tus necesidades econ\u00f3micas.<\/p><h2>\u00bfQu\u00e9 diferencia a Invisalign de la ortodoncia?<\/h2><p>Muchos pacientes prefieren Invisalign porque ofrece ventajas \u00fanicas en comparaci\u00f3n con los aparatos tradicionales:<\/p><ul data-spread=\"false\"><li><p><strong>Aspecto discreto:<\/strong> Los alineadores transparentes son casi invisibles, manteniendo tu sonrisa natural.<\/p><\/li><li><p><strong>Sin restricciones diet\u00e9ticas:<\/strong> Come tus alimentos favoritos sin preocupaciones.<\/p><\/li><li><p><strong>Higiene bucal sencilla:<\/strong> Cep\u00edllate los dientes y usa el hilo dental f\u00e1cilmente, sin tener que desplazarte entre brackets o alambres.<\/p><\/li><li><p><strong>Menos visitas al consultorio:<\/strong> No es necesario acudir con frecuencia a las consultas de reafirmaci\u00f3n.<\/p><\/li><li><p><strong>Comodidad suave:<\/strong> Los alineadores suaves est\u00e1n personalizados para un ajuste ce\u00f1ido y sin irritaciones.<\/p><\/li><\/ul><p>Invisalign es una soluci\u00f3n perfecta para profesionales, estudiantes y cualquiera que busque una forma m\u00e1s c\u00f3moda de conseguir una sonrisa recta.<\/p><h2>C\u00f3mo funciona el tratamiento de ortodoncia Invisalign<\/h2><p>Tu viaje con Invisalign se planifica cuidadosamente para garantizar una experiencia sin complicaciones:<\/p><ol start=\"1\" data-spread=\"false\"><li><p><strong>Consulta inicial:<\/strong> El Dr. Torres evaluar\u00e1 tu sonrisa, hablar\u00e1 de tus objetivos y confirmar\u00e1 si Invisalign es adecuado para ti.<\/p><\/li><li><p><strong>Impresiones digitales:<\/strong> Utilizando im\u00e1genes avanzadas en 3D, creamos un plan de tratamiento preciso que muestra el movimiento de tus dientes.<\/p><\/li><li><p><strong>Alineadores personalizados:<\/strong> Recibe una serie de alineadores transparentes dise\u00f1ados para guiar tus dientes hasta su alineaci\u00f3n.<\/p><\/li><li><p><strong>Usar y cambiar:<\/strong> Usa cada juego durante unas dos semanas antes de cambiar al siguiente.<\/p><\/li><li><p><strong>Visitas peri\u00f3dicas:<\/strong> Las visitas peri\u00f3dicas garantizan que tu progreso siga por buen camino.<\/p><\/li><\/ol><p>Para obtener los mejores resultados, lleva los alineadores durante 22 horas al d\u00eda.<\/p><h2>Cuidado de los alineadores Invisalign<\/h2><p>Mantener tus alineadores Invisalign es f\u00e1cil con unos sencillos pasos:<\/p><ul data-spread=\"false\"><li><p>Qu\u00edtate los alineadores cuando comas o bebas algo que no sea agua.<\/p><\/li><li><p>Cep\u00edllate los dientes y usa hilo dental despu\u00e9s de las comidas, antes de volver a colocarte los alineadores.<\/p><\/li><li><p>Limpia los alineadores a diario con agua tibia y un limpiador suave.<\/p><\/li><li><p>Guarda los alineadores en su funda protectora cuando no los utilices.<\/p><\/li><\/ul><p>Una vez finalizado el tratamiento, un retenedor te ayudar\u00e1 a mantener tu sonrisa perfectamente alineada.<\/p><h2 data-start=\"27\" data-end=\"83\">\u00bfPreparado para tu consulta con el ortodoncista Invisalign?<\/h2><p>\u00bfListo para transformar tu sonrisa? Programa tu <a href=\"https:\/\/torresorthodontics.com\/es\/concertar-una-cita\/\">consulta gratuita<\/a> en Torres Orthodontics en <a href=\"https:\/\/torresorthodontics.com\/es\/ubicacion-en-tampa\/\">Tampa<\/a>, <a href=\"https:\/\/torresorthodontics.com\/es\/ubicacion-en-miami-lakes\/\">Miami Lakes<\/a> o <a href=\"https:\/\/torresorthodontics.com\/es\/ubicacion-en-boca-raton\/\">Boca Rat\u00f3n<\/a>. Nuestro amable equipo est\u00e1 aqu\u00ed para guiarte, tanto si eres un adulto, un adolescente o un padre que explora Invisalign para su hijo.  <\/p>\t\t\t\t\t\t\t\t<\/div>\n\t\t\t\t<\/div>\n\t\t\t\t\t<\/div>\n\t\t\t\t<\/div>\n\t\t\t\t<\/div>\n\t\t","protected":false},"excerpt":{"rendered":"<p>Alineadores transparentes Invisalign en Tampa y Miami Lakes, FL En Ortodoncia Torres creemos que todo el mundo merece sonre\u00edr con confianza. Como proveedor de confianza de Invisalign, el Dr. Rodney Torres ofrece una forma c\u00f3moda y pr\u00e1cticamente invisible de enderezar los dientes de todas las edades sin las molestias de los aparatos met\u00e1licos tradicionales. Nuestro enfoque personalizado garantiza [&hellip;]<\/p>\n","protected":false},"author":2,"featured_media":0,"parent":0,"menu_order":8,"comment_status":"closed","ping_status":"closed","template":"","meta":{"_seopress_robots_primary_cat":"","_seopress_titles_title":"Invisalign Tampa Miami Lakes FL Alineadores transparentes | Ortodoncia Torres","_seopress_titles_desc":"Alineadores transparentes Invisalign tratamiento de ortodoncia ofrecido por el Dr. Rodney Torres, explica el coste de Invisalign, sus ventajas y c\u00f3mo se compara Invisalign con los aparatos de ortodoncia.","_seopress_robots_index":"","footnotes":""},"class_list":["post-8384","page","type-page","status-publish"],"_links":{"self":[{"href":"https:\/\/torresorthodontics.com\/es\/wp-json\/wp\/v2\/pages\/8384","targetHints":{"allow":["GET"]}}],"collection":[{"href":"https:\/\/torresorthodontics.com\/es\/wp-json\/wp\/v2\/pages"}],"about":[{"href":"https:\/\/torresorthodontics.com\/es\/wp-json\/wp\/v2\/types\/page"}],"author":[{"embeddable":true,"href":"https:\/\/torresorthodontics.com\/es\/wp-json\/wp\/v2\/users\/2"}],"replies":[{"embeddable":true,"href":"https:\/\/torresorthodontics.com\/es\/wp-json\/wp\/v2\/comments?post=8384"}],"version-history":[{"count":5,"href":"https:\/\/torresorthodontics.com\/es\/wp-json\/wp\/v2\/pages\/8384\/revisions"}],"predecessor-version":[{"id":8575,"href":"https:\/\/torresorthodontics.com\/es\/wp-json\/wp\/v2\/pages\/8384\/revisions\/8575"}],"wp:attachment":[{"href":"https:\/\/torresorthodontics.com\/es\/wp-json\/wp\/v2\/media?parent=8384"}],"curies":[{"name":"wp","href":"https:\/\/api.w.org\/{rel}","templated":true}]}}