{"id":7137,"date":"2024-09-04T22:28:15","date_gmt":"2024-09-04T22:28:15","guid":{"rendered":"https:\/\/torresorthodontics.com\/alinhadores-transparentes\/"},"modified":"2024-12-16T19:57:39","modified_gmt":"2024-12-16T19:57:39","slug":"alinhadores-transparentes","status":"publish","type":"page","link":"https:\/\/torresorthodontics.com\/pt-br\/alinhadores-transparentes\/","title":{"rendered":"Alinhadores transparentes"},"content":{"rendered":"\t\t<div data-elementor-type=\"wp-page\" data-elementor-id=\"7137\" class=\"elementor elementor-7137 elementor-6207\" data-elementor-post-type=\"page\">\n\t\t\t\t<div data-particle_enable=\"false\" data-particle-mobile-disabled=\"false\" class=\"elementor-element elementor-element-8262db1 e-flex e-con-boxed e-con e-parent\" data-id=\"8262db1\" data-element_type=\"container\" data-e-type=\"container\">\n\t\t\t\t\t<div class=\"e-con-inner\">\n\t\t\t\t<div class=\"elementor-element elementor-element-990d3a6 elementor-widget elementor-widget-text-editor\" data-id=\"990d3a6\" data-element_type=\"widget\" data-e-type=\"widget\" data-widget_type=\"text-editor.default\">\n\t\t\t\t<div class=\"elementor-widget-container\">\n\t\t\t\t\t\t\t\t\t<h2>Transforme seu sorriso com alinhadores transparentes na Torres Orthodontics<\/h2>\n<p>Na Torres Orthodontics, oferecemos tratamentos de alinhadores transparentes de \u00faltima gera\u00e7\u00e3o, incluindo Angel Aligners, Spark Aligners e nossos exclusivos In-House Aligners. Essas solu\u00e7\u00f5es avan\u00e7adas proporcionam uma maneira discreta e confort\u00e1vel de voc\u00ea obter um sorriso deslumbrante sem a inconveni\u00eancia dos <a href=\"https:\/\/torresorthodontics.com\/pt-br\/tipos-de-aparelhos-ortodonticos\/\">aparelhos<\/a> tradicionais. <\/p>\n<h3>Por que escolher os alinhadores transparentes?<\/h3>\n<p>Os alinhadores transparentes s\u00e3o uma solu\u00e7\u00e3o ortod\u00f4ntica moderna para a corre\u00e7\u00e3o de v\u00e1rios problemas dent\u00e1rios. Independentemente de voc\u00ea estar tratando de problemas menores, como dentes tortos, ou de problemas mais complexos, como mordidas excessivas e cruzadas, esses alinhadores podem oferecer resultados eficazes. Fabricados em pl\u00e1stico liso e quase invis\u00edvel, eles s\u00e3o projetados de forma personalizada para se ajustar \u00e0 sua estrutura dent\u00e1ria exclusiva, garantindo uma experi\u00eancia confort\u00e1vel sem irritar suas gengivas e bochechas.  <\/p>\n<h3>Os benef\u00edcios dos alinhadores transparentes<\/h3>\n<p>Os alinhadores transparentes oferecem in\u00fameras vantagens:<\/p>\n<ul>\n<li><strong>Remov\u00edvel<\/strong>: Voc\u00ea pode desfrutar de seus alimentos favoritos e manter sua rotina de higiene bucal sem restri\u00e7\u00f5es, simplesmente removendo os alinhadores quando necess\u00e1rio.<\/li>\n<li><strong>Manuten\u00e7\u00e3o conveniente<\/strong>: N\u00e3o h\u00e1 necessidade de navegar em torno de braquetes e fios met\u00e1licos; a escova\u00e7\u00e3o e o uso do fio dental est\u00e3o mais f\u00e1ceis do que nunca.<\/li>\n<li><strong>Resultados eficientes<\/strong>: Experimente uma jornada ortod\u00f4ntica simplificada com menos visitas ao consult\u00f3rio e resultados eficazes.<\/li>\n<\/ul>\n<h3>Discreto e confort\u00e1vel<\/h3>\n<p>Os alinhadores transparentes s\u00e3o ideais para adolescentes e adultos que desejam endireitar os dentes sem chamar a aten\u00e7\u00e3o para o tratamento. Seja no trabalho, na escola ou em eventos sociais, voc\u00ea pode sorrir com confian\u00e7a, sabendo que seus alinhadores s\u00e3o praticamente invis\u00edveis. <\/p>\n<h3>Como os alinhadores transparentes funcionam<\/h3>\n<p>Sua jornada para um sorriso perfeito come\u00e7a com uma impress\u00e3o digital detalhada de seus dentes. O Dr. Rodney Torres usa esses dados para criar um plano de tratamento personalizado. Voc\u00ea receber\u00e1 uma s\u00e9rie de alinhadores feitos sob medida, projetados para colocar seus dentes no lugar gradualmente. Voc\u00ea far\u00e1 check-ups regulares durante todo o tratamento para garantir o progresso e fazer os ajustes necess\u00e1rios. Ap\u00f3s a conclus\u00e3o do tratamento, um aparelho de conten\u00e7\u00e3o ajudar\u00e1 voc\u00ea a manter seu sorriso alinhado e bonito.    <\/p>\n<h2>Comece sua jornada para um belo sorriso<\/h2>\n<p>Na Torres Orthodontics, nos dedicamos a fornecer a voc\u00ea as melhores solu\u00e7\u00f5es ortod\u00f4nticas. Agende uma <a href=\"https:\/\/torresorthodontics.com\/pt-br\/agendar-uma-consulta\/\">consulta<\/a> com o <a href=\"https:\/\/torresorthodontics.com\/doctors\/meet-dr-torres\/\">Dr. Rodney Torres<\/a> para que voc\u00ea descubra os benef\u00edcios do Angel Aligners, Spark Aligners ou do nosso Aligners In-House. Comece hoje mesmo sua jornada rumo a um sorriso confiante e radiante!  <\/p>\n\t\t\t\t\t\t\t\t<\/div>\n\t\t\t\t<\/div>\n\t\t\t\t\t<\/div>\n\t\t\t\t<\/div>\n\t\t\t\t<\/div>\n\t\t","protected":false},"excerpt":{"rendered":"<p>Transforme seu sorriso com alinhadores transparentes na Torres Orthodontics Na Torres Orthodontics, oferecemos tratamentos de alinhadores transparentes de \u00faltima gera\u00e7\u00e3o, incluindo Angel Aligners, Spark Aligners e nossos exclusivos In-House Aligners. Essas solu\u00e7\u00f5es avan\u00e7adas proporcionam uma maneira discreta e confort\u00e1vel de voc\u00ea obter um sorriso deslumbrante sem a inconveni\u00eancia dos aparelhos tradicionais. Por que escolher os alinhadores transparentes? Os [&hellip;]<\/p>\n","protected":false},"author":2,"featured_media":0,"parent":0,"menu_order":81,"comment_status":"closed","ping_status":"closed","template":"","meta":{"_seopress_robots_primary_cat":"","_seopress_titles_title":"Clear Aligners Tampa Miami Lakes Boca Raton FL","_seopress_titles_desc":"O Dr. Torres, da Torres Orthodontics, oferece tratamentos com alinhadores transparentes de \u00faltima gera\u00e7\u00e3o, incluindo o Angel Aligners em Tampa, Miami Lakes e Boca Raton, FL.","_seopress_robots_index":"","footnotes":""},"class_list":["post-7137","page","type-page","status-publish"],"_links":{"self":[{"href":"https:\/\/torresorthodontics.com\/pt-br\/wp-json\/wp\/v2\/pages\/7137","targetHints":{"allow":["GET"]}}],"collection":[{"href":"https:\/\/torresorthodontics.com\/pt-br\/wp-json\/wp\/v2\/pages"}],"about":[{"href":"https:\/\/torresorthodontics.com\/pt-br\/wp-json\/wp\/v2\/types\/page"}],"author":[{"embeddable":true,"href":"https:\/\/torresorthodontics.com\/pt-br\/wp-json\/wp\/v2\/users\/2"}],"replies":[{"embeddable":true,"href":"https:\/\/torresorthodontics.com\/pt-br\/wp-json\/wp\/v2\/comments?post=7137"}],"version-history":[{"count":2,"href":"https:\/\/torresorthodontics.com\/pt-br\/wp-json\/wp\/v2\/pages\/7137\/revisions"}],"predecessor-version":[{"id":7306,"href":"https:\/\/torresorthodontics.com\/pt-br\/wp-json\/wp\/v2\/pages\/7137\/revisions\/7306"}],"wp:attachment":[{"href":"https:\/\/torresorthodontics.com\/pt-br\/wp-json\/wp\/v2\/media?parent=7137"}],"curies":[{"name":"wp","href":"https:\/\/api.w.org\/{rel}","templated":true}]}}