{"id":7142,"date":"2024-06-13T21:38:43","date_gmt":"2024-06-13T21:38:43","guid":{"rendered":"https:\/\/torresorthodontics.com\/tratamentos-comuns\/"},"modified":"2024-12-16T19:57:39","modified_gmt":"2024-12-16T19:57:39","slug":"tratamentos-comuns","status":"publish","type":"page","link":"https:\/\/torresorthodontics.com\/pt-br\/tratamentos-comuns\/","title":{"rendered":"Tratamentos comuns"},"content":{"rendered":"\t\t<div data-elementor-type=\"wp-page\" data-elementor-id=\"7142\" class=\"elementor elementor-7142 elementor-5011\" data-elementor-post-type=\"page\">\n\t\t\t\t<div data-particle_enable=\"false\" data-particle-mobile-disabled=\"false\" class=\"elementor-element elementor-element-6acd695 e-flex e-con-boxed e-con e-parent\" data-id=\"6acd695\" data-element_type=\"container\" data-e-type=\"container\">\n\t\t\t\t\t<div class=\"e-con-inner\">\n\t\t\t\t<div class=\"elementor-element elementor-element-019b4a6 elementor-widget elementor-widget-text-editor\" data-id=\"019b4a6\" data-element_type=\"widget\" data-e-type=\"widget\" data-widget_type=\"text-editor.default\">\n\t\t\t\t<div class=\"elementor-widget-container\">\n\t\t\t\t\t\t\t\t\t<p>Entender o alinhamento dos seus dentes afeta tanto a sua sa\u00fade bucal quanto a sua confian\u00e7a. Na Torres Orthodontics, somos especializados no tratamento de problemas dent\u00e1rios para ajudar voc\u00ea a ter um sorriso mais saud\u00e1vel e confiante. <\/p>\n<ul>\n<li><strong>Dentes apinhados:<\/strong> Dentes sobrepostos ou muito apertados.<\/li>\n<li><strong>Mordida aberta:<\/strong> Os dentes da frente n\u00e3o se tocam ao morder.<\/li>\n<li><strong>Sobremordida:<\/strong> Os dentes frontais inferiores mordem o palato.<\/li>\n<li><strong>Falta de incisivos laterais:<\/strong> Aus\u00eancia de dentes pr\u00f3ximos aos dentes da frente.<\/li>\n<li><strong>Mordida profunda:<\/strong> Dentes frontais inferiores na frente dos dentes superiores.<\/li>\n<li><strong>Espa\u00e7amento dos dentes:<\/strong> Espa\u00e7os entre os dentes.<\/li>\n<li><strong>Overjet:<\/strong> Dentes anteriores salientes.<\/li>\n<li><strong>Desalinhamento dos dentes:<\/strong> Irregularidades gerais na posi\u00e7\u00e3o dos dentes.<\/li>\n<\/ul>\n<p>Nossa experiente equipe oferece planos de tratamento personalizados usando as mais recentes t\u00e9cnicas ortod\u00f4nticas para garantir que voc\u00ea receba o melhor atendimento poss\u00edvel. Se voc\u00ea est\u00e1 considerando usar aparelhos tradicionais, alinhadores transparentes ou outras solu\u00e7\u00f5es ortod\u00f4nticas, estamos empenhados em ajud\u00e1-lo a obter o sorriso que voc\u00ea sempre quis. <\/p>\n<p>Nosso compromisso vai al\u00e9m da cria\u00e7\u00e3o de belos sorrisos; priorizamos a garantia de felicidade genu\u00edna para nossos pacientes e suas fam\u00edlias, tanto por dentro quanto por fora.<\/p>\n\t\t\t\t\t\t\t\t<\/div>\n\t\t\t\t<\/div>\n\t\t\t\t\t<\/div>\n\t\t\t\t<\/div>\n\t\t\t\t<\/div>\n\t\t","protected":false},"excerpt":{"rendered":"<p>Entender o alinhamento dos seus dentes afeta tanto a sua sa\u00fade bucal quanto a sua confian\u00e7a. Na Torres Orthodontics, somos especializados no tratamento de problemas dent\u00e1rios para ajudar voc\u00ea a ter um sorriso mais saud\u00e1vel e confiante. Dentes apinhados: Dentes sobrepostos ou muito apertados. Mordida aberta: Os dentes da frente n\u00e3o se tocam ao morder. Sobremordida: Os dentes [&hellip;]<\/p>\n","protected":false},"author":2,"featured_media":0,"parent":0,"menu_order":78,"comment_status":"closed","ping_status":"closed","template":"","meta":{"_seopress_robots_primary_cat":"","_seopress_titles_title":"Tratamentos comuns na Torres Orthodontics em Tampa Miami Lake Boca Raton FL","_seopress_titles_desc":"Em Tampa, Miami Lakes e Boca Raton FL, o ortodontista Dr. Torres discute diferentes tipos de problemas ortod\u00f4nticos para crian\u00e7as, adolescentes e adultos.  ","_seopress_robots_index":"","footnotes":""},"class_list":["post-7142","page","type-page","status-publish"],"_links":{"self":[{"href":"https:\/\/torresorthodontics.com\/pt-br\/wp-json\/wp\/v2\/pages\/7142","targetHints":{"allow":["GET"]}}],"collection":[{"href":"https:\/\/torresorthodontics.com\/pt-br\/wp-json\/wp\/v2\/pages"}],"about":[{"href":"https:\/\/torresorthodontics.com\/pt-br\/wp-json\/wp\/v2\/types\/page"}],"author":[{"embeddable":true,"href":"https:\/\/torresorthodontics.com\/pt-br\/wp-json\/wp\/v2\/users\/2"}],"replies":[{"embeddable":true,"href":"https:\/\/torresorthodontics.com\/pt-br\/wp-json\/wp\/v2\/comments?post=7142"}],"version-history":[{"count":1,"href":"https:\/\/torresorthodontics.com\/pt-br\/wp-json\/wp\/v2\/pages\/7142\/revisions"}],"predecessor-version":[{"id":7150,"href":"https:\/\/torresorthodontics.com\/pt-br\/wp-json\/wp\/v2\/pages\/7142\/revisions\/7150"}],"wp:attachment":[{"href":"https:\/\/torresorthodontics.com\/pt-br\/wp-json\/wp\/v2\/media?parent=7142"}],"curies":[{"name":"wp","href":"https:\/\/api.w.org\/{rel}","templated":true}]}}