{"id":7168,"date":"2017-02-06T22:42:47","date_gmt":"2017-02-06T22:42:47","guid":{"rendered":"https:\/\/torresorthodontics.com\/tudo-sobre-aparelhos-ortodonticos\/"},"modified":"2025-05-14T21:51:37","modified_gmt":"2025-05-14T21:51:37","slug":"tudo-sobre-aparelhos-ortodonticos","status":"publish","type":"page","link":"https:\/\/torresorthodontics.com\/pt-br\/tudo-sobre-aparelhos-ortodonticos\/","title":{"rendered":"Tudo sobre aparelhos ortod\u00f4nticos"},"content":{"rendered":"\t\t<div data-elementor-type=\"wp-page\" data-elementor-id=\"7168\" class=\"elementor elementor-7168 elementor-3077\" data-elementor-post-type=\"page\">\n\t\t\t\t\t\t<section data-particle_enable=\"false\" data-particle-mobile-disabled=\"false\" class=\"elementor-section elementor-top-section elementor-element elementor-element-58d4ae23 elementor-section-boxed elementor-section-height-default elementor-section-height-default\" data-id=\"58d4ae23\" data-element_type=\"section\" data-e-type=\"section\">\n\t\t\t\t\t\t<div class=\"elementor-container elementor-column-gap-default\">\n\t\t\t\t\t<div class=\"elementor-column elementor-col-100 elementor-top-column elementor-element elementor-element-18023870\" data-id=\"18023870\" data-element_type=\"column\" data-e-type=\"column\">\n\t\t\t<div class=\"elementor-widget-wrap elementor-element-populated\">\n\t\t\t\t\t\t<div class=\"elementor-element elementor-element-4cb72c6b elementor-widget elementor-widget-text-editor\" data-id=\"4cb72c6b\" data-element_type=\"widget\" data-e-type=\"widget\" data-widget_type=\"text-editor.default\">\n\t\t\t\t<div class=\"elementor-widget-container\">\n\t\t\t\t\t\t\t\t\t<h2>Escova\u00e7\u00e3o e uso do fio dental<\/h2><p>Manter uma excelente higiene bucal com aparelho ortod\u00f4ntico \u00e9 fundamental durante o tratamento ortod\u00f4ntico para garantir a sa\u00fade de seus dentes e gengivas. Aqui est\u00e1 o que voc\u00ea precisa saber: <\/p><ul><li><p><strong>Import\u00e2ncia:<\/strong> Os aparelhos exigem ajustes em seus h\u00e1bitos de escova\u00e7\u00e3o e uso do fio dental para manter os dentes e as gengivas saud\u00e1veis.<\/p><\/li><li><p><strong>Limpezas profissionais:<\/strong> Os pacientes que n\u00e3o mant\u00eam os dentes limpos podem precisar de limpezas profissionais mais frequentes.<\/p><\/li><li><p><strong>Consulta periodontal:<\/strong> Adultos com hist\u00f3rico de doen\u00e7a gengival devem consultar um periodontista durante o tratamento ortod\u00f4ntico.<\/p><\/li><\/ul>\t\t\t\t\t\t\t\t<\/div>\n\t\t\t\t<\/div>\n\t\t\t\t\t<\/div>\n\t\t<\/div>\n\t\t\t\t\t<\/div>\n\t\t<\/section>\n\t\t\t\t<section data-particle_enable=\"false\" data-particle-mobile-disabled=\"false\" class=\"elementor-section elementor-top-section elementor-element elementor-element-d07070f elementor-section-boxed elementor-section-height-default elementor-section-height-default\" data-id=\"d07070f\" data-element_type=\"section\" data-e-type=\"section\">\n\t\t\t\t\t\t<div class=\"elementor-container elementor-column-gap-default\">\n\t\t\t\t\t<div class=\"elementor-column elementor-col-100 elementor-top-column elementor-element elementor-element-ccb7441\" data-id=\"ccb7441\" data-element_type=\"column\" data-e-type=\"column\">\n\t\t\t<div class=\"elementor-widget-wrap elementor-element-populated\">\n\t\t\t\t\t\t<div class=\"elementor-element elementor-element-faafb4f elementor-widget elementor-widget-video\" data-id=\"faafb4f\" data-element_type=\"widget\" data-e-type=\"widget\" data-settings=\"{&quot;youtube_url&quot;:&quot;https:\\\/\\\/youtu.be\\\/obuCKwrlfbM&quot;,&quot;show_image_overlay&quot;:&quot;yes&quot;,&quot;image_overlay&quot;:{&quot;url&quot;:&quot;https:\\\/\\\/torresorthodontics.com\\\/wp-content\\\/uploads\\\/2016\\\/02\\\/AAO-Brushing-and-Flossing-While-Wearing-Braces.jpg&quot;,&quot;id&quot;:2825,&quot;size&quot;:&quot;&quot;,&quot;alt&quot;:&quot;&quot;,&quot;source&quot;:&quot;library&quot;},&quot;video_type&quot;:&quot;youtube&quot;,&quot;controls&quot;:&quot;yes&quot;}\" data-widget_type=\"video.default\">\n\t\t\t\t<div class=\"elementor-widget-container\">\n\t\t\t\t\t\t\t<div class=\"elementor-wrapper elementor-open-inline\">\n\t\t\t<div class=\"elementor-video\"><\/div>\t\t\t\t<div class=\"elementor-custom-embed-image-overlay\" style=\"background-image: url(https:\/\/torresorthodontics.com\/wp-content\/uploads\/2016\/02\/aao-brushing-and-flossing-while-wearing-braces.jpg);\">\n\t\t\t\t\t\t\t\t\t\t\t\t\t\t<\/div>\n\t\t\t\t\t<\/div>\n\t\t\t\t\t\t<\/div>\n\t\t\t\t<\/div>\n\t\t\t\t\t<\/div>\n\t\t<\/div>\n\t\t\t\t\t<\/div>\n\t\t<\/section>\n\t\t\t\t<section data-particle_enable=\"false\" data-particle-mobile-disabled=\"false\" class=\"elementor-section elementor-top-section elementor-element elementor-element-b100857 elementor-section-boxed elementor-section-height-default elementor-section-height-default\" data-id=\"b100857\" data-element_type=\"section\" data-e-type=\"section\">\n\t\t\t\t\t\t<div class=\"elementor-container elementor-column-gap-default\">\n\t\t\t\t\t<div class=\"elementor-column elementor-col-100 elementor-top-column elementor-element elementor-element-42007f8\" data-id=\"42007f8\" data-element_type=\"column\" data-e-type=\"column\">\n\t\t\t<div class=\"elementor-widget-wrap elementor-element-populated\">\n\t\t\t\t\t\t<div class=\"elementor-element elementor-element-9180ccc elementor-widget elementor-widget-text-editor\" data-id=\"9180ccc\" data-element_type=\"widget\" data-e-type=\"widget\" data-widget_type=\"text-editor.default\">\n\t\t\t\t<div class=\"elementor-widget-container\">\n\t\t\t\t\t\t\t\t\t<h2>Comer com aparelho ortod\u00f4ntico<\/h2><p>Uma das perguntas mais comuns sobre a vida com aparelho ortod\u00f4ntico \u00e9: &#8220;O que posso comer?&#8221; Inicialmente, ap\u00f3s um ajuste, voc\u00ea deve se ater a alimentos macios para maior conforto. Evite carnes duras, p\u00e3o duro e vegetais crus. Em breve, voc\u00ea voltar\u00e1 a saborear confortavelmente um pepino, garantindo a prote\u00e7\u00e3o do aparelho durante as refei\u00e7\u00f5es ao longo do tratamento.   <\/p><ul><li><h3>Alimentos a serem evitados<\/h3><ul><li>Alimentos mastig\u00e1veis: bagels, p\u00e3es duros, alca\u00e7uz<\/li><li>Alimentos crocantes: pipoca, gelo<\/li><li>Alimentos pegajosos: caramelos, chicletes<\/li><li>Alimentos duros: nozes, doces<\/li><li>Alimentos que exigem que voc\u00ea morda a espiga de milho, ma\u00e7\u00e3s, cenouras<\/li><li>Al\u00e9m disso, evite mastigar objetos duros, como canetas ou unhas, para n\u00e3o danificar o aparelho. Se voc\u00ea danificar o aparelho, poder\u00e1 prolongar a dura\u00e7\u00e3o do tratamento e exigir mais consultas. <\/li><\/ul><\/li><\/ul>\t\t\t\t\t\t\t\t<\/div>\n\t\t\t\t<\/div>\n\t\t\t\t\t<\/div>\n\t\t<\/div>\n\t\t\t\t\t<\/div>\n\t\t<\/section>\n\t\t\t\t<section data-particle_enable=\"false\" data-particle-mobile-disabled=\"false\" class=\"elementor-section elementor-top-section elementor-element elementor-element-3b8f79a elementor-section-boxed elementor-section-height-default elementor-section-height-default\" data-id=\"3b8f79a\" data-element_type=\"section\" data-e-type=\"section\">\n\t\t\t\t\t\t<div class=\"elementor-container elementor-column-gap-default\">\n\t\t\t\t\t<div class=\"elementor-column elementor-col-100 elementor-top-column elementor-element elementor-element-e8d7356\" data-id=\"e8d7356\" data-element_type=\"column\" data-e-type=\"column\">\n\t\t\t<div class=\"elementor-widget-wrap elementor-element-populated\">\n\t\t\t\t\t\t<div class=\"elementor-element elementor-element-ef164a7 elementor-widget elementor-widget-video\" data-id=\"ef164a7\" data-element_type=\"widget\" data-e-type=\"widget\" data-settings=\"{&quot;youtube_url&quot;:&quot;https:\\\/\\\/youtu.be\\\/AJQOjr6s6pM&quot;,&quot;show_image_overlay&quot;:&quot;yes&quot;,&quot;image_overlay&quot;:{&quot;url&quot;:&quot;https:\\\/\\\/torresorthodontics.com\\\/wp-content\\\/uploads\\\/2022\\\/02\\\/aao-eating-with-braces.jpg&quot;,&quot;id&quot;:4227,&quot;size&quot;:&quot;&quot;,&quot;alt&quot;:&quot;&quot;,&quot;source&quot;:&quot;library&quot;},&quot;video_type&quot;:&quot;youtube&quot;,&quot;controls&quot;:&quot;yes&quot;}\" data-widget_type=\"video.default\">\n\t\t\t\t<div class=\"elementor-widget-container\">\n\t\t\t\t\t\t\t<div class=\"elementor-wrapper elementor-open-inline\">\n\t\t\t<div class=\"elementor-video\"><\/div>\t\t\t\t<div class=\"elementor-custom-embed-image-overlay\" style=\"background-image: url(https:\/\/torresorthodontics.com\/wp-content\/uploads\/2022\/02\/aao-eating-with-braces.jpg);\">\n\t\t\t\t\t\t\t\t\t\t\t\t\t\t<\/div>\n\t\t\t\t\t<\/div>\n\t\t\t\t\t\t<\/div>\n\t\t\t\t<\/div>\n\t\t\t\t\t<\/div>\n\t\t<\/div>\n\t\t\t\t\t<\/div>\n\t\t<\/section>\n\t\t\t\t<section data-particle_enable=\"false\" data-particle-mobile-disabled=\"false\" class=\"elementor-section elementor-top-section elementor-element elementor-element-e42b53e elementor-section-boxed elementor-section-height-default elementor-section-height-default\" data-id=\"e42b53e\" data-element_type=\"section\" data-e-type=\"section\">\n\t\t\t\t\t\t<div class=\"elementor-container elementor-column-gap-default\">\n\t\t\t\t\t<div class=\"elementor-column elementor-col-100 elementor-top-column elementor-element elementor-element-79dace7\" data-id=\"79dace7\" data-element_type=\"column\" data-e-type=\"column\">\n\t\t\t<div class=\"elementor-widget-wrap elementor-element-populated\">\n\t\t\t\t\t\t<div class=\"elementor-element elementor-element-941f321 elementor-widget elementor-widget-text-editor\" data-id=\"941f321\" data-element_type=\"widget\" data-e-type=\"widget\" data-widget_type=\"text-editor.default\">\n\t\t\t\t<div class=\"elementor-widget-container\">\n\t\t\t\t\t\t\t\t\t<h2>Dor geral<\/h2><p>Voc\u00ea est\u00e1 sentindo desconforto depois de colocar o aparelho? Aqui est\u00e1 o que voc\u00ea deve esperar: <\/p><ul><li><p><strong>Dor inicial:<\/strong> Voc\u00ea pode sentir dor na boca e nos dentes por 3 a 5 dias ap\u00f3s colocar o aparelho.<\/p><\/li><li><p><strong>Al\u00edvio da dor:<\/strong> Os analg\u00e9sicos de venda livre podem ajudar a aliviar o desconforto durante esse per\u00edodo.<\/p><\/li><li><p><strong>Irrita\u00e7\u00e3o:<\/strong> Inicialmente, os l\u00e1bios, as bochechas e a l\u00edngua podem ficar irritados, mas eles ficar\u00e3o mais resistentes com o tempo.<\/p><\/li><\/ul><h2>Afrouxamento dos dentes<\/h2><p>\u00c9 normal que voc\u00ea sinta os dentes ligeiramente soltos durante o tratamento, pois eles se ajustam \u00e0s novas posi\u00e7\u00f5es. Esse processo \u00e9 necess\u00e1rio para um alinhamento eficaz, e os dentes se estabilizar\u00e3o nas posi\u00e7\u00f5es corrigidas ap\u00f3s a conclus\u00e3o do tratamento. <\/p><p><strong>Fio ou faixa soltos<\/strong><\/p><p>Voc\u00ea est\u00e1 lidando com um fio ou uma pulseira solta? Aqui est\u00e1 o que voc\u00ea deve fazer: <\/p><ul><li><p><strong>Reposicione o fio:<\/strong> Use uma ferramenta sem corte (como a ponta da borracha de um l\u00e1pis) para colocar o fio irritante de volta sob o arco com cuidado.<\/p><\/li><li><p><strong>Use cera ortod\u00f4ntica:<\/strong> Aplique cera no fio para maior conforto e para reduzir a irrita\u00e7\u00e3o.<\/p><\/li><\/ul><h2>Desgaste do el\u00e1stico<\/h2><p>O sucesso do tratamento ortod\u00f4ntico depende da coopera\u00e7\u00e3o do paciente com os el\u00e1sticos ou outros aparelhos prescritos. O uso consistente \u00e9 essencial para que os dentes e as mand\u00edbulas se movam em dire\u00e7\u00e3o \u00e0s suas posi\u00e7\u00f5es corrigidas. A ades\u00e3o \u00e0s instru\u00e7\u00f5es evita atrasos no tratamento e garante \u00f3timos resultados.  <\/p><h2>Atletismo e protetores bucais<\/h2><p>Informe-nos se voc\u00ea pratica esportes! Fornecemos protetores bucais personalizados projetados para esportes de contato para proteger tanto o aparelho quanto os dentes. Quer voc\u00ea pratique futebol, basquete ou qualquer outro esporte de contato, nossos protetores bucais especializados reduzem o risco de les\u00f5es dent\u00e1rias e protegem seus aparelhos ortod\u00f4nticos.  <\/p>\t\t\t\t\t\t\t\t<\/div>\n\t\t\t\t<\/div>\n\t\t\t\t\t<\/div>\n\t\t<\/div>\n\t\t\t\t\t<\/div>\n\t\t<\/section>\n\t\t\t\t<\/div>\n\t\t","protected":false},"excerpt":{"rendered":"<p>Escova\u00e7\u00e3o e uso do fio dental Manter uma excelente higiene bucal com aparelho ortod\u00f4ntico \u00e9 fundamental durante o tratamento ortod\u00f4ntico para garantir a sa\u00fade de seus dentes e gengivas. Aqui est\u00e1 o que voc\u00ea precisa saber: Import\u00e2ncia: Os aparelhos exigem ajustes em seus h\u00e1bitos de escova\u00e7\u00e3o e uso do fio dental para manter os dentes e as gengivas [&hellip;]<\/p>\n","protected":false},"author":2,"featured_media":0,"parent":0,"menu_order":69,"comment_status":"closed","ping_status":"closed","template":"","meta":{"_seopress_robots_primary_cat":"","_seopress_titles_title":"Tudo sobre aparelhos ortod\u00f4nticos na Torres Orthodontics em Tampa Miami Lakes FL","_seopress_titles_desc":"A coisa mais importante a ser lembrada quando voc\u00ea usa aparelho ortod\u00f4ntico \u00e9 escovar os dentes e usar fio dental na Torres Orthodontics em Tampa e Miami Lakes, FL.","_seopress_robots_index":"","footnotes":""},"class_list":["post-7168","page","type-page","status-publish"],"_links":{"self":[{"href":"https:\/\/torresorthodontics.com\/pt-br\/wp-json\/wp\/v2\/pages\/7168","targetHints":{"allow":["GET"]}}],"collection":[{"href":"https:\/\/torresorthodontics.com\/pt-br\/wp-json\/wp\/v2\/pages"}],"about":[{"href":"https:\/\/torresorthodontics.com\/pt-br\/wp-json\/wp\/v2\/types\/page"}],"author":[{"embeddable":true,"href":"https:\/\/torresorthodontics.com\/pt-br\/wp-json\/wp\/v2\/users\/2"}],"replies":[{"embeddable":true,"href":"https:\/\/torresorthodontics.com\/pt-br\/wp-json\/wp\/v2\/comments?post=7168"}],"version-history":[{"count":2,"href":"https:\/\/torresorthodontics.com\/pt-br\/wp-json\/wp\/v2\/pages\/7168\/revisions"}],"predecessor-version":[{"id":8461,"href":"https:\/\/torresorthodontics.com\/pt-br\/wp-json\/wp\/v2\/pages\/7168\/revisions\/8461"}],"wp:attachment":[{"href":"https:\/\/torresorthodontics.com\/pt-br\/wp-json\/wp\/v2\/media?parent=7168"}],"curies":[{"name":"wp","href":"https:\/\/api.w.org\/{rel}","templated":true}]}}