{"id":7172,"date":"2023-01-31T20:25:52","date_gmt":"2023-01-31T20:25:52","guid":{"rendered":"https:\/\/torresorthodontics.com\/tecnologia-avancada\/"},"modified":"2025-05-14T17:07:08","modified_gmt":"2025-05-14T17:07:08","slug":"tecnologia-avancada","status":"publish","type":"page","link":"https:\/\/torresorthodontics.com\/pt-br\/tecnologia-avancada\/","title":{"rendered":"Tecnologia avan\u00e7ada"},"content":{"rendered":"\t\t<div data-elementor-type=\"wp-page\" data-elementor-id=\"7172\" class=\"elementor elementor-7172 elementor-3591\" data-elementor-post-type=\"page\">\n\t\t\t\t<div data-particle_enable=\"false\" data-particle-mobile-disabled=\"false\" class=\"elementor-element elementor-element-acdcc69 e-flex e-con-boxed e-con e-parent\" data-id=\"acdcc69\" data-element_type=\"container\" data-e-type=\"container\">\n\t\t\t\t\t<div class=\"e-con-inner\">\n\t\t\t\t<div class=\"elementor-element elementor-element-b6ecbfb elementor-widget elementor-widget-text-editor\" data-id=\"b6ecbfb\" data-element_type=\"widget\" data-e-type=\"widget\" data-widget_type=\"text-editor.default\">\n\t\t\t\t<div class=\"elementor-widget-container\">\n\t\t\t\t\t\t\t\t\t<p>Na Torres Orthodontics, o Dr. Rodney Torres e nossa equipe t\u00eam o compromisso de oferecer atendimento ortod\u00f4ntico de alta qualidade usando as tecnologias mais recentes. Priorizamos tratamentos personalizados para garantir que sua experi\u00eancia seja eficaz e confort\u00e1vel. <\/p><p>Nossas solu\u00e7\u00f5es avan\u00e7adas, desde alinhadores transparentes at\u00e9 imagens digitais e impress\u00e3o 3D, s\u00e3o projetadas para melhorar seu sorriso com precis\u00e3o e facilidade. Voc\u00ea pode esperar um atendimento ortod\u00f4ntico moderno que se adapta perfeitamente ao seu estilo de vida e oferece resultados excepcionais. Confie em n\u00f3s para ajudar voc\u00ea a conquistar um sorriso bonito e confiante em um ambiente acolhedor.  <\/p>\t\t\t\t\t\t\t\t<\/div>\n\t\t\t\t<\/div>\n\t\t\t\t\t<\/div>\n\t\t\t\t<\/div>\n\t\t<div data-particle_enable=\"false\" data-particle-mobile-disabled=\"false\" class=\"elementor-element elementor-element-8e07388 e-flex e-con-boxed e-con e-parent\" data-id=\"8e07388\" data-element_type=\"container\" data-e-type=\"container\">\n\t\t\t\t\t<div class=\"e-con-inner\">\n\t\t\t\t<div class=\"elementor-element elementor-element-28a6a72 elementor-widget elementor-widget-text-editor\" data-id=\"28a6a72\" data-element_type=\"widget\" data-e-type=\"widget\" data-widget_type=\"text-editor.default\">\n\t\t\t\t<div class=\"elementor-widget-container\">\n\t\t\t\t\t\t\t\t\t<h3>Impress\u00f5es digitais iTero<\/h3><p>Com o iTero Digital Impressions, garantimos a voc\u00ea um atendimento ortod\u00f4ntico preciso e confort\u00e1vel. Essa tecnologia avan\u00e7ada elimina a necessidade de impress\u00f5es tradicionais em massa e permite ajustes em tempo real durante o planejamento do tratamento. Ela \u00e9 especialmente ben\u00e9fica para pacientes com alinhadores transparentes, garantindo resultados ideais desde a primeira digitaliza\u00e7\u00e3o.  <\/p><h3>Impress\u00e3o 3D<\/h3><p>Descubra conosco os benef\u00edcios da impress\u00e3o 3D na ortodontia. Nossos recursos avan\u00e7ados criam com efici\u00eancia retentores, protetores bucais e protetores noturnos de alta qualidade. Essa tecnologia reduz os recursos de envio e economiza tempo, garantindo precis\u00e3o e durabilidade para todas as suas necessidades ortod\u00f4nticas.  <\/p><h3>Alinhadores transparentes<\/h3><div class=\"flex max-w-full flex-col flex-grow\"><div class=\"min-h-[20px] text-message flex w-full flex-col items-end gap-2 break-words [.text-message+&amp;]:mt-5 overflow-x-auto whitespace-normal\" dir=\"auto\" data-message-author-role=\"assistant\" data-message-id=\"6a1c9684-9eed-4008-b854-526742988951\"><div class=\"flex w-full flex-col gap-1 empty:hidden first:pt-[3px]\"><div class=\"markdown prose w-full break-words dark:prose-invert light\"><p>Os alinhadores transparentes oferecem um m\u00e9todo discreto e confort\u00e1vel para endireitar os dentes sem o uso de aparelhos tradicionais. Esses alinhadores personalizados e quase invis\u00edveis podem resolver uma variedade de problemas dent\u00e1rios. Como eles s\u00e3o remov\u00edveis, \u00e9 f\u00e1cil manter uma boa higiene bucal e saborear seus alimentos favoritos sem nenhuma restri\u00e7\u00e3o.  <\/p><\/div><\/div><\/div><\/div><h3>Aparelhos ortod\u00f4nticos<\/h3><p>Os aparelhos modernos proporcionam um endireitamento eficaz dos dentes com op\u00e7\u00f5es que atendem a todas as necessidades. Os aparelhos tradicionais de metal, feitos de ligas de alta qualidade, agora s\u00e3o menores, mais confort\u00e1veis e personaliz\u00e1veis com el\u00e1sticos coloridos. Os aparelhos transparentes de cer\u00e2mica oferecem uma alternativa discreta para uma op\u00e7\u00e3o menos percept\u00edvel, embora exijam cuidados diligentes para evitar manchas e manter a higiene bucal. Ambas as op\u00e7\u00f5es garantem uma abordagem personalizada para que voc\u00ea tenha um sorriso bonito.   <\/p><h3>Aparelhos de movimento Carriere<\/h3><p>Os aparelhos Carriere\u00ae Motion 3D\u2122 representam um avan\u00e7o no tratamento ortod\u00f4ntico, proporcionando uma abordagem inovadora para a corre\u00e7\u00e3o de m\u00e1s oclus\u00f5es. Esses aparelhos avan\u00e7ados foram projetados para minimizar as extra\u00e7\u00f5es, reduzir o tempo de tratamento e aumentar o conforto. Ao integrar o Carriere\u00ae Motion 3D\u2122 em seu tratamento, voc\u00ea garante uma experi\u00eancia ortod\u00f4ntica mais eficiente e amig\u00e1vel ao paciente.  <\/p><h3>KLOwen\/Custom 3D<\/h3><p>A tecnologia KLOwen\/Custom 3D\u2122\ufe0f revoluciona o atendimento ortod\u00f4ntico ao criar solu\u00e7\u00f5es de tratamento altamente personalizadas. Usando imagens e impress\u00e3o 3D avan\u00e7adas, produzimos aparelhos ortod\u00f4nticos precisos e personalizados que aumentam a efic\u00e1cia do tratamento e o conforto do paciente. Essa tecnologia garante uma abordagem sob medida para que voc\u00ea alcance o sorriso perfeito.  <\/p><h3>Laser de diodo<\/h3><p>Nossa tecnologia Diode Laser\u00ae aprimora os tratamentos ortod\u00f4nticos com precis\u00e3o e conforto. Esse sistema avan\u00e7ado de laser \u00e9 usado para melhorar os resultados do tratamento do tecido gengival para procedimentos de tecidos moles, como o contorno gengival. O laser de diodo reduz o desconforto, promove uma cicatriza\u00e7\u00e3o mais r\u00e1pida e garante uma experi\u00eancia ortod\u00f4ntica mais eficiente.  <\/p>\t\t\t\t\t\t\t\t<\/div>\n\t\t\t\t<\/div>\n\t\t\t\t\t<\/div>\n\t\t\t\t<\/div>\n\t\t\t\t<section data-particle_enable=\"false\" data-particle-mobile-disabled=\"false\" class=\"elementor-section elementor-top-section elementor-element elementor-element-c151dad elementor-section-content-middle elementor-section-boxed elementor-section-height-default elementor-section-height-default\" data-id=\"c151dad\" data-element_type=\"section\" data-e-type=\"section\">\n\t\t\t\t\t\t<div class=\"elementor-container elementor-column-gap-default\">\n\t\t\t\t\t<div class=\"elementor-column elementor-col-100 elementor-top-column elementor-element elementor-element-023aee1\" data-id=\"023aee1\" data-element_type=\"column\" data-e-type=\"column\" data-settings=\"{&quot;background_background&quot;:&quot;classic&quot;}\">\n\t\t\t<div class=\"elementor-widget-wrap elementor-element-populated\">\n\t\t\t\t\t\t<div class=\"elementor-element elementor-element-e29fe04 elementor-widget elementor-widget-heading\" data-id=\"e29fe04\" data-element_type=\"widget\" data-e-type=\"widget\" data-widget_type=\"heading.default\">\n\t\t\t\t<div class=\"elementor-widget-container\">\n\t\t\t\t\t<h3 class=\"elementor-heading-title elementor-size-default\">Melhoria da experi\u00eancia do paciente<\/h3>\t\t\t\t<\/div>\n\t\t\t\t<\/div>\n\t\t\t\t<section data-particle_enable=\"false\" data-particle-mobile-disabled=\"false\" class=\"elementor-section elementor-inner-section elementor-element elementor-element-959c9ae elementor-section-boxed elementor-section-height-default elementor-section-height-default\" data-id=\"959c9ae\" data-element_type=\"section\" data-e-type=\"section\">\n\t\t\t\t\t\t<div class=\"elementor-container elementor-column-gap-default\">\n\t\t\t\t\t<div class=\"elementor-column elementor-col-50 elementor-inner-column elementor-element elementor-element-000e40e\" data-id=\"000e40e\" data-element_type=\"column\" data-e-type=\"column\">\n\t\t\t<div class=\"elementor-widget-wrap elementor-element-populated\">\n\t\t\t\t\t\t<div class=\"elementor-element elementor-element-c320cea elementor-view-default elementor-position-block-start elementor-mobile-position-block-start elementor-widget elementor-widget-icon-box\" data-id=\"c320cea\" data-element_type=\"widget\" data-e-type=\"widget\" data-widget_type=\"icon-box.default\">\n\t\t\t\t<div class=\"elementor-widget-container\">\n\t\t\t\t\t\t\t<div class=\"elementor-icon-box-wrapper\">\n\n\t\t\t\t\t\t<div class=\"elementor-icon-box-icon\">\n\t\t\t\t<span  class=\"elementor-icon\">\n\t\t\t\t<i aria-hidden=\"true\" class=\"fas fa-clock\"><\/i>\t\t\t\t<\/span>\n\t\t\t<\/div>\n\t\t\t\n\t\t\t\t\t\t<div class=\"elementor-icon-box-content\">\n\n\t\t\t\t\t\t\t\t\t<h3 class=\"elementor-icon-box-title\">\n\t\t\t\t\t\t<span  >\n\t\t\t\t\t\t\tTempos de tratamento mais r\u00e1pidos\t\t\t\t\t\t<\/span>\n\t\t\t\t\t<\/h3>\n\t\t\t\t\n\t\t\t\t\n\t\t\t<\/div>\n\t\t\t\n\t\t<\/div>\n\t\t\t\t\t\t<\/div>\n\t\t\t\t<\/div>\n\t\t\t\t\t<\/div>\n\t\t<\/div>\n\t\t\t\t<div class=\"elementor-column elementor-col-50 elementor-inner-column elementor-element elementor-element-8237108\" data-id=\"8237108\" data-element_type=\"column\" data-e-type=\"column\">\n\t\t\t<div class=\"elementor-widget-wrap elementor-element-populated\">\n\t\t\t\t\t\t<div class=\"elementor-element elementor-element-0cc49c9 elementor-view-default elementor-position-block-start elementor-mobile-position-block-start elementor-widget elementor-widget-icon-box\" data-id=\"0cc49c9\" data-element_type=\"widget\" data-e-type=\"widget\" data-widget_type=\"icon-box.default\">\n\t\t\t\t<div class=\"elementor-widget-container\">\n\t\t\t\t\t\t\t<div class=\"elementor-icon-box-wrapper\">\n\n\t\t\t\t\t\t<div class=\"elementor-icon-box-icon\">\n\t\t\t\t<span  class=\"elementor-icon\">\n\t\t\t\t<i aria-hidden=\"true\" class=\"fas fa-hand-holding-heart\"><\/i>\t\t\t\t<\/span>\n\t\t\t<\/div>\n\t\t\t\n\t\t\t\t\t\t<div class=\"elementor-icon-box-content\">\n\n\t\t\t\t\t\t\t\t\t<h3 class=\"elementor-icon-box-title\">\n\t\t\t\t\t\t<span  >\n\t\t\t\t\t\t\tMaior conforto para o paciente\t\t\t\t\t\t<\/span>\n\t\t\t\t\t<\/h3>\n\t\t\t\t\n\t\t\t\t\n\t\t\t<\/div>\n\t\t\t\n\t\t<\/div>\n\t\t\t\t\t\t<\/div>\n\t\t\t\t<\/div>\n\t\t\t\t\t<\/div>\n\t\t<\/div>\n\t\t\t\t\t<\/div>\n\t\t<\/section>\n\t\t\t\t<section data-particle_enable=\"false\" data-particle-mobile-disabled=\"false\" class=\"elementor-section elementor-inner-section elementor-element elementor-element-22641d5 elementor-section-boxed elementor-section-height-default elementor-section-height-default\" data-id=\"22641d5\" data-element_type=\"section\" data-e-type=\"section\">\n\t\t\t\t\t\t<div class=\"elementor-container elementor-column-gap-default\">\n\t\t\t\t\t<div class=\"elementor-column elementor-col-50 elementor-inner-column elementor-element elementor-element-ef8d078\" data-id=\"ef8d078\" data-element_type=\"column\" data-e-type=\"column\">\n\t\t\t<div class=\"elementor-widget-wrap elementor-element-populated\">\n\t\t\t\t\t\t<div class=\"elementor-element elementor-element-abd79ec elementor-view-default elementor-position-block-start elementor-mobile-position-block-start elementor-widget elementor-widget-icon-box\" data-id=\"abd79ec\" data-element_type=\"widget\" data-e-type=\"widget\" data-widget_type=\"icon-box.default\">\n\t\t\t\t<div class=\"elementor-widget-container\">\n\t\t\t\t\t\t\t<div class=\"elementor-icon-box-wrapper\">\n\n\t\t\t\t\t\t<div class=\"elementor-icon-box-icon\">\n\t\t\t\t<span  class=\"elementor-icon\">\n\t\t\t\t<i aria-hidden=\"true\" class=\"far fa-building\"><\/i>\t\t\t\t<\/span>\n\t\t\t<\/div>\n\t\t\t\n\t\t\t\t\t\t<div class=\"elementor-icon-box-content\">\n\n\t\t\t\t\t\t\t\t\t<h3 class=\"elementor-icon-box-title\">\n\t\t\t\t\t\t<span  >\n\t\t\t\t\t\t\tMenos consultas no escrit\u00f3rio\t\t\t\t\t\t<\/span>\n\t\t\t\t\t<\/h3>\n\t\t\t\t\n\t\t\t\t\n\t\t\t<\/div>\n\t\t\t\n\t\t<\/div>\n\t\t\t\t\t\t<\/div>\n\t\t\t\t<\/div>\n\t\t\t\t\t<\/div>\n\t\t<\/div>\n\t\t\t\t<div class=\"elementor-column elementor-col-50 elementor-inner-column elementor-element elementor-element-dda4a93\" data-id=\"dda4a93\" data-element_type=\"column\" data-e-type=\"column\">\n\t\t\t<div class=\"elementor-widget-wrap elementor-element-populated\">\n\t\t\t\t\t\t<div class=\"elementor-element elementor-element-e13e952 elementor-view-default elementor-position-block-start elementor-mobile-position-block-start elementor-widget elementor-widget-icon-box\" data-id=\"e13e952\" data-element_type=\"widget\" data-e-type=\"widget\" data-widget_type=\"icon-box.default\">\n\t\t\t\t<div class=\"elementor-widget-container\">\n\t\t\t\t\t\t\t<div class=\"elementor-icon-box-wrapper\">\n\n\t\t\t\t\t\t<div class=\"elementor-icon-box-icon\">\n\t\t\t\t<span  class=\"elementor-icon\">\n\t\t\t\t<i aria-hidden=\"true\" class=\"fas fa-teeth-open\"><\/i>\t\t\t\t<\/span>\n\t\t\t<\/div>\n\t\t\t\n\t\t\t\t\t\t<div class=\"elementor-icon-box-content\">\n\n\t\t\t\t\t\t\t\t\t<h3 class=\"elementor-icon-box-title\">\n\t\t\t\t\t\t<span  >\n\t\t\t\t\t\t\tAlinhamento mais preciso dos dentes\t\t\t\t\t\t<\/span>\n\t\t\t\t\t<\/h3>\n\t\t\t\t\n\t\t\t\t\n\t\t\t<\/div>\n\t\t\t\n\t\t<\/div>\n\t\t\t\t\t\t<\/div>\n\t\t\t\t<\/div>\n\t\t\t\t\t<\/div>\n\t\t<\/div>\n\t\t\t\t\t<\/div>\n\t\t<\/section>\n\t\t\t\t\t<\/div>\n\t\t<\/div>\n\t\t\t\t\t<\/div>\n\t\t<\/section>\n\t\t\t\t<\/div>\n\t\t","protected":false},"excerpt":{"rendered":"<p>Na Torres Orthodontics, o Dr. Rodney Torres e nossa equipe t\u00eam o compromisso de oferecer atendimento ortod\u00f4ntico de alta qualidade usando as tecnologias mais recentes. Priorizamos tratamentos personalizados para garantir que sua experi\u00eancia seja eficaz e confort\u00e1vel. Nossas solu\u00e7\u00f5es avan\u00e7adas, desde alinhadores transparentes at\u00e9 imagens digitais e impress\u00e3o 3D, s\u00e3o projetadas para melhorar seu sorriso com precis\u00e3o e [&hellip;]<\/p>\n","protected":false},"author":2,"featured_media":0,"parent":0,"menu_order":48,"comment_status":"closed","ping_status":"closed","template":"","meta":{"_seopress_robots_primary_cat":"","_seopress_titles_title":"Tecnologia avan\u00e7ada Tampa Miami Lakes FL","_seopress_titles_desc":"Na Torres Orthodontics, o Dr. Rodney Torres e nossa equipe qualificada combinam experi\u00eancia com inova\u00e7\u00e3o para oferecer atendimento ortod\u00f4ntico de alto n\u00edvel para pacientes de todas as idades.","_seopress_robots_index":"","footnotes":""},"class_list":["post-7172","page","type-page","status-publish"],"_links":{"self":[{"href":"https:\/\/torresorthodontics.com\/pt-br\/wp-json\/wp\/v2\/pages\/7172","targetHints":{"allow":["GET"]}}],"collection":[{"href":"https:\/\/torresorthodontics.com\/pt-br\/wp-json\/wp\/v2\/pages"}],"about":[{"href":"https:\/\/torresorthodontics.com\/pt-br\/wp-json\/wp\/v2\/types\/page"}],"author":[{"embeddable":true,"href":"https:\/\/torresorthodontics.com\/pt-br\/wp-json\/wp\/v2\/users\/2"}],"replies":[{"embeddable":true,"href":"https:\/\/torresorthodontics.com\/pt-br\/wp-json\/wp\/v2\/comments?post=7172"}],"version-history":[{"count":2,"href":"https:\/\/torresorthodontics.com\/pt-br\/wp-json\/wp\/v2\/pages\/7172\/revisions"}],"predecessor-version":[{"id":8429,"href":"https:\/\/torresorthodontics.com\/pt-br\/wp-json\/wp\/v2\/pages\/7172\/revisions\/8429"}],"wp:attachment":[{"href":"https:\/\/torresorthodontics.com\/pt-br\/wp-json\/wp\/v2\/media?parent=7172"}],"curies":[{"name":"wp","href":"https:\/\/api.w.org\/{rel}","templated":true}]}}