{"id":7176,"date":"2017-02-06T01:34:28","date_gmt":"2017-02-06T01:34:28","guid":{"rendered":"https:\/\/torresorthodontics.com\/tipos-de-aparelhos-ortodonticos\/"},"modified":"2025-05-14T21:49:33","modified_gmt":"2025-05-14T21:49:33","slug":"tipos-de-aparelhos-ortodonticos","status":"publish","type":"page","link":"https:\/\/torresorthodontics.com\/pt-br\/tipos-de-aparelhos-ortodonticos\/","title":{"rendered":"Tipos de aparelhos ortod\u00f4nticos"},"content":{"rendered":"\t\t<div data-elementor-type=\"wp-page\" data-elementor-id=\"7176\" class=\"elementor elementor-7176 elementor-3074\" data-elementor-post-type=\"page\">\n\t\t\t\t\t\t<section data-particle_enable=\"false\" data-particle-mobile-disabled=\"false\" class=\"elementor-section elementor-top-section elementor-element elementor-element-45075cdf elementor-section-boxed elementor-section-height-default elementor-section-height-default\" data-id=\"45075cdf\" data-element_type=\"section\" data-e-type=\"section\">\n\t\t\t\t\t\t<div class=\"elementor-container elementor-column-gap-default\">\n\t\t\t\t\t<div class=\"elementor-column elementor-col-100 elementor-top-column elementor-element elementor-element-651489f5\" data-id=\"651489f5\" data-element_type=\"column\" data-e-type=\"column\">\n\t\t\t<div class=\"elementor-widget-wrap elementor-element-populated\">\n\t\t\t\t\t\t<div class=\"elementor-element elementor-element-7a1eab07 elementor-widget elementor-widget-text-editor\" data-id=\"7a1eab07\" data-element_type=\"widget\" data-e-type=\"widget\" data-widget_type=\"text-editor.default\">\n\t\t\t\t<div class=\"elementor-widget-container\">\n\t\t\t\t\t\t\t\t\t<h2>Descubra o seu sorriso perfeito na Torres Orthodontics<\/h2><p>Na <strong>Torres Orthodontics<\/strong>, oferecemos uma gama diversificada de solu\u00e7\u00f5es ortod\u00f4nticas avan\u00e7adas para atender \u00e0s necessidades de cada paciente. De aparelhos tradicionais de metal a op\u00e7\u00f5es quase invis\u00edveis, como aparelhos transparentes e alinhadores transparentes, garantimos que voc\u00ea tenha as melhores op\u00e7\u00f5es para obter um sorriso deslumbrante. <a href=\"https:\/\/torresorthodontics.com\/doctors\/meet-dr-torres\/\"><strong>Dr. Rodney Torres<\/strong><\/a> ajudar\u00e1 voc\u00ea a escolher o melhor tratamento para o seu estilo de vida e prefer\u00eancias. <\/p><h3>Aparelhos met\u00e1licos<\/h3><p>Os aparelhos met\u00e1licos tradicionais ainda s\u00e3o uma op\u00e7\u00e3o popular para o tratamento ortod\u00f4ntico. Os aparelhos met\u00e1licos modernos s\u00e3o agora menores, mais confort\u00e1veis e feitos de ligas met\u00e1licas de alta qualidade. Eles podem at\u00e9 ser personalizados com el\u00e1sticos coloridos para que voc\u00ea crie um sorriso \u00fanico e colorido.  <\/p><p><img fetchpriority=\"high\" decoding=\"async\" class=\"size-medium wp-image-3387 aligncenter\" src=\"https:\/\/torresorthodontics.com\/wp-content\/uploads\/2022\/11\/Types-of-Braces-Metal-Braces-300x246.jpg\" alt=\"\" width=\"300\" height=\"246\" srcset=\"https:\/\/torresorthodontics.com\/wp-content\/uploads\/2022\/11\/Types-of-Braces-Metal-Braces-300x246.jpg 300w, https:\/\/torresorthodontics.com\/wp-content\/uploads\/2022\/11\/Types-of-Braces-Metal-Braces.jpg 400w\" sizes=\"(max-width: 300px) 100vw, 300px\" \/><\/p><h3>Aparelhos Cer\u00e2micos Transparentes<\/h3><p>Os aparelhos de cer\u00e2mica, tamb\u00e9m conhecidos como aparelhos transparentes, s\u00e3o feitos de materiais transparentes ou da cor do dente, o que os torna uma op\u00e7\u00e3o mais discreta do que os aparelhos de metal tradicionais. Adolescentes e adultos mais velhos geralmente os escolhem e oferecem uma maneira confort\u00e1vel e dur\u00e1vel de endireitar os dentes e corrigir problemas de mordida. Sua baixa visibilidade os torna uma escolha popular para pacientes de todas as idades que desejam uma maneira sutil de obter um sorriso perfeito.  <\/p><h2><img decoding=\"async\" class=\"size-medium wp-image-3396 aligncenter\" src=\"https:\/\/torresorthodontics.com\/wp-content\/uploads\/2022\/11\/Types-of-Braces-Ceramic-Braces-300x246.jpg\" alt=\"\" width=\"300\" height=\"246\" srcset=\"https:\/\/torresorthodontics.com\/wp-content\/uploads\/2022\/11\/Types-of-Braces-Ceramic-Braces-300x246.jpg 300w, https:\/\/torresorthodontics.com\/wp-content\/uploads\/2022\/11\/Types-of-Braces-Ceramic-Braces.jpg 400w\" sizes=\"(max-width: 300px) 100vw, 300px\" \/><\/h2><div class=\"group\/conversation-turn relative flex w-full min-w-0 flex-col agent-turn\"><div class=\"flex-col gap-1 md:gap-3\"><div class=\"flex flex-grow flex-col max-w-full\"><div class=\"min-h-[20px] text-message flex flex-col items-start whitespace-pre-wrap break-words [.text-message+&amp;]:mt-5 juice:w-full juice:items-end overflow-x-auto gap-2\" dir=\"auto\" data-message-author-role=\"assistant\" data-message-id=\"99269f19-ea32-444e-ac43-a6f32ccbbffa\"><div class=\"flex w-full flex-col gap-1 juice:empty:hidden juice:first:pt-[3px]\"><div class=\"markdown prose w-full break-words dark:prose-invert light\"> <\/div><\/div><\/div><\/div><\/div><\/div><h3>Alinhadores transparentes<\/h3><div class=\"flex max-w-full flex-col flex-grow\"><div class=\"min-h-[20px] text-message flex w-full flex-col items-end gap-2 break-words [.text-message+&amp;]:mt-5 overflow-x-auto whitespace-normal\" dir=\"auto\" data-message-author-role=\"assistant\" data-message-id=\"e29322a5-4a0e-44f8-ba07-bbac3222a98e\"><div class=\"flex w-full flex-col gap-1 empty:hidden first:pt-[3px]\"><div class=\"markdown prose w-full break-words dark:prose-invert light\"><p><a href=\"https:\/\/torresorthodontics.com\/pt-br\/alinhadores-transparentes\/\">Os alinhadores transparentes<\/a> usam uma s\u00e9rie de moldeiras invis\u00edveis e remov\u00edveis para endireitar gradualmente seus dentes. Como os alinhadores podem ser removidos, voc\u00ea pode desfrutar de qualquer alimento ou bebida sem restri\u00e7\u00f5es durante o tratamento. Al\u00e9m disso, a escova\u00e7\u00e3o e o uso do fio dental s\u00e3o mais convenientes. Esses alinhadores s\u00e3o projetados para proporcionar conforto e n\u00e3o t\u00eam metal, portanto, n\u00e3o h\u00e1 risco de irrita\u00e7\u00e3o na boca durante o processo.   <\/p><\/div><\/div><\/div><\/div><p><img decoding=\"async\" class=\"size-medium wp-image-3382 aligncenter\" src=\"https:\/\/torresorthodontics.com\/wp-content\/uploads\/2022\/11\/Types-of-Braces-Clear-Aligners-300x246.jpg\" alt=\"\" width=\"300\" height=\"246\" srcset=\"https:\/\/torresorthodontics.com\/wp-content\/uploads\/2022\/11\/Types-of-Braces-Clear-Aligners-300x246.jpg 300w, https:\/\/torresorthodontics.com\/wp-content\/uploads\/2022\/11\/Types-of-Braces-Clear-Aligners.jpg 400w\" sizes=\"(max-width: 300px) 100vw, 300px\" \/><\/p>\t\t\t\t\t\t\t\t<\/div>\n\t\t\t\t<\/div>\n\t\t\t\t\t<\/div>\n\t\t<\/div>\n\t\t\t\t\t<\/div>\n\t\t<\/section>\n\t\t\t\t<\/div>\n\t\t","protected":false},"excerpt":{"rendered":"<p>Descubra o seu sorriso perfeito na Torres Orthodontics Na Torres Orthodontics, oferecemos uma gama diversificada de solu\u00e7\u00f5es ortod\u00f4nticas avan\u00e7adas para atender \u00e0s necessidades de cada paciente. De aparelhos tradicionais de metal a op\u00e7\u00f5es quase invis\u00edveis, como aparelhos transparentes e alinhadores transparentes, garantimos que voc\u00ea tenha as melhores op\u00e7\u00f5es para obter um sorriso deslumbrante. Dr. Rodney Torres ajudar\u00e1 voc\u00ea [&hellip;]<\/p>\n","protected":false},"author":2,"featured_media":0,"parent":0,"menu_order":66,"comment_status":"closed","ping_status":"closed","template":"","meta":{"_seopress_robots_primary_cat":"","_seopress_titles_title":"Tipos de aparelhos ortod\u00f4nticos Tampa Miami Lakes FL | Torres Orthodontics","_seopress_titles_desc":"O ortodontista Dr. Torres, da Torres Orthodontics, oferece diferentes tipos de aparelhos para atender \u00e0s suas necessidades em Tampa e Miami Lakes, FL.","_seopress_robots_index":"","footnotes":""},"class_list":["post-7176","page","type-page","status-publish"],"_links":{"self":[{"href":"https:\/\/torresorthodontics.com\/pt-br\/wp-json\/wp\/v2\/pages\/7176","targetHints":{"allow":["GET"]}}],"collection":[{"href":"https:\/\/torresorthodontics.com\/pt-br\/wp-json\/wp\/v2\/pages"}],"about":[{"href":"https:\/\/torresorthodontics.com\/pt-br\/wp-json\/wp\/v2\/types\/page"}],"author":[{"embeddable":true,"href":"https:\/\/torresorthodontics.com\/pt-br\/wp-json\/wp\/v2\/users\/2"}],"replies":[{"embeddable":true,"href":"https:\/\/torresorthodontics.com\/pt-br\/wp-json\/wp\/v2\/comments?post=7176"}],"version-history":[{"count":18,"href":"https:\/\/torresorthodontics.com\/pt-br\/wp-json\/wp\/v2\/pages\/7176\/revisions"}],"predecessor-version":[{"id":8457,"href":"https:\/\/torresorthodontics.com\/pt-br\/wp-json\/wp\/v2\/pages\/7176\/revisions\/8457"}],"wp:attachment":[{"href":"https:\/\/torresorthodontics.com\/pt-br\/wp-json\/wp\/v2\/media?parent=7176"}],"curies":[{"name":"wp","href":"https:\/\/api.w.org\/{rel}","templated":true}]}}