{"id":7191,"date":"2017-03-22T10:19:02","date_gmt":"2017-03-22T10:19:02","guid":{"rendered":"https:\/\/torresorthodontics.com\/declaracao-de-acessibilidade\/"},"modified":"2025-05-22T20:49:27","modified_gmt":"2025-05-22T20:49:27","slug":"declaracao-de-acessibilidade","status":"publish","type":"page","link":"https:\/\/torresorthodontics.com\/pt-br\/declaracao-de-acessibilidade\/","title":{"rendered":"Declara\u00e7\u00e3o de acessibilidade"},"content":{"rendered":"\t\t<div data-elementor-type=\"wp-page\" data-elementor-id=\"7191\" class=\"elementor elementor-7191 elementor-2809\" data-elementor-post-type=\"page\">\n\t\t\t\t\t\t<section data-particle_enable=\"false\" data-particle-mobile-disabled=\"false\" class=\"elementor-section elementor-top-section elementor-element elementor-element-5f3c5e88 elementor-section-boxed elementor-section-height-default elementor-section-height-default\" data-id=\"5f3c5e88\" data-element_type=\"section\" data-e-type=\"section\">\n\t\t\t\t\t\t<div class=\"elementor-container elementor-column-gap-default\">\n\t\t\t\t\t<div class=\"elementor-column elementor-col-100 elementor-top-column elementor-element elementor-element-5878f26a\" data-id=\"5878f26a\" data-element_type=\"column\" data-e-type=\"column\">\n\t\t\t<div class=\"elementor-widget-wrap elementor-element-populated\">\n\t\t\t\t\t\t<div class=\"elementor-element elementor-element-691ad1c elementor-widget elementor-widget-text-editor\" data-id=\"691ad1c\" data-element_type=\"widget\" data-e-type=\"widget\" data-widget_type=\"text-editor.default\">\n\t\t\t\t<div class=\"elementor-widget-container\">\n\t\t\t\t\t\t\t\t\t<p>Estamos trabalhando continuamente para melhorar a acessibilidade do conte\u00fado do nosso site. Abaixo, voc\u00ea encontrar\u00e1 algumas recomenda\u00e7\u00f5es para ajudar a tornar sua experi\u00eancia de navega\u00e7\u00e3o mais acess\u00edvel: <\/p><p><strong>Se voc\u00ea tiver problemas para visualizar p\u00e1ginas da Web<\/strong>, a Administra\u00e7\u00e3o do Seguro Social dos EUA oferece estas dicas para otimizar o computador e o navegador e melhorar sua experi\u00eancia on-line.<\/p><ul><li>Use seu computador para ler p\u00e1ginas da Web em voz alta<\/li><li>Use o teclado para navegar pelas telas<\/li><li>Aumentar o tamanho do texto<\/li><li>Amplie sua tela<\/li><li>Alterar as cores do fundo e do texto<\/li><li>Tornar o ponteiro do mouse mais vis\u00edvel (somente Windows)<\/li><\/ul><p>Se voc\u00ea estiver procurando <strong>alternativas ao mouse e ao teclado<\/strong>, o software de reconhecimento de voz, como o Dragon Naturally Speaking, poder\u00e1 ajud\u00e1-lo a navegar em p\u00e1ginas da Web e servi\u00e7os on-line. Esse software permite que o usu\u00e1rio mova o foco em uma p\u00e1gina da Web ou na tela de um aplicativo por meio de controles de voz. <\/p><p>Se voc\u00ea for surdo ou tiver defici\u00eancia auditiva, h\u00e1 v\u00e1rios recursos de acessibilidade dispon\u00edveis para voc\u00ea.<\/p><h2>Legenda oculta<\/h2><p>O closed caption fornece uma transcri\u00e7\u00e3o para a faixa de \u00e1udio de uma apresenta\u00e7\u00e3o de v\u00eddeo sincronizada com as faixas de v\u00eddeo e \u00e1udio. Em geral, as legendas s\u00e3o exibidas visualmente sobre o v\u00eddeo, o que beneficia pessoas surdas e com defici\u00eancia auditiva e qualquer pessoa que n\u00e3o consiga ouvir o \u00e1udio devido a ambientes ruidosos. A maior parte do nosso conte\u00fado de v\u00eddeo inclui legendas. Saiba como ativar e desativar as legendas no YouTube<a href=\"https:\/\/support.google.com\/youtube\/answer\/100078?hl=en\">.<\/a>   <\/p><h2>Controles de volume<\/h2><p>Seu computador, tablet ou dispositivo m\u00f3vel tem recursos de controle de volume. Cada servi\u00e7o de v\u00eddeo e \u00e1udio tem seus pr\u00f3prios controles de volume adicionais. Tente ajustar os controles de volume do seu dispositivo e os controles de volume dos players de m\u00eddia para otimizar sua experi\u00eancia auditiva.  <\/p><p>Se as recomenda\u00e7\u00f5es acima n\u00e3o atenderem \u00e0s suas necessidades, convidamos voc\u00ea a entrar em contato conosco para obter assist\u00eancia por meio das informa\u00e7\u00f5es abaixo.<\/p>\t\t\t\t\t\t\t\t<\/div>\n\t\t\t\t<\/div>\n\t\t\t\t\t<\/div>\n\t\t<\/div>\n\t\t\t\t\t<\/div>\n\t\t<\/section>\n\t\t<div data-particle_enable=\"false\" data-particle-mobile-disabled=\"false\" class=\"elementor-element elementor-element-bbe3a5d e-flex e-con-boxed e-con e-parent\" data-id=\"bbe3a5d\" data-element_type=\"container\" data-e-type=\"container\">\n\t\t\t\t\t<div class=\"e-con-inner\">\n\t\t<div data-particle_enable=\"false\" data-particle-mobile-disabled=\"false\" class=\"elementor-element elementor-element-ea74bd7 e-flex e-con-boxed e-con e-child\" data-id=\"ea74bd7\" data-element_type=\"container\" data-e-type=\"container\">\n\t\t\t\t\t<div class=\"e-con-inner\">\n\t\t<div data-particle_enable=\"false\" data-particle-mobile-disabled=\"false\" class=\"elementor-element elementor-element-c343b99 e-grid e-con-boxed e-con e-child\" data-id=\"c343b99\" data-element_type=\"container\" data-e-type=\"container\">\n\t\t\t\t\t<div class=\"e-con-inner\">\n\t\t\t\t<div class=\"elementor-element elementor-element-95b82f7 elementor-widget elementor-widget-text-editor\" data-id=\"95b82f7\" data-element_type=\"widget\" data-e-type=\"widget\" data-widget_type=\"text-editor.default\">\n\t\t\t\t<div class=\"elementor-widget-container\">\n\t\t\t\t\t\t\t\t\t<div class=\"elementor-element elementor-element-52d2702 elementor-widget elementor-widget-heading\" data-id=\"52d2702\" data-element_type=\"widget\" data-widget_type=\"heading.default\"><div class=\"elementor-widget-container\"><h4 class=\"elementor-heading-title elementor-size-default\">Escrit\u00f3rio de Tampa<br><br><\/h4><ul><li class=\"elementor-heading-title elementor-size-default\">10870 Sheldon Road, Tampa, FL 33626<\/li><li class=\"elementor-heading-title elementor-size-default\">(813) 920-7720<\/li><\/ul><\/div><\/div><div class=\"elementor-element elementor-element-661f928 elementor-list-item-link-inline elementor-align-center elementor-icon-list--layout-traditional elementor-widget elementor-widget-icon-list\" data-id=\"661f928\" data-element_type=\"widget\" data-widget_type=\"icon-list.default\"><div class=\"elementor-widget-container\"> <\/div><\/div>\t\t\t\t\t\t\t\t<\/div>\n\t\t\t\t<\/div>\n\t\t\t\t<div class=\"elementor-element elementor-element-83462da elementor-widget elementor-widget-text-editor\" data-id=\"83462da\" data-element_type=\"widget\" data-e-type=\"widget\" data-widget_type=\"text-editor.default\">\n\t\t\t\t<div class=\"elementor-widget-container\">\n\t\t\t\t\t\t\t\t\t<div class=\"elementor-element elementor-element-4582d90 elementor-widget elementor-widget-heading\" data-id=\"4582d90\" data-element_type=\"widget\" data-widget_type=\"heading.default\"><div class=\"elementor-widget-container\"><h4 class=\"elementor-heading-title elementor-size-default\">Escrit\u00f3rio de Miami Lakes<br><br><\/h4><ul><li class=\"elementor-heading-title elementor-size-default\">16010 NW 57th Ave Suite 106, Miami Lakes, FL 33014<\/li><li class=\"elementor-heading-title elementor-size-default\">(786) 319-9057<\/li><\/ul><\/div><\/div>\t\t\t\t\t\t\t\t<\/div>\n\t\t\t\t<\/div>\n\t\t\t\t<div class=\"elementor-element elementor-element-2fb6807 elementor-widget elementor-widget-text-editor\" data-id=\"2fb6807\" data-element_type=\"widget\" data-e-type=\"widget\" data-widget_type=\"text-editor.default\">\n\t\t\t\t<div class=\"elementor-widget-container\">\n\t\t\t\t\t\t\t\t\t<div class=\"elementor-element elementor-element-61d9b49 elementor-widget elementor-widget-heading\" data-id=\"61d9b49\" data-element_type=\"widget\" data-widget_type=\"heading.default\"><div class=\"elementor-widget-container\"><h4 class=\"elementor-heading-title elementor-size-default\">Escrit\u00f3rio de Boca Raton<br><br><\/h4><ul><li class=\"elementor-heading-title elementor-size-default\">1590 NW 10th Ave #302, Boca Raton, FL 33486<\/li><li class=\"elementor-heading-title elementor-size-default\">(561) 477-8100<\/li><\/ul><\/div><\/div>\t\t\t\t\t\t\t\t<\/div>\n\t\t\t\t<\/div>\n\t\t\t\t\t<\/div>\n\t\t\t\t<\/div>\n\t\t\t\t\t<\/div>\n\t\t\t\t<\/div>\n\t\t\t\t\t<\/div>\n\t\t\t\t<\/div>\n\t\t\t\t<\/div>\n\t\t","protected":false},"excerpt":{"rendered":"<p>Estamos trabalhando continuamente para melhorar a acessibilidade do conte\u00fado do nosso site. Abaixo, voc\u00ea encontrar\u00e1 algumas recomenda\u00e7\u00f5es para ajudar a tornar sua experi\u00eancia de navega\u00e7\u00e3o mais acess\u00edvel: Se voc\u00ea tiver problemas para visualizar p\u00e1ginas da Web, a Administra\u00e7\u00e3o do Seguro Social dos EUA oferece estas dicas para otimizar o computador e o navegador e melhorar sua experi\u00eancia on-line. [&hellip;]<\/p>\n","protected":false},"author":2,"featured_media":0,"parent":0,"menu_order":99,"comment_status":"closed","ping_status":"closed","template":"","meta":{"_seopress_robots_primary_cat":"","_seopress_titles_title":"Declara\u00e7\u00e3o de acessibilidade na Torres Orthodontics em Tampa Miami Lakes FL","_seopress_titles_desc":"Estamos trabalhando continuamente para melhorar a acessibilidade do conte\u00fado do nosso site da Torres Orthodontics em Tampa e Miami Lakes, FL.","_seopress_robots_index":"","footnotes":""},"class_list":["post-7191","page","type-page","status-publish"],"_links":{"self":[{"href":"https:\/\/torresorthodontics.com\/pt-br\/wp-json\/wp\/v2\/pages\/7191","targetHints":{"allow":["GET"]}}],"collection":[{"href":"https:\/\/torresorthodontics.com\/pt-br\/wp-json\/wp\/v2\/pages"}],"about":[{"href":"https:\/\/torresorthodontics.com\/pt-br\/wp-json\/wp\/v2\/types\/page"}],"author":[{"embeddable":true,"href":"https:\/\/torresorthodontics.com\/pt-br\/wp-json\/wp\/v2\/users\/2"}],"replies":[{"embeddable":true,"href":"https:\/\/torresorthodontics.com\/pt-br\/wp-json\/wp\/v2\/comments?post=7191"}],"version-history":[{"count":2,"href":"https:\/\/torresorthodontics.com\/pt-br\/wp-json\/wp\/v2\/pages\/7191\/revisions"}],"predecessor-version":[{"id":8545,"href":"https:\/\/torresorthodontics.com\/pt-br\/wp-json\/wp\/v2\/pages\/7191\/revisions\/8545"}],"wp:attachment":[{"href":"https:\/\/torresorthodontics.com\/pt-br\/wp-json\/wp\/v2\/media?parent=7191"}],"curies":[{"name":"wp","href":"https:\/\/api.w.org\/{rel}","templated":true}]}}