{"id":7196,"date":"2017-02-13T10:54:53","date_gmt":"2017-02-13T10:54:53","guid":{"rendered":"https:\/\/torresorthodontics.com\/politica-antispam\/"},"modified":"2025-05-22T20:46:29","modified_gmt":"2025-05-22T20:46:29","slug":"politica-antispam","status":"publish","type":"page","link":"https:\/\/torresorthodontics.com\/pt-br\/politica-antispam\/","title":{"rendered":"Pol\u00edtica antispam"},"content":{"rendered":"\t\t<div data-elementor-type=\"wp-page\" data-elementor-id=\"7196\" class=\"elementor elementor-7196 elementor-1475\" data-elementor-post-type=\"page\">\n\t\t\t\t\t\t<section data-particle_enable=\"false\" data-particle-mobile-disabled=\"false\" class=\"elementor-section elementor-top-section elementor-element elementor-element-639dcf57 elementor-section-boxed elementor-section-height-default elementor-section-height-default\" data-id=\"639dcf57\" data-element_type=\"section\" data-e-type=\"section\">\n\t\t\t\t\t\t<div class=\"elementor-container elementor-column-gap-default\">\n\t\t\t\t\t<div class=\"elementor-column elementor-col-100 elementor-top-column elementor-element elementor-element-682d3ca4\" data-id=\"682d3ca4\" data-element_type=\"column\" data-e-type=\"column\">\n\t\t\t<div class=\"elementor-widget-wrap elementor-element-populated\">\n\t\t\t\t\t\t<div class=\"elementor-element elementor-element-5d01f6be elementor-widget elementor-widget-text-editor\" data-id=\"5d01f6be\" data-element_type=\"widget\" data-e-type=\"widget\" data-widget_type=\"text-editor.default\">\n\t\t\t\t<div class=\"elementor-widget-container\">\n\t\t\t\t\t\t\t\t\t<h2>O que \u00e9 spam?<\/h2><p>Na maioria das vezes, o spam \u00e9 considerado lixo eletr\u00f4nico ou postagens em grupos de not\u00edcias. Algumas pessoas definem spam de forma ainda mais gen\u00e9rica como qualquer e-mail n\u00e3o solicitado. No entanto, se um irm\u00e3o perdido h\u00e1 muito tempo encontrar seu endere\u00e7o de e-mail e enviar uma mensagem a voc\u00ea, isso dificilmente poder\u00e1 ser chamado de spam, mesmo que n\u00e3o tenha sido solicitado. Em geral, o verdadeiro spam \u00e9 a publicidade por e-mail de algum produto enviada a uma lista de discuss\u00e3o ou a um grupo de not\u00edcias. Al\u00e9m de desperdi\u00e7ar o tempo das pessoas com e-mails indesejados, o spam tamb\u00e9m consome muita largura de banda da rede.    <\/p><p>Consequentemente, h\u00e1 muitas organiza\u00e7\u00f5es, bem como indiv\u00edduos, que se encarregaram de combater o spam com uma variedade de t\u00e9cnicas. Por\u00e9m, como a Internet \u00e9 p\u00fablica, h\u00e1 muito pouco que pode ser feito para evitar o spam, assim como \u00e9 imposs\u00edvel evitar o lixo eletr\u00f4nico. Entretanto, alguns servi\u00e7os on-line institu\u00edram pol\u00edticas para evitar que os spammers enviem spam para seus assinantes.  <\/p><p>Nossa pr\u00e1tica tem uma pol\u00edtica de toler\u00e2ncia zero para spam.<\/p><h2>Recebimento de mensagens indesejadas<\/h2><p>No caso improv\u00e1vel de voc\u00ea receber alguma mensagem de nossa pr\u00e1tica que possa ser considerada spam, entre em contato conosco usando os detalhes abaixo e o assunto ser\u00e1 investigado.<\/p><h2>Altera\u00e7\u00f5es a esta pol\u00edtica antispam<\/h2><p>Nossa pr\u00e1tica pode alterar esta pol\u00edtica anti-spam a qualquer momento, publicando uma nova vers\u00e3o neste site.<\/p><p>Recurso de spam de Al Iverson<\/p><p>T\u00e9cnicas anti-spam &#8211; Wikipedia<\/p><p>Se voc\u00ea tiver alguma d\u00favida sobre esta pol\u00edtica anti-spam, entre em contato conosco usando os detalhes definidos abaixo:<\/p>\t\t\t\t\t\t\t\t<\/div>\n\t\t\t\t<\/div>\n\t\t\t\t\t<\/div>\n\t\t<\/div>\n\t\t\t\t\t<\/div>\n\t\t<\/section>\n\t\t<div data-particle_enable=\"false\" data-particle-mobile-disabled=\"false\" class=\"elementor-element elementor-element-ba52706 e-flex e-con-boxed e-con e-parent\" data-id=\"ba52706\" data-element_type=\"container\" data-e-type=\"container\">\n\t\t\t\t\t<div class=\"e-con-inner\">\n\t\t<div data-particle_enable=\"false\" data-particle-mobile-disabled=\"false\" class=\"elementor-element elementor-element-5e3d601 e-flex e-con-boxed e-con e-child\" data-id=\"5e3d601\" data-element_type=\"container\" data-e-type=\"container\">\n\t\t\t\t\t<div class=\"e-con-inner\">\n\t\t<div data-particle_enable=\"false\" data-particle-mobile-disabled=\"false\" class=\"elementor-element elementor-element-b493e2f e-grid e-con-boxed e-con e-child\" data-id=\"b493e2f\" data-element_type=\"container\" data-e-type=\"container\">\n\t\t\t\t\t<div class=\"e-con-inner\">\n\t\t\t\t<div class=\"elementor-element elementor-element-7f5bf92 elementor-widget elementor-widget-text-editor\" data-id=\"7f5bf92\" data-element_type=\"widget\" data-e-type=\"widget\" data-widget_type=\"text-editor.default\">\n\t\t\t\t<div class=\"elementor-widget-container\">\n\t\t\t\t\t\t\t\t\t<div class=\"elementor-element elementor-element-52d2702 elementor-widget elementor-widget-heading\" data-id=\"52d2702\" data-element_type=\"widget\" data-widget_type=\"heading.default\"><div class=\"elementor-widget-container\"><h4 class=\"elementor-heading-title elementor-size-default\">Escrit\u00f3rio de Tampa<br><br><\/h4><ul><li class=\"elementor-heading-title elementor-size-default\">10870 Sheldon Road, Tampa, FL 33626<\/li><li class=\"elementor-heading-title elementor-size-default\">(813) 920-7720<\/li><\/ul><\/div><\/div><div class=\"elementor-element elementor-element-661f928 elementor-list-item-link-inline elementor-align-center elementor-icon-list--layout-traditional elementor-widget elementor-widget-icon-list\" data-id=\"661f928\" data-element_type=\"widget\" data-widget_type=\"icon-list.default\"><div class=\"elementor-widget-container\"> <\/div><\/div>\t\t\t\t\t\t\t\t<\/div>\n\t\t\t\t<\/div>\n\t\t\t\t<div class=\"elementor-element elementor-element-a64a14d elementor-widget elementor-widget-text-editor\" data-id=\"a64a14d\" data-element_type=\"widget\" data-e-type=\"widget\" data-widget_type=\"text-editor.default\">\n\t\t\t\t<div class=\"elementor-widget-container\">\n\t\t\t\t\t\t\t\t\t<div class=\"elementor-element elementor-element-4582d90 elementor-widget elementor-widget-heading\" data-id=\"4582d90\" data-element_type=\"widget\" data-widget_type=\"heading.default\"><div class=\"elementor-widget-container\"><h4 class=\"elementor-heading-title elementor-size-default\">Escrit\u00f3rio de Miami Lakes<br><br><\/h4><ul><li class=\"elementor-heading-title elementor-size-default\">16010 NW 57th Ave Suite 106, Miami Lakes, FL 33014<\/li><li class=\"elementor-heading-title elementor-size-default\">(786) 319-9057<\/li><\/ul><\/div><\/div>\t\t\t\t\t\t\t\t<\/div>\n\t\t\t\t<\/div>\n\t\t\t\t<div class=\"elementor-element elementor-element-2c85f3e elementor-widget elementor-widget-text-editor\" data-id=\"2c85f3e\" data-element_type=\"widget\" data-e-type=\"widget\" data-widget_type=\"text-editor.default\">\n\t\t\t\t<div class=\"elementor-widget-container\">\n\t\t\t\t\t\t\t\t\t<div class=\"elementor-element elementor-element-61d9b49 elementor-widget elementor-widget-heading\" data-id=\"61d9b49\" data-element_type=\"widget\" data-widget_type=\"heading.default\"><div class=\"elementor-widget-container\"><h4 class=\"elementor-heading-title elementor-size-default\">Escrit\u00f3rio de Boca Raton<br><br><\/h4><ul><li class=\"elementor-heading-title elementor-size-default\">1590 NW 10th Ave #302, Boca Raton, FL 33486<\/li><li class=\"elementor-heading-title elementor-size-default\">(561) 477-8100<\/li><\/ul><\/div><\/div>\t\t\t\t\t\t\t\t<\/div>\n\t\t\t\t<\/div>\n\t\t\t\t\t<\/div>\n\t\t\t\t<\/div>\n\t\t\t\t\t<\/div>\n\t\t\t\t<\/div>\n\t\t\t\t\t<\/div>\n\t\t\t\t<\/div>\n\t\t\t\t<\/div>\n\t\t","protected":false},"excerpt":{"rendered":"<p>O que \u00e9 spam? Na maioria das vezes, o spam \u00e9 considerado lixo eletr\u00f4nico ou postagens em grupos de not\u00edcias. Algumas pessoas definem spam de forma ainda mais gen\u00e9rica como qualquer e-mail n\u00e3o solicitado. No entanto, se um irm\u00e3o perdido h\u00e1 muito tempo encontrar seu endere\u00e7o de e-mail e enviar uma mensagem a voc\u00ea, isso dificilmente poder\u00e1 ser [&hellip;]<\/p>\n","protected":false},"author":2,"featured_media":0,"parent":0,"menu_order":94,"comment_status":"closed","ping_status":"closed","template":"","meta":{"_seopress_robots_primary_cat":"","_seopress_titles_title":"Pol\u00edtica antispam da Torres Orthodontics em Tampa Miami Lakes FL","_seopress_titles_desc":"A Torres Orthodontics tem toler\u00e2ncia zero para spam em Tampa e Miami Lakes, FL.","_seopress_robots_index":"","footnotes":""},"class_list":["post-7196","page","type-page","status-publish"],"_links":{"self":[{"href":"https:\/\/torresorthodontics.com\/pt-br\/wp-json\/wp\/v2\/pages\/7196","targetHints":{"allow":["GET"]}}],"collection":[{"href":"https:\/\/torresorthodontics.com\/pt-br\/wp-json\/wp\/v2\/pages"}],"about":[{"href":"https:\/\/torresorthodontics.com\/pt-br\/wp-json\/wp\/v2\/types\/page"}],"author":[{"embeddable":true,"href":"https:\/\/torresorthodontics.com\/pt-br\/wp-json\/wp\/v2\/users\/2"}],"replies":[{"embeddable":true,"href":"https:\/\/torresorthodontics.com\/pt-br\/wp-json\/wp\/v2\/comments?post=7196"}],"version-history":[{"count":2,"href":"https:\/\/torresorthodontics.com\/pt-br\/wp-json\/wp\/v2\/pages\/7196\/revisions"}],"predecessor-version":[{"id":8539,"href":"https:\/\/torresorthodontics.com\/pt-br\/wp-json\/wp\/v2\/pages\/7196\/revisions\/8539"}],"wp:attachment":[{"href":"https:\/\/torresorthodontics.com\/pt-br\/wp-json\/wp\/v2\/media?parent=7196"}],"curies":[{"name":"wp","href":"https:\/\/api.w.org\/{rel}","templated":true}]}}