{"id":7201,"date":"2017-02-06T17:55:52","date_gmt":"2017-02-06T17:55:52","guid":{"rendered":"https:\/\/torresorthodontics.com\/politica-de-privacidade\/"},"modified":"2025-05-22T20:48:39","modified_gmt":"2025-05-22T20:48:39","slug":"politica-de-privacidade","status":"publish","type":"page","link":"https:\/\/torresorthodontics.com\/pt-br\/politica-de-privacidade\/","title":{"rendered":"Pol\u00edtica de privacidade"},"content":{"rendered":"\t\t<div data-elementor-type=\"wp-page\" data-elementor-id=\"7201\" class=\"elementor elementor-7201 elementor-1388\" data-elementor-post-type=\"page\">\n\t\t\t\t\t\t<section data-particle_enable=\"false\" data-particle-mobile-disabled=\"false\" class=\"elementor-section elementor-top-section elementor-element elementor-element-19316291 elementor-section-boxed elementor-section-height-default elementor-section-height-default\" data-id=\"19316291\" data-element_type=\"section\" data-e-type=\"section\">\n\t\t\t\t\t\t<div class=\"elementor-container elementor-column-gap-default\">\n\t\t\t\t\t<div class=\"elementor-column elementor-col-100 elementor-top-column elementor-element elementor-element-63f4d83a\" data-id=\"63f4d83a\" data-element_type=\"column\" data-e-type=\"column\">\n\t\t\t<div class=\"elementor-widget-wrap elementor-element-populated\">\n\t\t\t\t\t\t<div class=\"elementor-element elementor-element-736a3e38 elementor-widget elementor-widget-text-editor\" data-id=\"736a3e38\" data-element_type=\"widget\" data-e-type=\"widget\" data-widget_type=\"text-editor.default\">\n\t\t\t\t<div class=\"elementor-widget-container\">\n\t\t\t\t\t\t\t\t\t<p>Este aviso descreve como as informa\u00e7\u00f5es m\u00e9dicas sobre voc\u00ea podem ser usadas e divulgadas e como voc\u00ea pode obter acesso a essas informa\u00e7\u00f5es. Por favor, leia-o com aten\u00e7\u00e3o. <\/p><h2><strong>Introdu\u00e7\u00e3o<\/strong><\/h2><p>Somos obrigados por lei a manter a privacidade das &#8220;informa\u00e7\u00f5es de sa\u00fade protegidas&#8221;. As &#8220;informa\u00e7\u00f5es de sa\u00fade protegidas&#8221; incluem qualquer informa\u00e7\u00e3o identific\u00e1vel que obtivermos de voc\u00ea ou de outras pessoas e que esteja relacionada \u00e0 sua sa\u00fade f\u00edsica ou mental, ao tratamento de sa\u00fade que voc\u00ea recebeu ou ao pagamento pelo seu tratamento de sa\u00fade.<\/p><p>Conforme exigido por lei, este aviso fornece a voc\u00ea informa\u00e7\u00f5es sobre seus direitos e nossos deveres legais e pr\u00e1ticas de privacidade com rela\u00e7\u00e3o \u00e0 privacidade de informa\u00e7\u00f5es de sa\u00fade protegidas. Este aviso tamb\u00e9m discute os usos e divulga\u00e7\u00f5es que faremos de suas informa\u00e7\u00f5es de sa\u00fade protegidas. Devemos cumprir as disposi\u00e7\u00f5es deste aviso, embora nos reservemos o direito de alterar os termos deste aviso periodicamente e de fazer com que o aviso revisado entre em vigor para todas as informa\u00e7\u00f5es de sa\u00fade protegidas que mantemos. Voc\u00ea sempre pode solicitar uma c\u00f3pia de nosso aviso de privacidade mais atual em nosso escrit\u00f3rio.   <\/p><h2><strong>Mensagens de texto<\/strong><\/h2><p>N\u00e3o compartilharemos sua op\u00e7\u00e3o de participar de uma campanha de SMS com terceiros para fins n\u00e3o relacionados ao fornecimento dos servi\u00e7os dessa campanha a voc\u00ea. Poderemos compartilhar seus Dados Pessoais, inclusive seu status de aceita\u00e7\u00e3o ou consentimento de SMS, com terceiros que nos ajudem a fornecer nossos servi\u00e7os de mensagens, inclusive, entre outros, provedores de plataforma, companhias telef\u00f4nicas e quaisquer outros fornecedores que nos auxiliem na entrega de mensagens de texto. Todas as categorias acima excluem os dados de aceita\u00e7\u00e3o e consentimento do originador da mensagem de texto; essas informa\u00e7\u00f5es n\u00e3o ser\u00e3o compartilhadas com terceiros.  <\/p><h2><strong>Usos e divulga\u00e7\u00f5es permitidos<\/strong><\/h2><p>Podemos usar ou divulgar suas informa\u00e7\u00f5es de sa\u00fade protegidas para fins de tratamento, pagamento e opera\u00e7\u00f5es de assist\u00eancia m\u00e9dica.<\/p><ul><li>Tratamento significa o fornecimento, a coordena\u00e7\u00e3o ou o gerenciamento do seu tratamento de sa\u00fade, incluindo consultas entre os prestadores de servi\u00e7os de sa\u00fade sobre o seu tratamento e encaminhamentos para tratamento de sa\u00fade de um prestador de servi\u00e7os de sa\u00fade para outro. Por exemplo, um m\u00e9dico que est\u00e1 tratando de uma perna quebrada pode precisar saber se voc\u00ea tem diabetes, pois o diabetes pode retardar o processo de cura. Portanto, o m\u00e9dico pode analisar seus registros m\u00e9dicos para avaliar se voc\u00ea tem condi\u00e7\u00f5es potencialmente complicadoras, como diabetes.  <\/li><li>Pagamento significa as atividades que realizamos para obter reembolso pelos cuidados de sa\u00fade prestados a voc\u00ea, incluindo determina\u00e7\u00f5es de elegibilidade e cobertura e outras atividades de revis\u00e3o de utiliza\u00e7\u00e3o. Por exemplo, antes de prestar servi\u00e7os de sa\u00fade, talvez precisemos fornecer \u00e0 sua operadora de seguro (ou a outro terceiro pagador) informa\u00e7\u00f5es sobre sua condi\u00e7\u00e3o m\u00e9dica para determinar se o curso de tratamento proposto ser\u00e1 coberto. Quando, posteriormente, cobrarmos a operadora ou outro terceiro pagador pelos servi\u00e7os prestados a voc\u00ea, poderemos fornecer \u00e0 operadora ou a outro terceiro pagador informa\u00e7\u00f5es sobre o seu tratamento, se necess\u00e1rio, para obter o pagamento.  <\/li><li>Opera\u00e7\u00f5es de Assist\u00eancia M\u00e9dica significam as fun\u00e7\u00f5es de suporte de nossa pr\u00e1tica relacionadas a tratamento e pagamento, como atividades de garantia de qualidade, gerenciamento de casos, recebimento e resposta a reclama\u00e7\u00f5es de pacientes, an\u00e1lises de m\u00e9dicos, programas de conformidade, auditorias, planejamento de neg\u00f3cios, desenvolvimento, gerenciamento e atividades administrativas. Por exemplo, podemos usar suas informa\u00e7\u00f5es m\u00e9dicas para avaliar o desempenho de nossa equipe no atendimento a voc\u00ea. Tamb\u00e9m podemos combinar informa\u00e7\u00f5es m\u00e9dicas sobre muitos pacientes para decidir quais servi\u00e7os n\u00e3o s\u00e3o necess\u00e1rios e se determinados tratamentos novos s\u00e3o eficazes.  <\/li><\/ul><h2><strong>Divulga\u00e7\u00f5es relacionadas a comunica\u00e7\u00f5es com voc\u00ea ou sua fam\u00edlia<\/strong><\/h2><p>Podemos entrar em contato com voc\u00ea para fornecer lembretes de consultas ou informa\u00e7\u00f5es sobre alternativas de tratamento ou outros benef\u00edcios e servi\u00e7os relacionados \u00e0 sa\u00fade que possam ser de seu interesse ou que estejam relacionados especificamente ao seu atendimento m\u00e9dico em nosso escrit\u00f3rio. Por exemplo, podemos deixar lembretes de consultas na sua secret\u00e1ria eletr\u00f4nica ou com um membro da fam\u00edlia ou outra pessoa que possa atender o telefone no n\u00famero que voc\u00ea nos forneceu para entrar em contato com voc\u00ea. <\/p><p>Podemos divulgar suas informa\u00e7\u00f5es de sa\u00fade protegidas para seus familiares ou amigos ou qualquer outro indiv\u00edduo identificado por voc\u00ea quando eles estiverem envolvidos no seu tratamento ou no pagamento do seu tratamento. Somente divulgaremos as informa\u00e7\u00f5es de sa\u00fade protegidas diretamente relevantes para o envolvimento deles no seu tratamento ou pagamento. Tamb\u00e9m poderemos usar ou divulgar suas informa\u00e7\u00f5es de sa\u00fade protegidas para notificar ou ajudar na notifica\u00e7\u00e3o de um membro da fam\u00edlia, um representante pessoal ou outra pessoa respons\u00e1vel por seus cuidados sobre sua localiza\u00e7\u00e3o, estado geral ou morte. Se voc\u00ea estiver dispon\u00edvel, daremos a voc\u00ea a oportunidade de se opor a essas divulga\u00e7\u00f5es, e n\u00e3o faremos essas divulga\u00e7\u00f5es se voc\u00ea se opuser. Se voc\u00ea n\u00e3o estiver dispon\u00edvel, determinaremos se a divulga\u00e7\u00e3o para sua fam\u00edlia ou amigos \u00e9 de seu interesse e divulgaremos apenas as informa\u00e7\u00f5es de sa\u00fade protegidas que sejam diretamente relevantes para o envolvimento deles em seus cuidados.    <\/p><p>Permitiremos que seus familiares e amigos ajam em seu nome para pegar receitas, suprimentos m\u00e9dicos, raios X e formas semelhantes de informa\u00e7\u00f5es de sa\u00fade protegidas, quando determinarmos, em nosso julgamento profissional, que \u00e9 do seu interesse fazer essas divulga\u00e7\u00f5es.<\/p><h2><strong>Outras situa\u00e7\u00f5es<\/strong><\/h2><p><strong><em>Doa\u00e7\u00e3o de \u00f3rg\u00e3os e tecidos.<\/em><\/strong>  Se voc\u00ea for um doador de \u00f3rg\u00e3os, poderemos divulgar informa\u00e7\u00f5es m\u00e9dicas para organiza\u00e7\u00f5es que lidam com a aquisi\u00e7\u00e3o de \u00f3rg\u00e3os ou transplante de \u00f3rg\u00e3os, olhos ou tecidos ou para um banco de doa\u00e7\u00e3o de \u00f3rg\u00e3os, conforme necess\u00e1rio para facilitar a doa\u00e7\u00e3o e o transplante de \u00f3rg\u00e3os ou tecidos.<\/p><p><strong><em>Militares e veteranos.<\/em><\/strong>  Se voc\u00ea for membro das For\u00e7as Armadas, poderemos divulgar informa\u00e7\u00f5es m\u00e9dicas sobre voc\u00ea conforme exigido pelas autoridades do comando militar. Tamb\u00e9m poderemos liberar informa\u00e7\u00f5es m\u00e9dicas sobre militares estrangeiros para a autoridade militar estrangeira apropriada. <\/p><p><strong><em>Riscos \u00e0 sa\u00fade p\u00fablica.<\/em><\/strong>  Poderemos divulgar informa\u00e7\u00f5es m\u00e9dicas sobre voc\u00ea para atividades de sa\u00fade p\u00fablica. Essas atividades geralmente incluem o seguinte: <\/p><ul><li>Para prevenir ou controlar doen\u00e7as, les\u00f5es ou defici\u00eancias<\/li><li>Para registrar nascimentos e mortes<\/li><li>Para denunciar v\u00edtimas de abuso, neglig\u00eancia ou viol\u00eancia dom\u00e9stica<\/li><li>Para relatar rea\u00e7\u00f5es a medicamentos<\/li><li>Para notificar as pessoas sobre produtos, recalls, reparos ou substitui\u00e7\u00f5es<\/li><li>Para notificar uma pessoa que pode ter sido exposta a uma doen\u00e7a ou que pode estar em risco de contrair ou disseminar uma doen\u00e7a ou condi\u00e7\u00e3o<\/li><\/ul><p><strong><em>Atividades de supervis\u00e3o de sa\u00fade.<\/em><\/strong>  Podemos divulgar informa\u00e7\u00f5es m\u00e9dicas a \u00f3rg\u00e3os federais ou estaduais que supervisionam nossas atividades. Essas atividades s\u00e3o necess\u00e1rias para que o governo monitore o sistema de sa\u00fade, os programas governamentais e a conformidade com as leis de direitos civis. Podemos divulgar informa\u00e7\u00f5es de sa\u00fade protegidas a pessoas sob a jurisdi\u00e7\u00e3o da Food and Drug Administration para rastrear produtos ou realizar vigil\u00e2ncia p\u00f3s-comercializa\u00e7\u00e3o.  <\/p><p><strong><em>A\u00e7\u00f5es judiciais e disputas.<\/em><\/strong>  Se voc\u00ea estiver envolvido em uma a\u00e7\u00e3o judicial ou disputa, poderemos divulgar informa\u00e7\u00f5es m\u00e9dicas sobre voc\u00ea em resposta a uma ordem judicial ou administrativa. Tamb\u00e9m poderemos divulgar informa\u00e7\u00f5es m\u00e9dicas sobre voc\u00ea em resposta a uma intima\u00e7\u00e3o, solicita\u00e7\u00e3o de descoberta ou outro processo legal de outra pessoa envolvida na disputa. <\/p><p><strong><em>Aplica\u00e7\u00e3o da lei.<\/em><\/strong>  Podemos divulgar informa\u00e7\u00f5es m\u00e9dicas se solicitado por um agente da lei:<\/p><ul><li>Em resposta a uma ordem judicial, intima\u00e7\u00e3o, mandado, cita\u00e7\u00e3o ou processo semelhante<\/li><li>Para identificar ou localizar um suspeito, fugitivo, testemunha material ou pessoa desaparecida<\/li><li>Sobre a v\u00edtima de um crime se, em determinadas circunst\u00e2ncias limitadas, n\u00e3o conseguirmos obter o consentimento da pessoa<\/li><li>Sobre uma morte que acreditamos ser resultado de uma conduta criminosa<\/li><li>Sobre conduta criminosa em nossas instala\u00e7\u00f5es<\/li><li>Em circunst\u00e2ncias de emerg\u00eancia, para denunciar um crime; a localiza\u00e7\u00e3o do crime ou das v\u00edtimas ou a identidade, descri\u00e7\u00e3o ou localiza\u00e7\u00e3o da pessoa que cometeu o crime<\/li><\/ul><p><strong><em>M\u00e9dicos legistas, examinadores m\u00e9dicos e diretores funer\u00e1rios.<\/em><\/strong>  Podemos liberar informa\u00e7\u00f5es m\u00e9dicas para um legista ou m\u00e9dico legista. Isso pode ser necess\u00e1rio, por exemplo, para identificar uma pessoa falecida ou determinar a causa da morte. Tamb\u00e9m podemos liberar informa\u00e7\u00f5es m\u00e9dicas sobre pacientes para agentes funer\u00e1rios, conforme necess\u00e1rio para o cumprimento de suas fun\u00e7\u00f5es.  <\/p><p><strong><em>Presos.<\/em><\/strong>  Se voc\u00ea for um detento de uma institui\u00e7\u00e3o correcional ou estiver sob a cust\u00f3dia de um agente da lei, poderemos liberar informa\u00e7\u00f5es m\u00e9dicas sobre voc\u00ea para a institui\u00e7\u00e3o correcional ou para o agente da lei. Essa libera\u00e7\u00e3o ser\u00e1 necess\u00e1ria para que a institui\u00e7\u00e3o forne\u00e7a assist\u00eancia m\u00e9dica a voc\u00ea, para proteger sua sa\u00fade e seguran\u00e7a ou a sa\u00fade e seguran\u00e7a de outras pessoas, ou para a seguran\u00e7a e prote\u00e7\u00e3o da institui\u00e7\u00e3o correcional. <\/p><p><strong><em>Amea\u00e7as graves.<\/em><\/strong>  Conforme permitido pela legisla\u00e7\u00e3o aplic\u00e1vel e pelos padr\u00f5es de conduta \u00e9tica, podemos usar e divulgar informa\u00e7\u00f5es de sa\u00fade protegidas se, de boa-f\u00e9, acreditarmos que o uso ou a divulga\u00e7\u00e3o \u00e9 necess\u00e1rio para evitar ou diminuir uma amea\u00e7a s\u00e9ria e iminente \u00e0 sa\u00fade ou \u00e0 seguran\u00e7a de uma pessoa ou do p\u00fablico.<\/p><p><strong><em>Ajuda em caso de desastres.<\/em><\/strong>  Quando permitido por lei, podemos coordenar nossos usos e divulga\u00e7\u00f5es de informa\u00e7\u00f5es de sa\u00fade protegidas com entidades p\u00fablicas ou privadas autorizadas por lei ou por alvar\u00e1 para auxiliar nos esfor\u00e7os de socorro em caso de desastre.<\/p><h2><strong>Seus direitos<\/strong><\/h2><p>1. Voc\u00ea tem o direito de solicitar restri\u00e7\u00f5es sobre nossos usos e divulga\u00e7\u00f5es de informa\u00e7\u00f5es de sa\u00fade protegidas para tratamento, pagamento e opera\u00e7\u00f5es de assist\u00eancia m\u00e9dica. Entretanto, n\u00e3o somos obrigados a concordar com a sua solicita\u00e7\u00e3o. <\/p><p>2. Voc\u00ea tem o direito de solicitar, de forma razo\u00e1vel, o recebimento de comunica\u00e7\u00f5es de informa\u00e7\u00f5es de sa\u00fade protegidas por meios alternativos ou em locais alternativos.<\/p><p>3. Sujeito ao pagamento de uma taxa de c\u00f3pia razo\u00e1vel, conforme previsto pela lei estadual, voc\u00ea tem o direito de inspecionar ou obter uma c\u00f3pia das informa\u00e7\u00f5es de sa\u00fade protegidas contidas em seus registros m\u00e9dicos e de faturamento e em quaisquer outros registros de pr\u00e1tica usados por n\u00f3s para tomar decis\u00f5es sobre voc\u00ea, exceto para:<\/p><ul><li>Anota\u00e7\u00f5es de psicoterapia, que s\u00e3o anota\u00e7\u00f5es registradas por um profissional de sa\u00fade mental que documentam ou analisam o conte\u00fado de uma conversa durante uma sess\u00e3o de aconselhamento particular ou uma sess\u00e3o de aconselhamento em grupo, conjunta ou familiar e que foram separadas do restante do seu prontu\u00e1rio m\u00e9dico<\/li><li>Informa\u00e7\u00f5es compiladas em uma antecipa\u00e7\u00e3o razo\u00e1vel de, ou para uso em, uma a\u00e7\u00e3o ou processo civil, criminal ou administrativo.<\/li><li>Informa\u00e7\u00f5es de sa\u00fade protegidas que envolvam exames laboratoriais quando o seu acesso for exigido por lei<\/li><li>Se voc\u00ea for um presidi\u00e1rio e a obten\u00e7\u00e3o dessas informa\u00e7\u00f5es colocar em risco a sua sa\u00fade, seguran\u00e7a, cust\u00f3dia ou reabilita\u00e7\u00e3o ou a de outros presidi\u00e1rios, ou a seguran\u00e7a de qualquer agente, funcion\u00e1rio ou outra pessoa na institui\u00e7\u00e3o correcional ou pessoa respons\u00e1vel por transport\u00e1-lo<\/li><li>Se obtivemos ou criamos informa\u00e7\u00f5es de sa\u00fade protegidas como parte de um estudo de pesquisa, enquanto a pesquisa estiver em andamento, desde que voc\u00ea tenha concordado com a nega\u00e7\u00e3o tempor\u00e1ria de acesso ao consentir em participar da pesquisa<\/li><li>Suas informa\u00e7\u00f5es de sa\u00fade protegidas est\u00e3o contidas em registros mantidos por uma ag\u00eancia federal ou contratada quando seu acesso \u00e9 exigido por lei<\/li><li>Se as informa\u00e7\u00f5es de sa\u00fade protegidas tiverem sido obtidas de outra pessoa que n\u00e3o n\u00f3s, sob promessa de confidencialidade, e o acesso solicitado tiver uma probabilidade razo\u00e1vel de revelar a fonte das informa\u00e7\u00f5es<\/li><\/ul><p><strong>Tamb\u00e9m poderemos negar uma solicita\u00e7\u00e3o de acesso a informa\u00e7\u00f5es de sa\u00fade protegidas se voc\u00ea<\/strong><\/p><ul><li>Um profissional de sa\u00fade licenciado determinou, no exerc\u00edcio de seu julgamento profissional, que o acesso solicitado tem probabilidade razo\u00e1vel de colocar em risco a sua vida ou seguran\u00e7a f\u00edsica ou a de outra pessoa<\/li><li>As informa\u00e7\u00f5es de sa\u00fade protegidas fazem refer\u00eancia a outra pessoa (a menos que essa outra pessoa seja um prestador de servi\u00e7os de sa\u00fade) e um profissional de sa\u00fade licenciado determinou, no exerc\u00edcio de seu julgamento profissional, que o acesso solicitado tem probabilidade razo\u00e1vel de causar danos substanciais a essa outra pessoa<\/li><li>A solicita\u00e7\u00e3o de acesso \u00e9 feita pelo representante pessoal do indiv\u00edduo e um profissional de sa\u00fade licenciado determinou, no exerc\u00edcio de seu julgamento profissional, que o fornecimento de acesso a esse representante pessoal tem probabilidade razo\u00e1vel de causar danos substanciais a voc\u00ea ou a outra pessoa<\/li><\/ul><p>Se negarmos uma solicita\u00e7\u00e3o de acesso por qualquer um dos tr\u00eas motivos descritos acima, voc\u00ea ter\u00e1 o direito de ter a nossa nega\u00e7\u00e3o analisada de acordo com as exig\u00eancias da lei aplic\u00e1vel.<\/p><p>4. Voc\u00ea tem o direito de solicitar uma corre\u00e7\u00e3o das suas informa\u00e7\u00f5es de sa\u00fade protegidas, mas poderemos negar sua solicita\u00e7\u00e3o de corre\u00e7\u00e3o se determinarmos que as informa\u00e7\u00f5es de sa\u00fade protegidas ou o registro que \u00e9 objeto da solicita\u00e7\u00e3o:<\/p><ul><li>N\u00e3o foram criadas por n\u00f3s, a menos que voc\u00ea forne\u00e7a uma base razo\u00e1vel para acreditar que o originador das informa\u00e7\u00f5es de sa\u00fade protegidas n\u00e3o est\u00e1 mais dispon\u00edvel para fazer a altera\u00e7\u00e3o solicitada<\/li><li>N\u00e3o faz parte de seus registros m\u00e9dicos ou de faturamento<\/li><li>N\u00e3o est\u00e1 dispon\u00edvel para inspe\u00e7\u00e3o conforme estabelecido acima<\/li><li>N\u00e3o \u00e9 preciso e completo<\/li><\/ul><p>Em qualquer caso, qualquer corre\u00e7\u00e3o acordada ser\u00e1 inclu\u00edda como um acr\u00e9scimo, e n\u00e3o uma substitui\u00e7\u00e3o, dos registros j\u00e1 existentes.<\/p><p>5. Voc\u00ea tem o direito de receber uma presta\u00e7\u00e3o de contas das divulga\u00e7\u00f5es de informa\u00e7\u00f5es de sa\u00fade protegidas feitas por n\u00f3s a indiv\u00edduos ou entidades que n\u00e3o sejam voc\u00ea durante o per\u00edodo previsto em lei, exceto no caso de divulga\u00e7\u00f5es:<\/p><ul><li>Para realizar tratamento, pagamento e opera\u00e7\u00f5es de assist\u00eancia m\u00e9dica, conforme previsto acima<\/li><li>Para pessoas envolvidas em seu tratamento ou para outros fins de notifica\u00e7\u00e3o, conforme previsto em lei<\/li><li>Para fins de seguran\u00e7a nacional ou intelig\u00eancia, conforme previsto em lei<\/li><li>Para institui\u00e7\u00f5es correcionais ou agentes da lei, conforme previsto em lei<\/li><li>Isso ocorreu antes de 14 de abril de 2003<\/li><li>Que, de outra forma, n\u00e3o s\u00e3o obrigados por lei a serem inclu\u00eddos na contabilidade<\/li><\/ul><p>6. Voc\u00ea tem o direito de solicitar e receber de n\u00f3s uma c\u00f3pia impressa deste aviso.<\/p><p>7. Os direitos acima podem ser exercidos somente por meio de comunica\u00e7\u00e3o por escrito conosco. Qualquer revoga\u00e7\u00e3o ou outra modifica\u00e7\u00e3o do consentimento deve ser feita por escrito e entregue a n\u00f3s. <\/p><h2><strong>Reclama\u00e7\u00f5es<\/strong><\/h2><p>Se voc\u00ea acredita que seus direitos de privacidade foram violados, deve entrar em contato imediatamente com nosso consult\u00f3rio ou com nosso Diretor de Privacidade. Todas as reclama\u00e7\u00f5es devem ser enviadas por escrito. N\u00e3o tomaremos nenhuma medida contra voc\u00ea por ter apresentado uma reclama\u00e7\u00e3o. Voc\u00ea tamb\u00e9m pode registrar uma reclama\u00e7\u00e3o junto \u00e0 Secretaria de Sa\u00fade e Servi\u00e7os Humanos.   <\/p>\t\t\t\t\t\t\t\t<\/div>\n\t\t\t\t<\/div>\n\t\t\t\t\t<\/div>\n\t\t<\/div>\n\t\t\t\t\t<\/div>\n\t\t<\/section>\n\t\t<div data-particle_enable=\"false\" data-particle-mobile-disabled=\"false\" class=\"elementor-element elementor-element-51918f2 e-flex e-con-boxed e-con e-parent\" data-id=\"51918f2\" data-element_type=\"container\" data-e-type=\"container\">\n\t\t\t\t\t<div class=\"e-con-inner\">\n\t\t<div data-particle_enable=\"false\" data-particle-mobile-disabled=\"false\" class=\"elementor-element elementor-element-24d5bca e-grid e-con-boxed e-con e-child\" data-id=\"24d5bca\" data-element_type=\"container\" data-e-type=\"container\">\n\t\t\t\t\t<div class=\"e-con-inner\">\n\t\t\t\t<div class=\"elementor-element elementor-element-57392dd elementor-widget elementor-widget-text-editor\" data-id=\"57392dd\" data-element_type=\"widget\" data-e-type=\"widget\" data-widget_type=\"text-editor.default\">\n\t\t\t\t<div class=\"elementor-widget-container\">\n\t\t\t\t\t\t\t\t\t<div class=\"elementor-element elementor-element-52d2702 elementor-widget elementor-widget-heading\" data-id=\"52d2702\" data-element_type=\"widget\" data-widget_type=\"heading.default\"><div class=\"elementor-widget-container\"><h4 class=\"elementor-heading-title elementor-size-default\">Escrit\u00f3rio de Tampa<br><br><\/h4><ul><li class=\"elementor-heading-title elementor-size-default\">10870 Sheldon Road, Tampa, FL 33626<\/li><li class=\"elementor-heading-title elementor-size-default\">(813) 920-7720<\/li><\/ul><\/div><\/div><div class=\"elementor-element elementor-element-661f928 elementor-list-item-link-inline elementor-align-center elementor-icon-list--layout-traditional elementor-widget elementor-widget-icon-list\" data-id=\"661f928\" data-element_type=\"widget\" data-widget_type=\"icon-list.default\"><div class=\"elementor-widget-container\"> <\/div><\/div>\t\t\t\t\t\t\t\t<\/div>\n\t\t\t\t<\/div>\n\t\t\t\t<div class=\"elementor-element elementor-element-40e0b62 elementor-widget elementor-widget-text-editor\" data-id=\"40e0b62\" data-element_type=\"widget\" data-e-type=\"widget\" data-widget_type=\"text-editor.default\">\n\t\t\t\t<div class=\"elementor-widget-container\">\n\t\t\t\t\t\t\t\t\t<div class=\"elementor-element elementor-element-4582d90 elementor-widget elementor-widget-heading\" data-id=\"4582d90\" data-element_type=\"widget\" data-widget_type=\"heading.default\"><div class=\"elementor-widget-container\"><h4 class=\"elementor-heading-title elementor-size-default\">Escrit\u00f3rio de Miami Lakes<br><br><\/h4><ul><li class=\"elementor-heading-title elementor-size-default\">16010 NW 57th Ave Suite 106, Miami Lakes, FL 33014<\/li><li class=\"elementor-heading-title elementor-size-default\">(786) 319-9057<\/li><\/ul><\/div><\/div>\t\t\t\t\t\t\t\t<\/div>\n\t\t\t\t<\/div>\n\t\t\t\t<div class=\"elementor-element elementor-element-2d4f77f elementor-widget elementor-widget-text-editor\" data-id=\"2d4f77f\" data-element_type=\"widget\" data-e-type=\"widget\" data-widget_type=\"text-editor.default\">\n\t\t\t\t<div class=\"elementor-widget-container\">\n\t\t\t\t\t\t\t\t\t<div class=\"elementor-element elementor-element-61d9b49 elementor-widget elementor-widget-heading\" data-id=\"61d9b49\" data-element_type=\"widget\" data-widget_type=\"heading.default\"><div class=\"elementor-widget-container\"><h4 class=\"elementor-heading-title elementor-size-default\">Escrit\u00f3rio de Boca Raton<br><br><\/h4><ul><li class=\"elementor-heading-title elementor-size-default\">1590 NW 10th Ave #302, Boca Raton, FL 33486<\/li><li class=\"elementor-heading-title elementor-size-default\">(561) 477-8100<\/li><\/ul><\/div><\/div>\t\t\t\t\t\t\t\t<\/div>\n\t\t\t\t<\/div>\n\t\t\t\t\t<\/div>\n\t\t\t\t<\/div>\n\t\t\t\t\t<\/div>\n\t\t\t\t<\/div>\n\t\t\t\t<\/div>\n\t\t","protected":false},"excerpt":{"rendered":"<p>Este aviso descreve como as informa\u00e7\u00f5es m\u00e9dicas sobre voc\u00ea podem ser usadas e divulgadas e como voc\u00ea pode obter acesso a essas informa\u00e7\u00f5es. Por favor, leia-o com aten\u00e7\u00e3o. Introdu\u00e7\u00e3o Somos obrigados por lei a manter a privacidade das &#8220;informa\u00e7\u00f5es de sa\u00fade protegidas&#8221;. As &#8220;informa\u00e7\u00f5es de sa\u00fade protegidas&#8221; incluem qualquer informa\u00e7\u00e3o identific\u00e1vel que obtivermos de voc\u00ea ou de outras [&hellip;]<\/p>\n","protected":false},"author":2,"featured_media":0,"parent":0,"menu_order":93,"comment_status":"closed","ping_status":"closed","template":"","meta":{"_seopress_robots_primary_cat":"","_seopress_titles_title":"Pol\u00edtica de privacidade da Torres Orthodontics em Tampa Miami Lakes FL","_seopress_titles_desc":"Este aviso descreve como as informa\u00e7\u00f5es m\u00e9dicas sobre voc\u00ea podem ser usadas na Torres Orthodontics em Tampa e Miami Lakes, FL.","_seopress_robots_index":"","footnotes":""},"class_list":["post-7201","page","type-page","status-publish"],"_links":{"self":[{"href":"https:\/\/torresorthodontics.com\/pt-br\/wp-json\/wp\/v2\/pages\/7201","targetHints":{"allow":["GET"]}}],"collection":[{"href":"https:\/\/torresorthodontics.com\/pt-br\/wp-json\/wp\/v2\/pages"}],"about":[{"href":"https:\/\/torresorthodontics.com\/pt-br\/wp-json\/wp\/v2\/types\/page"}],"author":[{"embeddable":true,"href":"https:\/\/torresorthodontics.com\/pt-br\/wp-json\/wp\/v2\/users\/2"}],"replies":[{"embeddable":true,"href":"https:\/\/torresorthodontics.com\/pt-br\/wp-json\/wp\/v2\/comments?post=7201"}],"version-history":[{"count":3,"href":"https:\/\/torresorthodontics.com\/pt-br\/wp-json\/wp\/v2\/pages\/7201\/revisions"}],"predecessor-version":[{"id":8542,"href":"https:\/\/torresorthodontics.com\/pt-br\/wp-json\/wp\/v2\/pages\/7201\/revisions\/8542"}],"wp:attachment":[{"href":"https:\/\/torresorthodontics.com\/pt-br\/wp-json\/wp\/v2\/media?parent=7201"}],"curies":[{"name":"wp","href":"https:\/\/api.w.org\/{rel}","templated":true}]}}