{"id":7237,"date":"2017-02-06T01:35:10","date_gmt":"2017-02-06T01:35:10","guid":{"rendered":"https:\/\/torresorthodontics.com\/retentores-ortodonticos\/"},"modified":"2025-05-20T17:27:11","modified_gmt":"2025-05-20T17:27:11","slug":"retentores-ortodonticos","status":"publish","type":"page","link":"https:\/\/torresorthodontics.com\/pt-br\/retentores-ortodonticos\/","title":{"rendered":"Retentores ortod\u00f4nticos"},"content":{"rendered":"\t\t<div data-elementor-type=\"wp-page\" data-elementor-id=\"7237\" class=\"elementor elementor-7237 elementor-42\" data-elementor-post-type=\"page\">\n\t\t\t\t\t\t<section data-particle_enable=\"false\" data-particle-mobile-disabled=\"false\" class=\"elementor-section elementor-top-section elementor-element elementor-element-64a401e1 elementor-section-boxed elementor-section-height-default elementor-section-height-default\" data-id=\"64a401e1\" data-element_type=\"section\" data-e-type=\"section\">\n\t\t\t\t\t\t<div class=\"elementor-container elementor-column-gap-default\">\n\t\t\t\t\t<div class=\"elementor-column elementor-col-100 elementor-top-column elementor-element elementor-element-6fe7d140\" data-id=\"6fe7d140\" data-element_type=\"column\" data-e-type=\"column\">\n\t\t\t<div class=\"elementor-widget-wrap elementor-element-populated\">\n\t\t\t\t\t\t<div class=\"elementor-element elementor-element-1d4493af elementor-widget elementor-widget-text-editor\" data-id=\"1d4493af\" data-element_type=\"widget\" data-e-type=\"widget\" data-widget_type=\"text-editor.default\">\n\t\t\t\t<div class=\"elementor-widget-container\">\n\t\t\t\t\t\t\t\t\t<p>Se voc\u00ea usar diligentemente seus aparelhos de conten\u00e7\u00e3o, os benef\u00edcios do tratamento ortod\u00f4ntico podem durar a vida toda. Na Torres Orthodontics, enfatizamos a import\u00e2ncia do uso do aparelho de conten\u00e7\u00e3o para garantir que seu sorriso permane\u00e7a bonito e reto por anos. A seguir, voc\u00ea encontrar\u00e1 as principais responsabilidades e diretrizes para os cuidados p\u00f3s-tratamento.  <\/p><h2>Responsabilidades do paciente ap\u00f3s o tratamento<\/h2><p>Depois que os aparelhos ortod\u00f4nticos ativos forem removidos, voc\u00ea receber\u00e1 retentores para estabilizar a corre\u00e7\u00e3o dent\u00e1ria. O osso e os tecidos moles que circundam os dentes levar\u00e3o v\u00e1rios meses para se solidificar, o que torna crucial que voc\u00ea use os aparelhos de conten\u00e7\u00e3o conforme as instru\u00e7\u00f5es. <\/p><p>Se voc\u00ea deixar de us\u00e1-los, poder\u00e1 ocorrer uma movimenta\u00e7\u00e3o indesej\u00e1vel dos dentes, o que pode exigir um novo tratamento.<\/p>\t\t\t\t\t\t\t\t<\/div>\n\t\t\t\t<\/div>\n\t\t\t\t\t<\/div>\n\t\t<\/div>\n\t\t\t\t\t<\/div>\n\t\t<\/section>\n\t\t\t\t<section data-particle_enable=\"false\" data-particle-mobile-disabled=\"false\" class=\"elementor-section elementor-top-section elementor-element elementor-element-39e2927 elementor-section-boxed elementor-section-height-default elementor-section-height-default\" data-id=\"39e2927\" data-element_type=\"section\" data-e-type=\"section\">\n\t\t\t\t\t\t<div class=\"elementor-container elementor-column-gap-default\">\n\t\t\t\t\t<div class=\"elementor-column elementor-col-100 elementor-top-column elementor-element elementor-element-0828f75\" data-id=\"0828f75\" data-element_type=\"column\" data-e-type=\"column\">\n\t\t\t<div class=\"elementor-widget-wrap elementor-element-populated\">\n\t\t\t\t\t\t<div class=\"elementor-element elementor-element-c6f48ab elementor-widget elementor-widget-video\" data-id=\"c6f48ab\" data-element_type=\"widget\" data-e-type=\"widget\" data-settings=\"{&quot;youtube_url&quot;:&quot;https:\\\/\\\/youtu.be\\\/5pl9vUFL6ZU&quot;,&quot;show_image_overlay&quot;:&quot;yes&quot;,&quot;image_overlay&quot;:{&quot;url&quot;:&quot;https:\\\/\\\/torresorthodontics.com\\\/wp-content\\\/uploads\\\/2018\\\/11\\\/AAO-Retainers.jpg&quot;,&quot;id&quot;:2938,&quot;size&quot;:&quot;&quot;,&quot;alt&quot;:&quot;&quot;,&quot;source&quot;:&quot;library&quot;},&quot;video_type&quot;:&quot;youtube&quot;,&quot;controls&quot;:&quot;yes&quot;}\" data-widget_type=\"video.default\">\n\t\t\t\t<div class=\"elementor-widget-container\">\n\t\t\t\t\t\t\t<div class=\"elementor-wrapper elementor-open-inline\">\n\t\t\t<div class=\"elementor-video\"><\/div>\t\t\t\t<div class=\"elementor-custom-embed-image-overlay\" style=\"background-image: url(https:\/\/torresorthodontics.com\/wp-content\/uploads\/2018\/11\/aao-retainers.jpg);\">\n\t\t\t\t\t\t\t\t\t\t\t\t\t\t<\/div>\n\t\t\t\t\t<\/div>\n\t\t\t\t\t\t<\/div>\n\t\t\t\t<\/div>\n\t\t\t\t\t<\/div>\n\t\t<\/div>\n\t\t\t\t\t<\/div>\n\t\t<\/section>\n\t\t\t\t<section data-particle_enable=\"false\" data-particle-mobile-disabled=\"false\" class=\"elementor-section elementor-top-section elementor-element elementor-element-0f2000d elementor-section-boxed elementor-section-height-default elementor-section-height-default\" data-id=\"0f2000d\" data-element_type=\"section\" data-e-type=\"section\">\n\t\t\t\t\t\t<div class=\"elementor-container elementor-column-gap-default\">\n\t\t\t\t\t<div class=\"elementor-column elementor-col-100 elementor-top-column elementor-element elementor-element-adc445c\" data-id=\"adc445c\" data-element_type=\"column\" data-e-type=\"column\">\n\t\t\t<div class=\"elementor-widget-wrap elementor-element-populated\">\n\t\t\t\t\t\t<div class=\"elementor-element elementor-element-1e195da elementor-widget elementor-widget-text-editor\" data-id=\"1e195da\" data-element_type=\"widget\" data-e-type=\"widget\" data-widget_type=\"text-editor.default\">\n\t\t\t\t<div class=\"elementor-widget-container\">\n\t\t\t\t\t\t\t\t\t<h2><strong>Tipos de retentores ortod\u00f4nticos<\/strong><\/h2><h3>Retentores remov\u00edveis<\/h3><p>Como os dentes podem se deslocar com o tempo, recomendamos que voc\u00ea use retentores indefinidamente. No in\u00edcio, \u00e9 melhor que voc\u00ea use os retentores o m\u00e1ximo poss\u00edvel durante o primeiro ano ap\u00f3s a remo\u00e7\u00e3o do aparelho. Depois disso, voc\u00ea pode passar a us\u00e1-los somente \u00e0 noite.  <\/p><p>\u00c9 importante que voc\u00ea fa\u00e7a check-ups regulares a cada seis a nove meses para monitorar seu progresso e receber as recomenda\u00e7\u00f5es necess\u00e1rias. \u00c0 medida que voc\u00ea envelhece, usar o aparelho de conten\u00e7\u00e3o uma noite por semana ajudar\u00e1 a manter o seu sorriso. <\/p>\t\t\t\t\t\t\t\t<\/div>\n\t\t\t\t<\/div>\n\t\t\t\t<section data-particle_enable=\"false\" data-particle-mobile-disabled=\"false\" class=\"elementor-section elementor-inner-section elementor-element elementor-element-2f437c8 elementor-section-boxed elementor-section-height-default elementor-section-height-default\" data-id=\"2f437c8\" data-element_type=\"section\" data-e-type=\"section\">\n\t\t\t\t\t\t<div class=\"elementor-container elementor-column-gap-default\">\n\t\t\t\t\t<div class=\"elementor-column elementor-col-50 elementor-inner-column elementor-element elementor-element-53a8473\" data-id=\"53a8473\" data-element_type=\"column\" data-e-type=\"column\">\n\t\t\t<div class=\"elementor-widget-wrap elementor-element-populated\">\n\t\t\t\t\t\t<div class=\"elementor-element elementor-element-18adb2c elementor-widget elementor-widget-heading\" data-id=\"18adb2c\" data-element_type=\"widget\" data-e-type=\"widget\" data-widget_type=\"heading.default\">\n\t\t\t\t<div class=\"elementor-widget-container\">\n\t\t\t\t\t<h4 class=\"elementor-heading-title elementor-size-default\">Retentor Hawley<\/h4>\t\t\t\t<\/div>\n\t\t\t\t<\/div>\n\t\t\t\t<div class=\"elementor-element elementor-element-8215de6 elementor-widget elementor-widget-text-editor\" data-id=\"8215de6\" data-element_type=\"widget\" data-e-type=\"widget\" data-widget_type=\"text-editor.default\">\n\t\t\t\t<div class=\"elementor-widget-container\">\n\t\t\t\t\t\t\t\t\t<p data-pm-slice=\"1 1 []\">Retentor tradicional feito de acr\u00edlico e fios de a\u00e7o inoxid\u00e1vel.<\/p><p data-pm-slice=\"1 1 []\"><picture class=\"aligncenter size-full wp-image-4568\"><source srcset=\"https:\/\/alexander.klsite.dev\/wp-content\/uploads\/2023\/02\/hawley-retainer-white-background-600px.jpg.webp 600w, https:\/\/alexander.klsite.dev\/wp-content\/uploads\/2023\/02\/hawley-retainer-white-background-600px-300x152.jpg.webp 300w\" type=\"image\/webp\" sizes=\"(max-width: 600px) 100vw, 600px\"><\/source><\/picture><\/p>\t\t\t\t\t\t\t\t<\/div>\n\t\t\t\t<\/div>\n\t\t\t\t<div class=\"elementor-element elementor-element-524f94a elementor-widget elementor-widget-image\" data-id=\"524f94a\" data-element_type=\"widget\" data-e-type=\"widget\" data-widget_type=\"image.default\">\n\t\t\t\t<div class=\"elementor-widget-container\">\n\t\t\t\t\t\t\t\t\t\t\t\t\t\t\t<img decoding=\"async\" src=\"https:\/\/torresorthodontics.com\/wp-content\/uploads\/2023\/03\/hawley-retainer-white-background-600px.jpg\" title=\"\" alt=\"\" loading=\"lazy\" \/>\t\t\t\t\t\t\t\t\t\t\t\t\t\t\t<\/div>\n\t\t\t\t<\/div>\n\t\t\t\t\t<\/div>\n\t\t<\/div>\n\t\t\t\t<div class=\"elementor-column elementor-col-50 elementor-inner-column elementor-element elementor-element-ffc3d05\" data-id=\"ffc3d05\" data-element_type=\"column\" data-e-type=\"column\">\n\t\t\t<div class=\"elementor-widget-wrap elementor-element-populated\">\n\t\t\t\t\t\t<div class=\"elementor-element elementor-element-ece7588 elementor-widget elementor-widget-heading\" data-id=\"ece7588\" data-element_type=\"widget\" data-e-type=\"widget\" data-widget_type=\"heading.default\">\n\t\t\t\t<div class=\"elementor-widget-container\">\n\t\t\t\t\t<h4 class=\"elementor-heading-title elementor-size-default\">Retentor transparente<\/h4>\t\t\t\t<\/div>\n\t\t\t\t<\/div>\n\t\t\t\t<div class=\"elementor-element elementor-element-a1834f6 elementor-widget elementor-widget-text-editor\" data-id=\"a1834f6\" data-element_type=\"widget\" data-e-type=\"widget\" data-widget_type=\"text-editor.default\">\n\t\t\t\t<div class=\"elementor-widget-container\">\n\t\t\t\t\t\t\t\t\t<p>Feito de pl\u00e1stico transparente, semelhante aos alinhadores transparentes.<\/p><p data-pm-slice=\"1 1 []\"><picture class=\"aligncenter size-full wp-image-4568\"><source srcset=\"https:\/\/alexander.klsite.dev\/wp-content\/uploads\/2023\/02\/hawley-retainer-white-background-600px.jpg.webp 600w, https:\/\/alexander.klsite.dev\/wp-content\/uploads\/2023\/02\/hawley-retainer-white-background-600px-300x152.jpg.webp 300w\" type=\"image\/webp\" sizes=\"(max-width: 600px) 100vw, 600px\"><\/source><\/picture><\/p>\t\t\t\t\t\t\t\t<\/div>\n\t\t\t\t<\/div>\n\t\t\t\t<div class=\"elementor-element elementor-element-54a5963 elementor-widget elementor-widget-image\" data-id=\"54a5963\" data-element_type=\"widget\" data-e-type=\"widget\" data-widget_type=\"image.default\">\n\t\t\t\t<div class=\"elementor-widget-container\">\n\t\t\t\t\t\t\t\t\t\t\t\t\t\t\t<img fetchpriority=\"high\" decoding=\"async\" width=\"600\" height=\"303\" src=\"https:\/\/torresorthodontics.com\/wp-content\/uploads\/2023\/03\/istock-1210031986-clear-retainer-essix-vivera-600px.jpg\" class=\"attachment-large size-large wp-image-4237\" alt=\"Retainer Torres Orthodontics in Tampa, Miami Lakes, and Boca Raton, FL\" srcset=\"https:\/\/torresorthodontics.com\/wp-content\/uploads\/2023\/03\/istock-1210031986-clear-retainer-essix-vivera-600px.jpg 600w, https:\/\/torresorthodontics.com\/wp-content\/uploads\/2023\/03\/istock-1210031986-clear-retainer-essix-vivera-600px-300x152.jpg 300w\" sizes=\"(max-width: 600px) 100vw, 600px\" \/>\t\t\t\t\t\t\t\t\t\t\t\t\t\t\t<\/div>\n\t\t\t\t<\/div>\n\t\t\t\t\t<\/div>\n\t\t<\/div>\n\t\t\t\t\t<\/div>\n\t\t<\/section>\n\t\t\t\t<div class=\"elementor-element elementor-element-b2f95a2 elementor-widget elementor-widget-text-editor\" data-id=\"b2f95a2\" data-element_type=\"widget\" data-e-type=\"widget\" data-widget_type=\"text-editor.default\">\n\t\t\t\t<div class=\"elementor-widget-container\">\n\t\t\t\t\t\t\t\t\t<h2>Retentores fixos (fio colado)<\/h2><p>Um retentor fixo \u00e9 um fio colado em seus dentes para mant\u00ea-los no lugar permanentemente. Esse fio deve permanecer indefinidamente, a menos que o dentista aconselhe o contr\u00e1rio devido a problemas gengivais ou \u00f3sseos. Se for removido, ele deve ser substitu\u00eddo por um retentor remov\u00edvel, usado conforme prescrito. O monitoramento regular durante os check-ups odontol\u00f3gicos \u00e9 essencial.   <\/p><p><img decoding=\"async\" class=\"size-medium wp-image-4236 aligncenter\" src=\"https:\/\/torresorthodontics.com\/wp-content\/uploads\/2023\/03\/istock-1204178247-fixed-retainer-600x400-1-300x200.jpg\" alt=\"\" width=\"300\" height=\"200\" srcset=\"https:\/\/torresorthodontics.com\/wp-content\/uploads\/2023\/03\/istock-1204178247-fixed-retainer-600x400-1-300x200.jpg 300w, https:\/\/torresorthodontics.com\/wp-content\/uploads\/2023\/03\/istock-1204178247-fixed-retainer-600x400-1.jpg 600w\" sizes=\"(max-width: 300px) 100vw, 300px\" \/><\/p><h2><br>Como cuidar de retentores remov\u00edveis<\/h2><ul><li><strong>Limpeza:<\/strong> Limpe seu retentor antes e depois do uso. A placa bacteriana tende a se fixar no material poroso, portanto, esfregue-o suavemente com uma escova de dentes e um sabonete l\u00edquido suave. Solu\u00e7\u00f5es para limpeza de dentaduras, como a Efferdent, tamb\u00e9m podem ajudar a remover a placa bacteriana e o t\u00e1rtaro. Enx\u00e1gue bem ap\u00f3s a limpeza.   <\/li><li><strong>Sensibilidade ao calor:<\/strong> Mantenha os retentores longe de aquecedores, m\u00e1quinas de lavar lou\u00e7a, pain\u00e9is de carro ou qualquer lugar onde a temperatura exceda 115 graus Fahrenheit.<\/li><li><strong>Armazenamento adequado:<\/strong> Sempre guarde o retentor no estojo quando n\u00e3o estiver em uso.<\/li><li><strong>Seguran\u00e7a de animais de estima\u00e7\u00e3o:<\/strong> Mantenha os retentores longe dos animais de estima\u00e7\u00e3o, pois eles podem mastig\u00e1-los.<\/li><li><strong>Substitui\u00e7\u00e3o:<\/strong> Os retentores precisam ser substitu\u00eddos periodicamente devido ao desgaste. Seu contrato de tratamento inclui um conjunto de retentores ap\u00f3s a remo\u00e7\u00e3o do aparelho. Se voc\u00ea perder ou danificar os retentores devido a neglig\u00eancia, ser\u00e1 cobrada uma taxa de substitui\u00e7\u00e3o. Entre em contato com nosso consult\u00f3rio imediatamente se seus retentores se soltarem ou quebrarem.   <\/li><\/ul><h3>H\u00e1bitos ou condi\u00e7\u00f5es que exigem uma reten\u00e7\u00e3o mais forte<\/h3><ul><li>Respira\u00e7\u00e3o pela boca<\/li><li>Cerrar e\/ou ranger os dentes (hiperatividade muscular)<\/li><li>Empurrar a l\u00edngua, postura baixa da l\u00edngua ou postura anormal da l\u00edngua<\/li><li>Tocando um instrumento musical com uma palheta<\/li><li>Chupar os l\u00e1bios<\/li><li>Morder caneta ou l\u00e1pis<\/li><li>Espa\u00e7amento entre os dentes antes do tratamento<\/li><li>Dentes com rota\u00e7\u00e3o severa<\/li><\/ul><p><em><strong>Nosso objetivo \u00e9 manter seu sorriso bonito e saud\u00e1vel por toda a vida, e sua coopera\u00e7\u00e3o \u00e9 fundamental para atingir essa meta.<\/strong><\/em><\/p>\t\t\t\t\t\t\t\t<\/div>\n\t\t\t\t<\/div>\n\t\t\t\t\t<\/div>\n\t\t<\/div>\n\t\t\t\t\t<\/div>\n\t\t<\/section>\n\t\t\t\t<\/div>\n\t\t","protected":false},"excerpt":{"rendered":"<p>Se voc\u00ea usar diligentemente seus aparelhos de conten\u00e7\u00e3o, os benef\u00edcios do tratamento ortod\u00f4ntico podem durar a vida toda. Na Torres Orthodontics, enfatizamos a import\u00e2ncia do uso do aparelho de conten\u00e7\u00e3o para garantir que seu sorriso permane\u00e7a bonito e reto por anos. A seguir, voc\u00ea encontrar\u00e1 as principais responsabilidades e diretrizes para os cuidados p\u00f3s-tratamento. Responsabilidades do paciente ap\u00f3s [&hellip;]<\/p>\n","protected":false},"author":2,"featured_media":0,"parent":0,"menu_order":73,"comment_status":"closed","ping_status":"closed","template":"","meta":{"_seopress_robots_primary_cat":"","_seopress_titles_title":"Retentores ortod\u00f4nticos Tampa Miami Lakes FL | Torres Orthodontics","_seopress_titles_desc":"Os retentores ortod\u00f4nticos estabilizam o tratamento ortod\u00f4ntico ap\u00f3s o tratamento na Torres Orthodontics em Tampa e Miami Lakes, FL.","_seopress_robots_index":"","footnotes":""},"class_list":["post-7237","page","type-page","status-publish"],"_links":{"self":[{"href":"https:\/\/torresorthodontics.com\/pt-br\/wp-json\/wp\/v2\/pages\/7237","targetHints":{"allow":["GET"]}}],"collection":[{"href":"https:\/\/torresorthodontics.com\/pt-br\/wp-json\/wp\/v2\/pages"}],"about":[{"href":"https:\/\/torresorthodontics.com\/pt-br\/wp-json\/wp\/v2\/types\/page"}],"author":[{"embeddable":true,"href":"https:\/\/torresorthodontics.com\/pt-br\/wp-json\/wp\/v2\/users\/2"}],"replies":[{"embeddable":true,"href":"https:\/\/torresorthodontics.com\/pt-br\/wp-json\/wp\/v2\/comments?post=7237"}],"version-history":[{"count":2,"href":"https:\/\/torresorthodontics.com\/pt-br\/wp-json\/wp\/v2\/pages\/7237\/revisions"}],"predecessor-version":[{"id":8518,"href":"https:\/\/torresorthodontics.com\/pt-br\/wp-json\/wp\/v2\/pages\/7237\/revisions\/8518"}],"wp:attachment":[{"href":"https:\/\/torresorthodontics.com\/pt-br\/wp-json\/wp\/v2\/media?parent=7237"}],"curies":[{"name":"wp","href":"https:\/\/api.w.org\/{rel}","templated":true}]}}