{"id":7240,"date":"2017-02-06T01:33:06","date_gmt":"2017-02-06T01:33:06","guid":{"rendered":"https:\/\/torresorthodontics.com\/ortodontia-precoce\/"},"modified":"2025-05-14T21:18:36","modified_gmt":"2025-05-14T21:18:36","slug":"ortodontia-precoce","status":"publish","type":"page","link":"https:\/\/torresorthodontics.com\/pt-br\/ortodontia-precoce\/","title":{"rendered":"Ortodontia precoce"},"content":{"rendered":"\t\t<div data-elementor-type=\"wp-page\" data-elementor-id=\"7240\" class=\"elementor elementor-7240 elementor-36\" data-elementor-post-type=\"page\">\n\t\t\t\t\t\t<section data-particle_enable=\"false\" data-particle-mobile-disabled=\"false\" class=\"elementor-section elementor-top-section elementor-element elementor-element-444ee7ad elementor-section-boxed elementor-section-height-default elementor-section-height-default\" data-id=\"444ee7ad\" data-element_type=\"section\" data-e-type=\"section\">\n\t\t\t\t\t\t<div class=\"elementor-container elementor-column-gap-default\">\n\t\t\t\t\t<div class=\"elementor-column elementor-col-100 elementor-top-column elementor-element elementor-element-dc59cc\" data-id=\"dc59cc\" data-element_type=\"column\" data-e-type=\"column\">\n\t\t\t<div class=\"elementor-widget-wrap elementor-element-populated\">\n\t\t\t\t\t\t<div class=\"elementor-element elementor-element-788fbfeb elementor-widget elementor-widget-text-editor\" data-id=\"788fbfeb\" data-element_type=\"widget\" data-e-type=\"widget\" data-widget_type=\"text-editor.default\">\n\t\t\t\t<div class=\"elementor-widget-container\">\n\t\t\t\t\t\t\t\t\t<h2>Quando uma crian\u00e7a deve visitar o ortodontista pela primeira vez?<\/h2><p>A Associa\u00e7\u00e3o Americana de Ortodontistas recomenda que as crian\u00e7as fa\u00e7am sua primeira triagem ortod\u00f4ntica aos 7 anos de idade. Isso permite que <a href=\"https:\/\/torresorthodontics.com\/doctors\/meet-dr-torres\/\">o Dr. Rodney Torres<\/a>, da Torres Orthodontics, avalie a necessidade de um futuro tratamento ortod\u00f4ntico e determine o momento ideal para ele. Muitos dentistas locais s\u00e3o treinados para identificar problemas ortod\u00f4nticos precoces e podem encaminhar as crian\u00e7as ao nosso consult\u00f3rio antes mesmo dos 7 anos de idade, caso surjam preocupa\u00e7\u00f5es.  <\/p><h2>Por que avaliar as crian\u00e7as em uma idade precoce?<\/h2><p>O diagn\u00f3stico e o tratamento precoces podem ser \u00fateis:<\/p><ul><li>Guiar <strong>os dentes em erup\u00e7\u00e3o<\/strong> para posi\u00e7\u00f5es melhores<\/li><li>Preservar <strong>o espa\u00e7o<\/strong> para a entrada dos dentes permanentes<\/li><li>Reduzir <strong>o risco de fratura de<\/strong> dentes anteriores protuberantes<\/li><\/ul><p>Se for necess\u00e1rio um tratamento precoce, o Dr. Torres poder\u00e1 orientar o crescimento da mand\u00edbula e a entrada dos dentes permanentes. A interven\u00e7\u00e3o precoce tamb\u00e9m pode: <\/p><ul><li>Regular a largura das arcadas dent\u00e1rias<\/li><li>Criar espa\u00e7o para os dentes permanentes<\/li><li>Evite a necessidade de extra\u00e7\u00f5es de dentes permanentes<\/li><li>Reduzir a probabilidade de dentes permanentes impactados<\/li><li>Corrigir h\u00e1bitos como chupar o dedo<\/li><li>Eliminar problemas anormais de degluti\u00e7\u00e3o ou fala<\/li><\/ul><p>O tratamento precoce pode simplificar o tratamento futuro ap\u00f3s a erup\u00e7\u00e3o de todos os dentes permanentes, promovendo melhor sa\u00fade e crescimento dent\u00e1rios.<\/p><h2>O tratamento precoce beneficia todas as crian\u00e7as?<\/h2><p>Nem todas as crian\u00e7as se beneficiam do tratamento precoce. Alguns problemas ortod\u00f4nticos s\u00e3o corrigidos de forma mais eficiente durante a adolesc\u00eancia, quando todos os dentes permanentes j\u00e1 tiverem irrompido. Certos problemas esquel\u00e9ticos devem ser tratados quando o crescimento estiver mais avan\u00e7ado.  <\/p>\t\t\t\t\t\t\t\t<\/div>\n\t\t\t\t<\/div>\n\t\t\t\t\t<\/div>\n\t\t<\/div>\n\t\t\t\t\t<\/div>\n\t\t<\/section>\n\t\t<div data-particle_enable=\"false\" data-particle-mobile-disabled=\"false\" class=\"elementor-element elementor-element-2bf227d e-flex e-con-boxed e-con e-parent\" data-id=\"2bf227d\" data-element_type=\"container\" data-e-type=\"container\">\n\t\t\t\t\t<div class=\"e-con-inner\">\n\t\t<div data-particle_enable=\"false\" data-particle-mobile-disabled=\"false\" class=\"elementor-element elementor-element-f52e258 e-con-full e-flex e-con e-child\" data-id=\"f52e258\" data-element_type=\"container\" data-e-type=\"container\">\n\t\t\t\t<div class=\"elementor-element elementor-element-9db14d6 elementor-widget elementor-widget-image\" data-id=\"9db14d6\" data-element_type=\"widget\" data-e-type=\"widget\" data-widget_type=\"image.default\">\n\t\t\t\t<div class=\"elementor-widget-container\">\n\t\t\t\t\t\t\t\t\t\t\t\t\t\t\t<img fetchpriority=\"high\" decoding=\"async\" width=\"768\" height=\"1024\" src=\"https:\/\/torresorthodontics.com\/wp-content\/uploads\/2024\/09\/early-treatment-768x1024.webp\" class=\"attachment-large size-large wp-image-7241\" alt=\"Early Treatment at Torres Orthodontics in Tampa and Miami Lakes, FL\" srcset=\"https:\/\/torresorthodontics.com\/wp-content\/uploads\/2024\/09\/early-treatment-768x1024.webp 768w, https:\/\/torresorthodontics.com\/wp-content\/uploads\/2024\/09\/early-treatment-225x300.webp 225w, https:\/\/torresorthodontics.com\/wp-content\/uploads\/2024\/09\/early-treatment.webp 1000w\" sizes=\"(max-width: 768px) 100vw, 768px\" \/>\t\t\t\t\t\t\t\t\t\t\t\t\t\t\t<\/div>\n\t\t\t\t<\/div>\n\t\t\t\t<\/div>\n\t\t<div data-particle_enable=\"false\" data-particle-mobile-disabled=\"false\" class=\"elementor-element elementor-element-e84c5ab e-con-full e-flex e-con e-child\" data-id=\"e84c5ab\" data-element_type=\"container\" data-e-type=\"container\">\n\t\t\t\t<div class=\"elementor-element elementor-element-a0063c1 elementor-widget elementor-widget-text-editor\" data-id=\"a0063c1\" data-element_type=\"widget\" data-e-type=\"widget\" data-widget_type=\"text-editor.default\">\n\t\t\t\t<div class=\"elementor-widget-container\">\n\t\t\t\t\t\t\t\t\t<h2>Participe do nosso clube 7&amp;UP!<\/h2><p>A Dra. Torres criar\u00e1 um plano de tratamento personalizado com base nas necessidades de cada crian\u00e7a. Se o tratamento precoce n\u00e3o for necess\u00e1rio, seu filho poder\u00e1 se associar ao nosso <strong>7&amp;UP Club<\/strong> gratuito, que n\u00e3o requer indica\u00e7\u00e3o. Essa associa\u00e7\u00e3o garante que seu filho receba consultas de observa\u00e7\u00e3o de acompanhamento gratuitas at\u00e9 que esteja pronto para o tratamento. Al\u00e9m disso, ele pode se divertir participando de pr\u00eamios e concursos especiais ao longo do caminho. No entanto, \u00e9 fundamental que voc\u00ea fa\u00e7a uma avalia\u00e7\u00e3o at\u00e9 os 7 anos de idade.    <\/p>\t\t\t\t\t\t\t\t<\/div>\n\t\t\t\t<\/div>\n\t\t\t\t<\/div>\n\t\t\t\t\t<\/div>\n\t\t\t\t<\/div>\n\t\t<div data-particle_enable=\"false\" data-particle-mobile-disabled=\"false\" class=\"elementor-element elementor-element-6b4df16 e-flex e-con-boxed e-con e-parent\" data-id=\"6b4df16\" data-element_type=\"container\" data-e-type=\"container\">\n\t\t\t\t\t<div class=\"e-con-inner\">\n\t\t\t\t<div class=\"elementor-element elementor-element-e2837da elementor-widget elementor-widget-text-editor\" data-id=\"e2837da\" data-element_type=\"widget\" data-e-type=\"widget\" data-widget_type=\"text-editor.default\">\n\t\t\t\t<div class=\"elementor-widget-container\">\n\t\t\t\t\t\t\t\t\t<h2>Benef\u00edcios adicionais do tratamento ortod\u00f4ntico<\/h2><p>Al\u00e9m de um sorriso bonito, o tratamento ortod\u00f4ntico pode ajudar voc\u00ea a ter um sorriso bonito:<\/p><ul><li>Melhorar a fun\u00e7\u00e3o de mordida<\/li><li>Aumenta a capacidade de limpeza dos dentes<\/li><li>Evitar o desgaste dos dentes<\/li><li>Aumentar a longevidade dos dentes naturais<\/li><\/ul><h2>O tratamento precoce evitar\u00e1 a necessidade de usar aparelho ortod\u00f4ntico mais tarde?<\/h2><p>O tratamento precoce pode resolver problemas significativos, prevenir problemas mais graves e simplificar o tratamento futuro. No entanto, como nem todos os dentes permanentes irromperam durante o tratamento precoce, o alinhamento final pode n\u00e3o estar completo. <\/p><p>Normalmente, uma fase abrangente mais curta (Fase II) com aparelho total durante a adolesc\u00eancia completa a corre\u00e7\u00e3o. Em alguns casos, n\u00e3o \u00e9 necess\u00e1rio nenhum tratamento adicional. <\/p><h2>Voc\u00ea ainda deve consultar o dentista da fam\u00edlia durante o tratamento ortod\u00f4ntico?<\/h2><p>Sim, check-ups e limpezas odontol\u00f3gicas regulares a cada 6 meses s\u00e3o cruciais durante o tratamento ortod\u00f4ntico. Os pacientes com aparelho ortod\u00f4ntico precisam se esfor\u00e7ar mais para manter a higiene bucal para garantir o mais alto n\u00edvel de sa\u00fade bucal. <\/p>\t\t\t\t\t\t\t\t<\/div>\n\t\t\t\t<\/div>\n\t\t\t\t\t<\/div>\n\t\t\t\t<\/div>\n\t\t\t\t<\/div>\n\t\t","protected":false},"excerpt":{"rendered":"<p>Quando uma crian\u00e7a deve visitar o ortodontista pela primeira vez? A Associa\u00e7\u00e3o Americana de Ortodontistas recomenda que as crian\u00e7as fa\u00e7am sua primeira triagem ortod\u00f4ntica aos 7 anos de idade. Isso permite que o Dr. Rodney Torres, da Torres Orthodontics, avalie a necessidade de um futuro tratamento ortod\u00f4ntico e determine o momento ideal para ele. Muitos dentistas locais s\u00e3o [&hellip;]<\/p>\n","protected":false},"author":2,"featured_media":0,"parent":0,"menu_order":55,"comment_status":"closed","ping_status":"closed","template":"","meta":{"_seopress_robots_primary_cat":"","_seopress_titles_title":"Tratamento ortod\u00f4ntico precoce Tampa Miami Lakes FL | Torres Orthodontics","_seopress_titles_desc":"O Dr. Rodney Torres, ortodontista certificado pelo conselho da Torres Orthodontics, oferece tratamento ortod\u00f4ntico precoce para crian\u00e7as em Tampa e Miami Lakes, Fl\u00f3rida.","_seopress_robots_index":"","footnotes":""},"class_list":["post-7240","page","type-page","status-publish"],"_links":{"self":[{"href":"https:\/\/torresorthodontics.com\/pt-br\/wp-json\/wp\/v2\/pages\/7240","targetHints":{"allow":["GET"]}}],"collection":[{"href":"https:\/\/torresorthodontics.com\/pt-br\/wp-json\/wp\/v2\/pages"}],"about":[{"href":"https:\/\/torresorthodontics.com\/pt-br\/wp-json\/wp\/v2\/types\/page"}],"author":[{"embeddable":true,"href":"https:\/\/torresorthodontics.com\/pt-br\/wp-json\/wp\/v2\/users\/2"}],"replies":[{"embeddable":true,"href":"https:\/\/torresorthodontics.com\/pt-br\/wp-json\/wp\/v2\/comments?post=7240"}],"version-history":[{"count":2,"href":"https:\/\/torresorthodontics.com\/pt-br\/wp-json\/wp\/v2\/pages\/7240\/revisions"}],"predecessor-version":[{"id":8441,"href":"https:\/\/torresorthodontics.com\/pt-br\/wp-json\/wp\/v2\/pages\/7240\/revisions\/8441"}],"wp:attachment":[{"href":"https:\/\/torresorthodontics.com\/pt-br\/wp-json\/wp\/v2\/media?parent=7240"}],"curies":[{"name":"wp","href":"https:\/\/api.w.org\/{rel}","templated":true}]}}