{"id":7362,"date":"2024-11-13T14:21:13","date_gmt":"2024-11-13T14:21:13","guid":{"rendered":"https:\/\/torresorthodontics.com\/nosso-blog\/"},"modified":"2024-12-16T19:57:34","modified_gmt":"2024-12-16T19:57:34","slug":"nosso-blog","status":"publish","type":"page","link":"https:\/\/torresorthodontics.com\/pt-br\/nosso-blog\/","title":{"rendered":"Nosso blog"},"content":{"rendered":"\t\t<div data-elementor-type=\"wp-page\" data-elementor-id=\"7362\" class=\"elementor elementor-7362 elementor-7359\" data-elementor-post-type=\"page\">\n\t\t\t\t<div data-particle_enable=\"false\" data-particle-mobile-disabled=\"false\" class=\"elementor-element elementor-element-ea52cd5 e-flex e-con-boxed e-con e-parent\" data-id=\"ea52cd5\" data-element_type=\"container\" data-e-type=\"container\">\n\t\t\t\t\t<div class=\"e-con-inner\">\n\t\t\t\t<div class=\"elementor-element elementor-element-991e48d elementor-grid-3 elementor-grid-tablet-2 elementor-grid-mobile-1 elementor-posts--thumbnail-top elementor-widget elementor-widget-posts\" data-id=\"991e48d\" data-element_type=\"widget\" data-e-type=\"widget\" data-settings=\"{&quot;classic_columns&quot;:&quot;3&quot;,&quot;classic_columns_tablet&quot;:&quot;2&quot;,&quot;classic_columns_mobile&quot;:&quot;1&quot;,&quot;classic_row_gap&quot;:{&quot;unit&quot;:&quot;px&quot;,&quot;size&quot;:35,&quot;sizes&quot;:[]},&quot;classic_row_gap_tablet&quot;:{&quot;unit&quot;:&quot;px&quot;,&quot;size&quot;:&quot;&quot;,&quot;sizes&quot;:[]},&quot;classic_row_gap_mobile&quot;:{&quot;unit&quot;:&quot;px&quot;,&quot;size&quot;:&quot;&quot;,&quot;sizes&quot;:[]}}\" data-widget_type=\"posts.classic\">\n\t\t\t\t<div class=\"elementor-widget-container\">\n\t\t\t\t\t\t\t<div class=\"elementor-posts-container elementor-posts elementor-posts--skin-classic elementor-grid\" role=\"list\">\n\t\t\t\t<article class=\"elementor-post elementor-grid-item post-10047 post type-post status-publish format-standard has-post-thumbnail category-ortodontia-para-adultos category-blog-pt-br\" role=\"listitem\">\n\t\t\t\t<a class=\"elementor-post__thumbnail__link\" href=\"https:\/\/torresorthodontics.com\/pt-br\/sou-muito-velho-para-usar-aparelho-ortodontico\/\" tabindex=\"-1\" >\n\t\t\t<div class=\"elementor-post__thumbnail\"><img fetchpriority=\"high\" decoding=\"async\" width=\"300\" height=\"200\" src=\"https:\/\/torresorthodontics.com\/wp-content\/uploads\/2026\/03\/am-old-braces-300x200.jpg\" class=\"attachment-medium size-medium wp-image-10039\" alt=\"Am I Too Old for Braces? Torres Orthodontics in Tampa and Miami Lakes, FL\" srcset=\"https:\/\/torresorthodontics.com\/wp-content\/uploads\/2026\/03\/am-old-braces-300x200.jpg 300w, https:\/\/torresorthodontics.com\/wp-content\/uploads\/2026\/03\/am-old-braces-1024x682.jpg 1024w, https:\/\/torresorthodontics.com\/wp-content\/uploads\/2026\/03\/am-old-braces-768x512.jpg 768w, https:\/\/torresorthodontics.com\/wp-content\/uploads\/2026\/03\/am-old-braces-1536x1023.jpg 1536w, https:\/\/torresorthodontics.com\/wp-content\/uploads\/2026\/03\/am-old-braces-2048x1364.jpg 2048w\" sizes=\"(max-width: 300px) 100vw, 300px\" \/><\/div>\n\t\t<\/a>\n\t\t\t\t<div class=\"elementor-post__text\">\n\t\t\t\t<h3 class=\"elementor-post__title\">\n\t\t\t<a href=\"https:\/\/torresorthodontics.com\/pt-br\/sou-muito-velho-para-usar-aparelho-ortodontico\/\" >\n\t\t\t\tSou muito velho para usar aparelho ortod\u00f4ntico?\t\t\t<\/a>\n\t\t<\/h3>\n\t\t\t\t<div class=\"elementor-post__meta-data\">\n\t\t\t\t\t<span class=\"elementor-post-date\">\n\t\t\t18 de mar\u00e7o de 2026\t\t<\/span>\n\t\t\t\t<span class=\"elementor-post-avatar\">\n\t\t\tNenhum coment\u00e1rio\t\t<\/span>\n\t\t\t\t<\/div>\n\t\t\t\t<div class=\"elementor-post__excerpt\">\n\t\t\t<p>Se voc\u00ea j\u00e1 se olhou no espelho e pensou: &#8220;Meus dentes mudaram&#8230; mas ser\u00e1 que estou velho demais para usar aparelho?&#8221;, voc\u00ea n\u00e3o est\u00e1 sozinho. A verdade \u00e9 que n\u00e3o h\u00e1 limite de idade para o tratamento ortod\u00f4ntico. Os dentes podem se mover em praticamente qualquer idade, desde que a gengiva e o osso de suporte estejam saud\u00e1veis.<\/p>\n\t\t<\/div>\n\t\t\n\t\t<a class=\"elementor-post__read-more\" href=\"https:\/\/torresorthodontics.com\/pt-br\/sou-muito-velho-para-usar-aparelho-ortodontico\/\" aria-label=\"Leia mais sobre Sou muito velho para usar aparelho ortod\u00f4ntico?\" tabindex=\"-1\" >\n\t\t\tLeia mais \"\t\t<\/a>\n\n\t\t\t\t<\/div>\n\t\t\t\t<\/article>\n\t\t\t\t<article class=\"elementor-post elementor-grid-item post-10022 post type-post status-publish format-standard has-post-thumbnail category-nao-categorizado\" role=\"listitem\">\n\t\t\t\t<a class=\"elementor-post__thumbnail__link\" href=\"https:\/\/torresorthodontics.com\/pt-br\/voce-pode-usar-o-invisalign-com-caries-ou-coroas\/\" tabindex=\"-1\" >\n\t\t\t<div class=\"elementor-post__thumbnail\"><img decoding=\"async\" width=\"300\" height=\"200\" src=\"https:\/\/torresorthodontics.com\/wp-content\/uploads\/2026\/03\/invisalign-crown-cavity-300x200.jpg\" class=\"attachment-medium size-medium wp-image-9988\" alt=\"Can You Get Invisalign With Cavities or Crowns?\" srcset=\"https:\/\/torresorthodontics.com\/wp-content\/uploads\/2026\/03\/invisalign-crown-cavity-300x200.jpg 300w, https:\/\/torresorthodontics.com\/wp-content\/uploads\/2026\/03\/invisalign-crown-cavity-1024x683.jpg 1024w, https:\/\/torresorthodontics.com\/wp-content\/uploads\/2026\/03\/invisalign-crown-cavity-768x512.jpg 768w, https:\/\/torresorthodontics.com\/wp-content\/uploads\/2026\/03\/invisalign-crown-cavity-1536x1024.jpg 1536w, https:\/\/torresorthodontics.com\/wp-content\/uploads\/2026\/03\/invisalign-crown-cavity-2048x1365.jpg 2048w\" sizes=\"(max-width: 300px) 100vw, 300px\" \/><\/div>\n\t\t<\/a>\n\t\t\t\t<div class=\"elementor-post__text\">\n\t\t\t\t<h3 class=\"elementor-post__title\">\n\t\t\t<a href=\"https:\/\/torresorthodontics.com\/pt-br\/voce-pode-usar-o-invisalign-com-caries-ou-coroas\/\" >\n\t\t\t\tVoc\u00ea pode usar o Invisalign com c\u00e1ries ou coroas?\t\t\t<\/a>\n\t\t<\/h3>\n\t\t\t\t<div class=\"elementor-post__meta-data\">\n\t\t\t\t\t<span class=\"elementor-post-date\">\n\t\t\t3 de mar\u00e7o de 2026\t\t<\/span>\n\t\t\t\t<span class=\"elementor-post-avatar\">\n\t\t\tNenhum coment\u00e1rio\t\t<\/span>\n\t\t\t\t<\/div>\n\t\t\t\t<div class=\"elementor-post__excerpt\">\n\t\t\t<p>Se voc\u00ea est\u00e1 pensando no Invisalign, mas lhe disseram que tem uma c\u00e1rie ou que j\u00e1 tem uma coroa, voc\u00ea n\u00e3o est\u00e1 sozinho. Muitos adolescentes e adultos querem dentes mais retos, mas tamb\u00e9m j\u00e1 t\u00eam um trabalho odontol\u00f3gico. A boa not\u00edcia \u00e9 que o Invisalign muitas vezes ainda \u00e9 poss\u00edvel. O segredo \u00e9 garantir que seus dentes e<\/p>\n\t\t<\/div>\n\t\t\n\t\t<a class=\"elementor-post__read-more\" href=\"https:\/\/torresorthodontics.com\/pt-br\/voce-pode-usar-o-invisalign-com-caries-ou-coroas\/\" aria-label=\"Leia mais sobre Voc\u00ea pode usar o Invisalign com c\u00e1ries ou coroas?\" tabindex=\"-1\" >\n\t\t\tLeia mais \"\t\t<\/a>\n\n\t\t\t\t<\/div>\n\t\t\t\t<\/article>\n\t\t\t\t<article class=\"elementor-post elementor-grid-item post-9938 post type-post status-publish format-standard has-post-thumbnail category-nao-categorizado\" role=\"listitem\">\n\t\t\t\t<a class=\"elementor-post__thumbnail__link\" href=\"https:\/\/torresorthodontics.com\/pt-br\/o-que-acontece-depois-que-voce-tira-o-aparelho\/\" tabindex=\"-1\" >\n\t\t\t<div class=\"elementor-post__thumbnail\"><img decoding=\"async\" width=\"300\" height=\"200\" src=\"https:\/\/torresorthodontics.com\/wp-content\/uploads\/2026\/02\/braces-came-off-300x200.jpg\" class=\"attachment-medium size-medium wp-image-9931\" alt=\"What Happens After Braces Come Off? Torres Orthodontics in Tampa and Miami Lakes, FL\" srcset=\"https:\/\/torresorthodontics.com\/wp-content\/uploads\/2026\/02\/braces-came-off-300x200.jpg 300w, https:\/\/torresorthodontics.com\/wp-content\/uploads\/2026\/02\/braces-came-off.jpg 724w\" sizes=\"(max-width: 300px) 100vw, 300px\" \/><\/div>\n\t\t<\/a>\n\t\t\t\t<div class=\"elementor-post__text\">\n\t\t\t\t<h3 class=\"elementor-post__title\">\n\t\t\t<a href=\"https:\/\/torresorthodontics.com\/pt-br\/o-que-acontece-depois-que-voce-tira-o-aparelho\/\" >\n\t\t\t\tO que acontece depois que voc\u00ea tira o aparelho?\t\t\t<\/a>\n\t\t<\/h3>\n\t\t\t\t<div class=\"elementor-post__meta-data\">\n\t\t\t\t\t<span class=\"elementor-post-date\">\n\t\t\t19 de fevereiro de 2026\t\t<\/span>\n\t\t\t\t<span class=\"elementor-post-avatar\">\n\t\t\tNenhum coment\u00e1rio\t\t<\/span>\n\t\t\t\t<\/div>\n\t\t\t\t<div class=\"elementor-post__excerpt\">\n\t\t\t<p>Tirar o aparelho \u00e9 um grande momento. Seus dentes parecem mais retos, seu sorriso parece novo e as fotos de repente se tornam muito mais divertidas. Mas o que muitas pessoas n\u00e3o percebem \u00e9 que as semanas e os meses ap\u00f3s a descolagem s\u00e3o quando os resultados precisam de mais prote\u00e7\u00e3o. O cuidado inteligente p\u00f3s-aparelho \u00e9 o que<\/p>\n\t\t<\/div>\n\t\t\n\t\t<a class=\"elementor-post__read-more\" href=\"https:\/\/torresorthodontics.com\/pt-br\/o-que-acontece-depois-que-voce-tira-o-aparelho\/\" aria-label=\"Leia mais sobre O que acontece depois que voc\u00ea tira o aparelho?\" tabindex=\"-1\" >\n\t\t\tLeia mais \"\t\t<\/a>\n\n\t\t\t\t<\/div>\n\t\t\t\t<\/article>\n\t\t\t\t<article class=\"elementor-post elementor-grid-item post-9899 post type-post status-publish format-standard has-post-thumbnail category-nao-categorizado\" role=\"listitem\">\n\t\t\t\t<a class=\"elementor-post__thumbnail__link\" href=\"https:\/\/torresorthodontics.com\/pt-br\/o-invisalign-e-mais-rapido-do-que-o-aparelho-ortodontico\/\" tabindex=\"-1\" >\n\t\t\t<div class=\"elementor-post__thumbnail\"><img loading=\"lazy\" decoding=\"async\" width=\"300\" height=\"200\" src=\"https:\/\/torresorthodontics.com\/wp-content\/uploads\/2026\/02\/invisalign-faster-braces-comparison-300x200.jpg\" class=\"attachment-medium size-medium wp-image-9890\" alt=\"Is Invisalign Faster Than Braces? Miami Lakes\" srcset=\"https:\/\/torresorthodontics.com\/wp-content\/uploads\/2026\/02\/invisalign-faster-braces-comparison-300x200.jpg 300w, https:\/\/torresorthodontics.com\/wp-content\/uploads\/2026\/02\/invisalign-faster-braces-comparison-1024x683.jpg 1024w, https:\/\/torresorthodontics.com\/wp-content\/uploads\/2026\/02\/invisalign-faster-braces-comparison-768x512.jpg 768w, https:\/\/torresorthodontics.com\/wp-content\/uploads\/2026\/02\/invisalign-faster-braces-comparison-1536x1024.jpg 1536w, https:\/\/torresorthodontics.com\/wp-content\/uploads\/2026\/02\/invisalign-faster-braces-comparison-2048x1365.jpg 2048w\" sizes=\"(max-width: 300px) 100vw, 300px\" \/><\/div>\n\t\t<\/a>\n\t\t\t\t<div class=\"elementor-post__text\">\n\t\t\t\t<h3 class=\"elementor-post__title\">\n\t\t\t<a href=\"https:\/\/torresorthodontics.com\/pt-br\/o-invisalign-e-mais-rapido-do-que-o-aparelho-ortodontico\/\" >\n\t\t\t\tO Invisalign \u00e9 mais r\u00e1pido do que o aparelho ortod\u00f4ntico?\t\t\t<\/a>\n\t\t<\/h3>\n\t\t\t\t<div class=\"elementor-post__meta-data\">\n\t\t\t\t\t<span class=\"elementor-post-date\">\n\t\t\t4 de fevereiro de 2026\t\t<\/span>\n\t\t\t\t<span class=\"elementor-post-avatar\">\n\t\t\tNenhum coment\u00e1rio\t\t<\/span>\n\t\t\t\t<\/div>\n\t\t\t\t<div class=\"elementor-post__excerpt\">\n\t\t\t<p>Se voc\u00ea estiver comparando alinhadores transparentes com aparelhos tradicionais, uma pergunta geralmente vem em primeiro lugar: O Invisalign me levar\u00e1 \u00e0 linha de chegada mais r\u00e1pido? A resposta honesta \u00e9: \u00e0s vezes, mas isso depende da sua mordida, dos seus objetivos e da consist\u00eancia com que voc\u00ea usa os alinhadores. A velocidade do Invisalign pode ser impressionante para<\/p>\n\t\t<\/div>\n\t\t\n\t\t<a class=\"elementor-post__read-more\" href=\"https:\/\/torresorthodontics.com\/pt-br\/o-invisalign-e-mais-rapido-do-que-o-aparelho-ortodontico\/\" aria-label=\"Leia mais sobre O Invisalign \u00e9 mais r\u00e1pido do que o aparelho ortod\u00f4ntico?\" tabindex=\"-1\" >\n\t\t\tLeia mais \"\t\t<\/a>\n\n\t\t\t\t<\/div>\n\t\t\t\t<\/article>\n\t\t\t\t<article class=\"elementor-post elementor-grid-item post-9852 post type-post status-publish format-standard has-post-thumbnail\" role=\"listitem\">\n\t\t\t\t<a class=\"elementor-post__thumbnail__link\" href=\"https:\/\/torresorthodontics.com\/pt-br\/com-que-idade-uma-crianca-deve-consultar-um-ortodontista\/\" tabindex=\"-1\" >\n\t\t\t<div class=\"elementor-post__thumbnail\"><img loading=\"lazy\" decoding=\"async\" width=\"300\" height=\"200\" src=\"https:\/\/torresorthodontics.com\/wp-content\/uploads\/2026\/01\/age-child-orthodontist-300x200.jpg\" class=\"attachment-medium size-medium wp-image-9841\" alt=\"What Age\" srcset=\"https:\/\/torresorthodontics.com\/wp-content\/uploads\/2026\/01\/age-child-orthodontist-300x200.jpg 300w, https:\/\/torresorthodontics.com\/wp-content\/uploads\/2026\/01\/age-child-orthodontist-1024x683.jpg 1024w, https:\/\/torresorthodontics.com\/wp-content\/uploads\/2026\/01\/age-child-orthodontist-768x512.jpg 768w, https:\/\/torresorthodontics.com\/wp-content\/uploads\/2026\/01\/age-child-orthodontist-1536x1024.jpg 1536w, https:\/\/torresorthodontics.com\/wp-content\/uploads\/2026\/01\/age-child-orthodontist-2048x1365.jpg 2048w\" sizes=\"(max-width: 300px) 100vw, 300px\" \/><\/div>\n\t\t<\/a>\n\t\t\t\t<div class=\"elementor-post__text\">\n\t\t\t\t<h3 class=\"elementor-post__title\">\n\t\t\t<a href=\"https:\/\/torresorthodontics.com\/pt-br\/com-que-idade-uma-crianca-deve-consultar-um-ortodontista\/\" >\n\t\t\t\tCom que idade uma crian\u00e7a deve consultar um ortodontista?\t\t\t<\/a>\n\t\t<\/h3>\n\t\t\t\t<div class=\"elementor-post__meta-data\">\n\t\t\t\t\t<span class=\"elementor-post-date\">\n\t\t\t19 de janeiro de 2026\t\t<\/span>\n\t\t\t\t<span class=\"elementor-post-avatar\">\n\t\t\tNenhum coment\u00e1rio\t\t<\/span>\n\t\t\t\t<\/div>\n\t\t\t\t<div class=\"elementor-post__excerpt\">\n\t\t\t<p>Se voc\u00ea \u00e9 pai ou m\u00e3e, \u00e9 normal se perguntar: Ser\u00e1 que realmente precisamos de um check-up ortod\u00f4ntico? A resposta curta \u00e9 sim, a maioria das crian\u00e7as se beneficia de uma avalia\u00e7\u00e3o precoce, mesmo que o aparelho esteja a anos de dist\u00e2ncia. Na ortodontia pedi\u00e1trica, o momento certo \u00e9 importante, pois alguns problemas s\u00e3o mais f\u00e1ceis de orientar<\/p>\n\t\t<\/div>\n\t\t\n\t\t<a class=\"elementor-post__read-more\" href=\"https:\/\/torresorthodontics.com\/pt-br\/com-que-idade-uma-crianca-deve-consultar-um-ortodontista\/\" aria-label=\"Leia mais sobre Com que idade uma crian\u00e7a deve consultar um ortodontista?\" tabindex=\"-1\" >\n\t\t\tLeia mais \"\t\t<\/a>\n\n\t\t\t\t<\/div>\n\t\t\t\t<\/article>\n\t\t\t\t<article class=\"elementor-post elementor-grid-item post-9812 post type-post status-publish format-standard has-post-thumbnail category-nao-categorizado\" role=\"listitem\">\n\t\t\t\t<a class=\"elementor-post__thumbnail__link\" href=\"https:\/\/torresorthodontics.com\/pt-br\/como-limpar-adequadamente-os-alinhadores-invisalign-para-as-bandejas-crystal-clear\/\" tabindex=\"-1\" >\n\t\t\t<div class=\"elementor-post__thumbnail\"><img loading=\"lazy\" decoding=\"async\" width=\"300\" height=\"200\" src=\"https:\/\/torresorthodontics.com\/wp-content\/uploads\/2026\/01\/invisalign-cleaning-300x200.jpg\" class=\"attachment-medium size-medium wp-image-9788\" alt=\"How to Clean Invisalign Aligners Properly for Crystal Clear Trays\" srcset=\"https:\/\/torresorthodontics.com\/wp-content\/uploads\/2026\/01\/invisalign-cleaning-300x200.jpg 300w, https:\/\/torresorthodontics.com\/wp-content\/uploads\/2026\/01\/invisalign-cleaning-1024x683.jpg 1024w, https:\/\/torresorthodontics.com\/wp-content\/uploads\/2026\/01\/invisalign-cleaning-768x512.jpg 768w, https:\/\/torresorthodontics.com\/wp-content\/uploads\/2026\/01\/invisalign-cleaning-1536x1024.jpg 1536w\" sizes=\"(max-width: 300px) 100vw, 300px\" \/><\/div>\n\t\t<\/a>\n\t\t\t\t<div class=\"elementor-post__text\">\n\t\t\t\t<h3 class=\"elementor-post__title\">\n\t\t\t<a href=\"https:\/\/torresorthodontics.com\/pt-br\/como-limpar-adequadamente-os-alinhadores-invisalign-para-as-bandejas-crystal-clear\/\" >\n\t\t\t\tComo limpar adequadamente os alinhadores Invisalign para as bandejas Crystal Clear\t\t\t<\/a>\n\t\t<\/h3>\n\t\t\t\t<div class=\"elementor-post__meta-data\">\n\t\t\t\t\t<span class=\"elementor-post-date\">\n\t\t\t2 de janeiro de 2026\t\t<\/span>\n\t\t\t\t<span class=\"elementor-post-avatar\">\n\t\t\tNenhum coment\u00e1rio\t\t<\/span>\n\t\t\t\t<\/div>\n\t\t\t\t<div class=\"elementor-post__excerpt\">\n\t\t\t<p>Se voc\u00ea est\u00e1 usando alinhadores transparentes (ou seu filho adolescente est\u00e1), voc\u00ea j\u00e1 sabe qual \u00e9 o objetivo: um sorriso confiante sem a apar\u00eancia de &#8220;boca de metal&#8221;. Mas aqui est\u00e1 o problema: A limpeza do Invisalign precisa ser consistente, ou as moldeiras podem ficar turvas, come\u00e7ar a cheirar mal e prender bact\u00e9rias nos dentes. A boa not\u00edcia?<\/p>\n\t\t<\/div>\n\t\t\n\t\t<a class=\"elementor-post__read-more\" href=\"https:\/\/torresorthodontics.com\/pt-br\/como-limpar-adequadamente-os-alinhadores-invisalign-para-as-bandejas-crystal-clear\/\" aria-label=\"Leia mais sobre Como limpar adequadamente os alinhadores Invisalign para as bandejas Crystal Clear\" tabindex=\"-1\" >\n\t\t\tLeia mais \"\t\t<\/a>\n\n\t\t\t\t<\/div>\n\t\t\t\t<\/article>\n\t\t\t\t<\/div>\n\t\t\n\t\t\t\t\t\t<\/div>\n\t\t\t\t<\/div>\n\t\t\t\t\t<\/div>\n\t\t\t\t<\/div>\n\t\t\t\t<\/div>\n\t\t","protected":false},"excerpt":{"rendered":"","protected":false},"author":1,"featured_media":0,"parent":0,"menu_order":13,"comment_status":"closed","ping_status":"closed","template":"","meta":{"_seopress_robots_primary_cat":"","_seopress_titles_title":"Nosso Blog | Torres Orthodontics Miami Lakes Boca Raton FL","_seopress_titles_desc":"Explore o blog da Torres Orthodontics em Miami Lakes e Boca Raton, FL, para obter informa\u00e7\u00f5es sobre cuidados ortod\u00f4nticos, tratamentos dent\u00e1rios e eventos interessantes em nosso consult\u00f3rio.","_seopress_robots_index":"","footnotes":""},"class_list":["post-7362","page","type-page","status-publish"],"_links":{"self":[{"href":"https:\/\/torresorthodontics.com\/pt-br\/wp-json\/wp\/v2\/pages\/7362","targetHints":{"allow":["GET"]}}],"collection":[{"href":"https:\/\/torresorthodontics.com\/pt-br\/wp-json\/wp\/v2\/pages"}],"about":[{"href":"https:\/\/torresorthodontics.com\/pt-br\/wp-json\/wp\/v2\/types\/page"}],"author":[{"embeddable":true,"href":"https:\/\/torresorthodontics.com\/pt-br\/wp-json\/wp\/v2\/users\/1"}],"replies":[{"embeddable":true,"href":"https:\/\/torresorthodontics.com\/pt-br\/wp-json\/wp\/v2\/comments?post=7362"}],"version-history":[{"count":1,"href":"https:\/\/torresorthodontics.com\/pt-br\/wp-json\/wp\/v2\/pages\/7362\/revisions"}],"predecessor-version":[{"id":7383,"href":"https:\/\/torresorthodontics.com\/pt-br\/wp-json\/wp\/v2\/pages\/7362\/revisions\/7383"}],"wp:attachment":[{"href":"https:\/\/torresorthodontics.com\/pt-br\/wp-json\/wp\/v2\/media?parent=7362"}],"curies":[{"name":"wp","href":"https:\/\/api.w.org\/{rel}","templated":true}]}}