{"id":8386,"date":"2025-05-12T15:47:44","date_gmt":"2025-05-12T15:47:44","guid":{"rendered":"https:\/\/torresorthodontics.com\/invisalign\/"},"modified":"2025-05-27T14:17:43","modified_gmt":"2025-05-27T14:17:43","slug":"invisalign","status":"publish","type":"page","link":"https:\/\/torresorthodontics.com\/pt-br\/invisalign\/","title":{"rendered":"Invisalign"},"content":{"rendered":"\t\t<div data-elementor-type=\"wp-page\" data-elementor-id=\"8386\" class=\"elementor elementor-8386 elementor-8368\" data-elementor-post-type=\"page\">\n\t\t\t\t<div data-particle_enable=\"false\" data-particle-mobile-disabled=\"false\" class=\"elementor-element elementor-element-69f2699 e-flex e-con-boxed e-con e-parent\" data-id=\"69f2699\" data-element_type=\"container\" data-e-type=\"container\">\n\t\t\t\t\t<div class=\"e-con-inner\">\n\t\t\t\t<div class=\"elementor-element elementor-element-a20de08 elementor-widget elementor-widget-heading\" data-id=\"a20de08\" data-element_type=\"widget\" data-e-type=\"widget\" data-widget_type=\"heading.default\">\n\t\t\t\t<div class=\"elementor-widget-container\">\n\t\t\t\t\t<h1 class=\"elementor-heading-title elementor-size-default\">Invisalign Clear Aligners em Tampa e Miami Lakes, FL<\/h1>\t\t\t\t<\/div>\n\t\t\t\t<\/div>\n\t\t\t\t<div class=\"elementor-element elementor-element-e26f719 elementor-widget elementor-widget-text-editor\" data-id=\"e26f719\" data-element_type=\"widget\" data-e-type=\"widget\" data-widget_type=\"text-editor.default\">\n\t\t\t\t<div class=\"elementor-widget-container\">\n\t\t\t\t\t\t\t\t\t<p data-pm-slice=\"1 1 []\">Na Torres Orthodontics, acreditamos que todos merecem sorrir com confian\u00e7a. Como um fornecedor confi\u00e1vel do Invisalign, <a href=\"https:\/\/torresorthodontics.com\/doctors\/meet-dr-torres\/\">o Dr. Rodney Torres<\/a> oferece uma maneira confort\u00e1vel e praticamente invis\u00edvel de endireitar os dentes para todas as idades sem o inc\u00f4modo dos <a href=\"https:\/\/torresorthodontics.com\/pt-br\/tipos-de-aparelhos-ortodonticos\/\">aparelhos met\u00e1licos<\/a> tradicionais. Nossa abordagem personalizada garante que cada paciente receba um plano de tratamento Invisalign personalizado, projetado para atingir suas metas exclusivas de sorriso.  <\/p><h2>O que torna os alinhadores transparentes Invisalign \u00fanicos?<\/h2><p>O Invisalign usa uma s\u00e9rie de alinhadores transparentes feitos sob medida para alinhar suavemente seus dentes. Ao contr\u00e1rio dos aparelhos tradicionais, os alinhadores Invisalign oferecem v\u00e1rios benef\u00edcios: <\/p><ul data-spread=\"false\"><li><p><strong>Praticamente invis\u00edvel:<\/strong> Os alinhadores claros e suaves combinam perfeitamente com seus dentes naturais.<\/p><\/li><li><p><strong>Design confort\u00e1vel:<\/strong> N\u00e3o h\u00e1 suportes ou fios de metal que causem irrita\u00e7\u00e3o.<\/p><\/li><li><p><strong>Conveni\u00eancia remov\u00edvel:<\/strong> Voc\u00ea pode retir\u00e1-los facilmente para comer, beber, escovar os dentes e usar o fio dental.<\/p><\/li><li><p><strong>Resultados eficientes:<\/strong> Muitos pacientes concluem o tratamento em cerca de um ano, dependendo de seu caso espec\u00edfico.<\/p><\/li><\/ul><p>Com a avan\u00e7ada tecnologia de imagens 3D, o Dr. Torres personaliza cada conjunto de alinhadores para um ajuste preciso e confort\u00e1vel, garantindo resultados eficazes e confi\u00e1veis.<\/p>\t\t\t\t\t\t\t\t<\/div>\n\t\t\t\t<\/div>\n\t\t\t\t<div class=\"elementor-element elementor-element-86d7a59 elementor-widget elementor-widget-video\" data-id=\"86d7a59\" data-element_type=\"widget\" data-e-type=\"widget\" data-settings=\"{&quot;youtube_url&quot;:&quot;https:\\\/\\\/youtu.be\\\/pOEk3Z0RbWE?feature=shared&quot;,&quot;video_type&quot;:&quot;youtube&quot;,&quot;controls&quot;:&quot;yes&quot;}\" data-widget_type=\"video.default\">\n\t\t\t\t<div class=\"elementor-widget-container\">\n\t\t\t\t\t\t\t<div class=\"elementor-wrapper elementor-open-inline\">\n\t\t\t<div class=\"elementor-video\"><\/div>\t\t<\/div>\n\t\t\t\t\t\t<\/div>\n\t\t\t\t<\/div>\n\t\t\t\t<div class=\"elementor-element elementor-element-fe66c72 elementor-widget elementor-widget-text-editor\" data-id=\"fe66c72\" data-element_type=\"widget\" data-e-type=\"widget\" data-widget_type=\"text-editor.default\">\n\t\t\t\t<div class=\"elementor-widget-container\">\n\t\t\t\t\t\t\t\t\t<h2>Entendendo o custo do Invisalign<\/h2><p>Investir no Invisalign \u00e9 um investimento em seu sorriso e em sua confian\u00e7a. Na Torres Orthodontics, oferecemos <a href=\"https:\/\/torresorthodontics.com\/pt-br\/seguro-e-financiamento\/\">op\u00e7\u00f5es de pagamento<\/a> flex\u00edveis para tornar sua jornada acess\u00edvel: <\/p><ul data-spread=\"false\"><li><p><strong>Baixo valor de entrada:<\/strong> Comece seu tratamento Invisalign com um custo inicial acess\u00edvel.<\/p><\/li><li><p><strong>Planos mensais flex\u00edveis:<\/strong> Op\u00e7\u00f5es de financiamento sem juros que se ajustam ao seu or\u00e7amento.<\/p><\/li><li><p><strong>Suporte de seguro:<\/strong> Nossa equipe ajudar\u00e1 voc\u00ea a maximizar seus benef\u00edcios odontol\u00f3gicos.<\/p><\/li><li><p><strong>Op\u00e7\u00f5es de FSA e HSA:<\/strong> Use contas de gastos flex\u00edveis ou contas de poupan\u00e7a de sa\u00fade para cobrir os custos do tratamento.<\/p><\/li><li><p><strong>Aceitamos os principais cart\u00f5es de cr\u00e9dito:<\/strong> Para maior comodidade.<\/p><\/li><\/ul><p>Temos o compromisso de ajudar voc\u00ea a encontrar o melhor plano de pagamento para atender \u00e0s suas necessidades financeiras.<\/p><h2>O que diferencia o Invisalign do aparelho ortod\u00f4ntico?<\/h2><p>Muitos pacientes preferem o Invisalign porque ele oferece benef\u00edcios exclusivos em compara\u00e7\u00e3o com os aparelhos tradicionais:<\/p><ul data-spread=\"false\"><li><p><strong>Apar\u00eancia discreta:<\/strong> Os alinhadores transparentes s\u00e3o quase invis\u00edveis, mantendo seu sorriso natural.<\/p><\/li><li><p><strong>Sem restri\u00e7\u00f5es alimentares:<\/strong> Coma seus alimentos favoritos sem se preocupar.<\/p><\/li><li><p><strong>Higiene bucal simples:<\/strong> Voc\u00ea pode escovar e usar o fio dental com facilidade, sem passar por braquetes ou fios.<\/p><\/li><li><p><strong>Menos visitas ao consult\u00f3rio:<\/strong> N\u00e3o h\u00e1 necessidade de consultas frequentes para o aperto.<\/p><\/li><li><p><strong>Conforto suave:<\/strong> Os alinhadores lisos s\u00e3o personalizados para um ajuste confort\u00e1vel e sem irrita\u00e7\u00e3o.<\/p><\/li><\/ul><p>O Invisalign \u00e9 a solu\u00e7\u00e3o perfeita para profissionais, estudantes e qualquer pessoa que esteja procurando uma maneira mais conveniente de obter um sorriso reto.<\/p><h2>Como funciona o tratamento ortod\u00f4ntico Invisalign<\/h2><p>Sua jornada com o Invisalign \u00e9 cuidadosamente planejada para garantir uma experi\u00eancia tranquila:<\/p><ol start=\"1\" data-spread=\"false\"><li><p><strong>Consulta inicial:<\/strong> O Dr. Torres avaliar\u00e1 seu sorriso, discutir\u00e1 seus objetivos e confirmar\u00e1 se o Invisalign \u00e9 adequado para voc\u00ea.<\/p><\/li><li><p><strong>Impress\u00f5es digitais:<\/strong> Usando imagens 3D avan\u00e7adas, criamos um plano de tratamento preciso que mostra o movimento dos dentes.<\/p><\/li><li><p><strong>Alinhadores personalizados:<\/strong> Voc\u00ea receber\u00e1 uma s\u00e9rie de alinhadores transparentes projetados para alinhar seus dentes.<\/p><\/li><li><p><strong>Use e substitua:<\/strong> Use cada conjunto por cerca de duas semanas antes de passar para o pr\u00f3ximo.<\/p><\/li><li><p><strong>Visitas regulares:<\/strong> Visitas peri\u00f3dicas garantem que voc\u00ea mantenha o progresso no caminho certo.<\/p><\/li><\/ol><p>Para obter melhores resultados, use os alinhadores por 22 horas por dia.<\/p><h2>Cuidando de seus alinhadores Invisalign<\/h2><p>A manuten\u00e7\u00e3o de seus alinhadores Invisalign \u00e9 f\u00e1cil com algumas etapas simples:<\/p><ul data-spread=\"false\"><li><p>Remova os alinhadores quando voc\u00ea comer ou beber qualquer coisa que n\u00e3o seja \u00e1gua.<\/p><\/li><li><p>Escove e use fio dental ap\u00f3s as refei\u00e7\u00f5es antes de reinserir os alinhadores.<\/p><\/li><li><p>Limpe os alinhadores diariamente com \u00e1gua morna e um produto de limpeza suave.<\/p><\/li><li><p>Guarde os alinhadores em seu estojo protetor quando n\u00e3o estiverem em uso.<\/p><\/li><\/ul><p>Ap\u00f3s a conclus\u00e3o do tratamento, um aparelho de conten\u00e7\u00e3o ajudar\u00e1 a manter o alinhamento do seu sorriso.<\/p><h2 data-start=\"27\" data-end=\"83\">Voc\u00ea est\u00e1 pronto para sua consulta com o ortodontista Invisalign?<\/h2><p>Voc\u00ea est\u00e1 pronto para transformar seu sorriso? Agende sua <a href=\"https:\/\/torresorthodontics.com\/pt-br\/agendar-uma-consulta\/\">consulta gratuita<\/a> na Torres Orthodontics em <a href=\"https:\/\/torresorthodontics.com\/pt-br\/localizacao-em-tampa\/\">Tampa<\/a>, <a href=\"https:\/\/torresorthodontics.com\/pt-br\/localizacao-em-miami-lakes\/\">Miami Lakes<\/a> ou <a href=\"https:\/\/torresorthodontics.com\/pt-br\/localizacao-em-boca-raton\/\">Boca Raton<\/a>. Nossa simp\u00e1tica equipe est\u00e1 aqui para orient\u00e1-lo, seja voc\u00ea um adulto, um adolescente ou um pai que est\u00e1 explorando o Invisalign para seu filho.  <\/p>\t\t\t\t\t\t\t\t<\/div>\n\t\t\t\t<\/div>\n\t\t\t\t\t<\/div>\n\t\t\t\t<\/div>\n\t\t\t\t<\/div>\n\t\t","protected":false},"excerpt":{"rendered":"<p>Invisalign Clear Aligners em Tampa e Miami Lakes, FL Na Torres Orthodontics, acreditamos que todos merecem sorrir com confian\u00e7a. Como um fornecedor confi\u00e1vel do Invisalign, o Dr. Rodney Torres oferece uma maneira confort\u00e1vel e praticamente invis\u00edvel de endireitar os dentes para todas as idades sem o inc\u00f4modo dos aparelhos met\u00e1licos tradicionais. Nossa abordagem personalizada garante que cada paciente [&hellip;]<\/p>\n","protected":false},"author":2,"featured_media":0,"parent":0,"menu_order":7,"comment_status":"closed","ping_status":"closed","template":"","meta":{"_seopress_robots_primary_cat":"","_seopress_titles_title":"Invisalign Tampa Miami Lakes FL Clear Aligners | Torres Orthodontics","_seopress_titles_desc":"O tratamento ortod\u00f4ntico com alinhadores transparentes Invisalign, oferecido pelo Dr. Rodney Torres, explica o custo e os benef\u00edcios do Invisalign e como ele se compara ao Invisalign versus aparelho ortod\u00f4ntico.","_seopress_robots_index":"","footnotes":""},"class_list":["post-8386","page","type-page","status-publish"],"_links":{"self":[{"href":"https:\/\/torresorthodontics.com\/pt-br\/wp-json\/wp\/v2\/pages\/8386","targetHints":{"allow":["GET"]}}],"collection":[{"href":"https:\/\/torresorthodontics.com\/pt-br\/wp-json\/wp\/v2\/pages"}],"about":[{"href":"https:\/\/torresorthodontics.com\/pt-br\/wp-json\/wp\/v2\/types\/page"}],"author":[{"embeddable":true,"href":"https:\/\/torresorthodontics.com\/pt-br\/wp-json\/wp\/v2\/users\/2"}],"replies":[{"embeddable":true,"href":"https:\/\/torresorthodontics.com\/pt-br\/wp-json\/wp\/v2\/comments?post=8386"}],"version-history":[{"count":5,"href":"https:\/\/torresorthodontics.com\/pt-br\/wp-json\/wp\/v2\/pages\/8386\/revisions"}],"predecessor-version":[{"id":8577,"href":"https:\/\/torresorthodontics.com\/pt-br\/wp-json\/wp\/v2\/pages\/8386\/revisions\/8577"}],"wp:attachment":[{"href":"https:\/\/torresorthodontics.com\/pt-br\/wp-json\/wp\/v2\/media?parent=8386"}],"curies":[{"name":"wp","href":"https:\/\/api.w.org\/{rel}","templated":true}]}}